{"id":13410,"date":"2022-02-18T08:38:58","date_gmt":"2022-02-18T08:38:58","guid":{"rendered":"http:\/\/www.tktk.ee\/research-and-innovation\/testing-and-laboratories\/institute-of-technology\/robootikalabor\/"},"modified":"2022-03-18T13:56:49","modified_gmt":"2022-03-18T13:56:49","slug":"robotics-laboratory","status":"publish","type":"page","link":"https:\/\/www.tktk.ee\/en\/research-and-innovation\/testing-and-laboratories\/institute-of-technology\/robotics-laboratory\/","title":{"rendered":"Robotics Laboratory"},"content":{"rendered":"\n<figure class=\"wp-block-embed is-type-rich is-provider-uhendusliides wp-block-embed-uhendusliides wp-embed-aspect-16-9 wp-has-aspect-ratio\"><div class=\"wp-block-embed__wrapper\">\n<iframe title=\"T\u00f6\u00f6stus 4 0 labor Tallinna Tehnikak\u00f5rgkoolis\" width=\"800\" height=\"450\" src=\"https:\/\/www.youtube.com\/embed\/n3KOiXSoVEs?feature=oembed\" frameborder=\"0\" allow=\"accelerometer; autoplay; clipboard-write; encrypted-media; gyroscope; picture-in-picture\" allowfullscreen><\/iframe>\n<\/div><\/figure>\n\n\n\n<p>The robotics lab at TTK UAS is unique in Estonia. The lab makes it possible to perform the production processes of a fully automated factory and train future industry leaders and production engineers.<\/p>\n\n\n\n<p>The study lab is equipped with industrial robots that cooperate with each other. This enables to set the lab up as a miniature factory where the production is 100% automated and robotized. The lab permits modeling real-life situations by adding new robots, modifying the processes, or adding new links to the production cycle by making the robots interact with each other.<\/p>\n\n\n\n<p>Besides educating students of the robotics curriculum, we additionally offer in-house training for production managers and planners.<\/p>\n\n\n\n<p>Visits to the lab can be organized with the previous registration.<\/p>\n\n\n\n\n\n<figure class=\"wp-block-image size-full\"><img fetchpriority=\"high\" decoding=\"async\" width=\"624\" height=\"416\" src=\"http:\/\/www.tktk.ee\/wp-content\/uploads\/2022\/03\/robootikalabor1.jpeg\" alt=\"\" class=\"wp-image-15766\" srcset=\"https:\/\/www.tktk.ee\/wp-content\/uploads\/2022\/03\/robootikalabor1.jpeg 624w, https:\/\/www.tktk.ee\/wp-content\/uploads\/2022\/03\/robootikalabor1-300x200.jpeg 300w\" sizes=\"(max-width: 624px) 100vw, 624px\" \/><\/figure>\n\n\n\n<h3 class=\"wp-block-heading\">Contact:<\/h3>\n\n\n\n<figure class=\"wp-block-image size-full\"><img decoding=\"async\" width=\"624\" height=\"416\" src=\"http:\/\/www.tktk.ee\/wp-content\/uploads\/2022\/03\/robootikalabor2.jpeg\" alt=\"\" class=\"wp-image-15768\" srcset=\"https:\/\/www.tktk.ee\/wp-content\/uploads\/2022\/03\/robootikalabor2.jpeg 624w, https:\/\/www.tktk.ee\/wp-content\/uploads\/2022\/03\/robootikalabor2-300x200.jpeg 300w\" sizes=\"(max-width: 624px) 100vw, 624px\" \/><\/figure>\n\n\n    <div class=\"nbl-contacts-container \">\n\t\t\t\t\t<div class=\"nbl-contact-card\">\n\t\t\t\t\t\t\t\t\t<div class=\"contact-visual contact-cards-upper-line \"><\/div>\n\t\t\t\t\t\t\t\t<div class=\"main\">\n\t\t\t\t\t\n\t\t\t\t\t<div class=\"col\">\n\t\t\t\t\t\t<span class=\"contacts-name\">Kristo Vaher<\/span>\n\t\t\t\t\t<\/div>\n\n\t\t\t\t\t<div class=\"col\">\n\t\t\t\t\t\t<span class=\"margin-bottom-after-occupation\">Leading Lecturer, Curriculum Coordinator of Robotics Engineering<\/span>\t\t\t\t\t<\/div>\n\n\t\t\t\t\t<div class=\"col\">\n\t\t\t\t\t\t\t\t\t\t\t\t\t\t<span>\n\t\t\t\t\t\t\t\t\t<div class=\"i-wrap\">\n\t\t\t\t\t\t\t\t\t\t<img decoding=\"async\" src=\"\/wp-content\/uploads\/2022\/08\/Icon-ionic-md-mail-open.svg\" alt=\"Email\" aria-hidden=\"true\"\/>\n\t\t\t\t\t\t\t\t\t<\/div>\n\t\t\t\t\t\t\t\t\t<a href=\"mailto:kristo.vaher@tktk.ee\">kristo.vaher@tktk.ee<\/a>\n\t\t\t\t\t\t\t\t<\/span>\n\t\t\t\t\t\t\t\n\t\t\t\t\t\t\n\t\t\t\t\t\t\t\t\t\t\t\t\t<span>\n\t\t\t\t\t\t\t\t<div class=\"i-wrap\">\n\t\t\t\t\t\t\t\t\t<img decoding=\"async\" src=\"\/wp-content\/uploads\/2022\/08\/Icon-material-room.svg\" alt=\"Location\" aria-hidden=\"true\"\/>\n\t\t\t\t\t\t\t\t<\/div>\n\t\t\t\t\t\t\t\tTLN-B213\t\t\t\t\t\t\t<\/span>\n\t\t\t\t\t\t\n\t\t\t\t\t\t\t\t\t\t\t\t\t<span>\n\t\t\t\t\t\t\t\t<div class=\"i-wrap\">\n\t\t\t\t\t\t\t\t\t<div style=\"width:15px;\"><\/div>\n\t\t\t\t\t\t\t\t<\/div>\n\t\t\t\t\t\t\t\t<a href=\"https:\/\/www.etis.ee\/CV\/Kristo_Vaher\/est\">CV-ETIS<\/a>\n\t\t\t\t\t\t\t<\/span>\n\t\t\t\t\t\t\t\t\t\t\t<\/div>\n\t\t\t\t\t\n\t\t\t\t<\/div>\n\t\t\t\t\n\t\t\t<\/div>\n\t\t    <\/div>\n","protected":false},"excerpt":{"rendered":"<p>The robotics lab at TTK UAS is unique in Estonia. The lab makes it possible to perform the production processes of a fully automated factory and train future industry leaders and production engineers. The study lab is equipped with industrial robots that cooperate with each other. This enables to set the lab up as a [&hellip;]<\/p>\n","protected":false},"author":3,"featured_media":0,"parent":13386,"menu_order":0,"comment_status":"closed","ping_status":"closed","template":"","meta":{"_acf_changed":false,"inline_featured_image":false,"footnotes":""},"h_menuu_susteem":[442],"class_list":["post-13410","page","type-page","status-publish","hentry","h_menuu_susteem-kuvab-naaberlehti-en"],"acf":[],"yoast_head":"<!-- This site is optimized with the Yoast SEO plugin v27.4 - https:\/\/yoast.com\/product\/yoast-seo-wordpress\/ -->\n<title>Robotics Laboratory - Tallinna Tehnikak\u00f5rgkool<\/title>\n<meta name=\"robots\" content=\"index, follow, max-snippet:-1, max-image-preview:large, max-video-preview:-1\" \/>\n<link rel=\"canonical\" href=\"https:\/\/www.tktk.ee\/en\/research-and-innovation\/testing-and-laboratories\/institute-of-technology\/robotics-laboratory\/\" \/>\n<meta property=\"og:locale\" content=\"en_US\" \/>\n<meta property=\"og:type\" content=\"article\" \/>\n<meta property=\"og:title\" content=\"Robotics Laboratory - Tallinna Tehnikak\u00f5rgkool\" \/>\n<meta property=\"og:description\" content=\"The robotics lab at TTK UAS is unique in Estonia. The lab makes it possible to perform the production processes of a fully automated factory and train future industry leaders and production engineers. The study lab is equipped with industrial robots that cooperate with each other. This enables to set the lab up as a [&hellip;]\" \/>\n<meta property=\"og:url\" content=\"https:\/\/www.tktk.ee\/en\/research-and-innovation\/testing-and-laboratories\/institute-of-technology\/robotics-laboratory\/\" \/>\n<meta property=\"og:site_name\" content=\"Tallinna Tehnikak\u00f5rgkool\" \/>\n<meta property=\"article:modified_time\" content=\"2022-03-18T13:56:49+00:00\" \/>\n<meta property=\"og:image\" content=\"http:\/\/www.tktk.ee\/wp-content\/uploads\/2022\/03\/robootikalabor1.jpeg\" \/>\n<meta name=\"twitter:card\" content=\"summary_large_image\" \/>\n<meta name=\"twitter:label1\" content=\"Est. reading time\" \/>\n\t<meta name=\"twitter:data1\" content=\"2 minutes\" \/>\n<script type=\"application\/ld+json\" class=\"yoast-schema-graph\">{\"@context\":\"https:\\\/\\\/schema.org\",\"@graph\":[{\"@type\":\"WebPage\",\"@id\":\"https:\\\/\\\/www.tktk.ee\\\/en\\\/research-and-innovation\\\/testing-and-laboratories\\\/institute-of-technology\\\/robotics-laboratory\\\/\",\"url\":\"https:\\\/\\\/www.tktk.ee\\\/en\\\/research-and-innovation\\\/testing-and-laboratories\\\/institute-of-technology\\\/robotics-laboratory\\\/\",\"name\":\"Robotics Laboratory - Tallinna Tehnikak\u00f5rgkool\",\"isPartOf\":{\"@id\":\"https:\\\/\\\/www.tktk.ee\\\/en\\\/#website\"},\"primaryImageOfPage\":{\"@id\":\"https:\\\/\\\/www.tktk.ee\\\/en\\\/research-and-innovation\\\/testing-and-laboratories\\\/institute-of-technology\\\/robotics-laboratory\\\/#primaryimage\"},\"image\":{\"@id\":\"https:\\\/\\\/www.tktk.ee\\\/en\\\/research-and-innovation\\\/testing-and-laboratories\\\/institute-of-technology\\\/robotics-laboratory\\\/#primaryimage\"},\"thumbnailUrl\":\"http:\\\/\\\/www.tktk.ee\\\/wp-content\\\/uploads\\\/2022\\\/03\\\/robootikalabor1.jpeg\",\"datePublished\":\"2022-02-18T08:38:58+00:00\",\"dateModified\":\"2022-03-18T13:56:49+00:00\",\"breadcrumb\":{\"@id\":\"https:\\\/\\\/www.tktk.ee\\\/en\\\/research-and-innovation\\\/testing-and-laboratories\\\/institute-of-technology\\\/robotics-laboratory\\\/#breadcrumb\"},\"inLanguage\":\"en-US\",\"potentialAction\":[{\"@type\":\"ReadAction\",\"target\":[\"https:\\\/\\\/www.tktk.ee\\\/en\\\/research-and-innovation\\\/testing-and-laboratories\\\/institute-of-technology\\\/robotics-laboratory\\\/\"]}]},{\"@type\":\"ImageObject\",\"inLanguage\":\"en-US\",\"@id\":\"https:\\\/\\\/www.tktk.ee\\\/en\\\/research-and-innovation\\\/testing-and-laboratories\\\/institute-of-technology\\\/robotics-laboratory\\\/#primaryimage\",\"url\":\"http:\\\/\\\/www.tktk.ee\\\/wp-content\\\/uploads\\\/2022\\\/03\\\/robootikalabor1.jpeg\",\"contentUrl\":\"http:\\\/\\\/www.tktk.ee\\\/wp-content\\\/uploads\\\/2022\\\/03\\\/robootikalabor1.jpeg\"},{\"@type\":\"BreadcrumbList\",\"@id\":\"https:\\\/\\\/www.tktk.ee\\\/en\\\/research-and-innovation\\\/testing-and-laboratories\\\/institute-of-technology\\\/robotics-laboratory\\\/#breadcrumb\",\"itemListElement\":[{\"@type\":\"ListItem\",\"position\":1,\"name\":\"Front-page\",\"item\":\"https:\\\/\\\/www.tktk.ee\\\/en\\\/\"},{\"@type\":\"ListItem\",\"position\":2,\"name\":\"Research and Innovation\",\"item\":\"https:\\\/\\\/www.tktk.ee\\\/en\\\/research-and-innovation\\\/?lang=en\"},{\"@type\":\"ListItem\",\"position\":3,\"name\":\"Testing and Laboratories\",\"item\":\"https:\\\/\\\/www.tktk.ee\\\/en\\\/research-and-innovation\\\/testing-and-laboratories\\\/\"},{\"@type\":\"ListItem\",\"position\":4,\"name\":\"Institute of Technology\",\"item\":\"https:\\\/\\\/www.tktk.ee\\\/en\\\/research-and-innovation\\\/testing-and-laboratories\\\/institute-of-technology\\\/\"},{\"@type\":\"ListItem\",\"position\":5,\"name\":\"Robotics Laboratory\"}]},{\"@type\":\"WebSite\",\"@id\":\"https:\\\/\\\/www.tktk.ee\\\/en\\\/#website\",\"url\":\"https:\\\/\\\/www.tktk.ee\\\/en\\\/\",\"name\":\"Tallinna Tehnikak\u00f5rgkool\",\"description\":\"\",\"publisher\":{\"@id\":\"https:\\\/\\\/www.tktk.ee\\\/en\\\/#organization\"},\"alternateName\":\"TTK\",\"potentialAction\":[{\"@type\":\"SearchAction\",\"target\":{\"@type\":\"EntryPoint\",\"urlTemplate\":\"https:\\\/\\\/www.tktk.ee\\\/en\\\/?s={search_term_string}\"},\"query-input\":{\"@type\":\"PropertyValueSpecification\",\"valueRequired\":true,\"valueName\":\"search_term_string\"}}],\"inLanguage\":\"en-US\"},{\"@type\":\"Organization\",\"@id\":\"https:\\\/\\\/www.tktk.ee\\\/en\\\/#organization\",\"name\":\"Tallinna Tehnikak\u00f5rgkool\",\"url\":\"https:\\\/\\\/www.tktk.ee\\\/en\\\/\",\"logo\":{\"@type\":\"ImageObject\",\"inLanguage\":\"en-US\",\"@id\":\"https:\\\/\\\/www.tktk.ee\\\/en\\\/#\\\/schema\\\/logo\\\/image\\\/\",\"url\":\"https:\\\/\\\/www.tktk.ee\\\/wp-content\\\/uploads\\\/2021\\\/12\\\/ttk_logo_originaal_UKR-2.svg\",\"contentUrl\":\"https:\\\/\\\/www.tktk.ee\\\/wp-content\\\/uploads\\\/2021\\\/12\\\/ttk_logo_originaal_UKR-2.svg\",\"caption\":\"Tallinna Tehnikak\u00f5rgkool\"},\"image\":{\"@id\":\"https:\\\/\\\/www.tktk.ee\\\/en\\\/#\\\/schema\\\/logo\\\/image\\\/\"}}]}<\/script>\n<!-- \/ Yoast SEO plugin. -->","yoast_head_json":{"title":"Robotics Laboratory - Tallinna Tehnikak\u00f5rgkool","robots":{"index":"index","follow":"follow","max-snippet":"max-snippet:-1","max-image-preview":"max-image-preview:large","max-video-preview":"max-video-preview:-1"},"canonical":"https:\/\/www.tktk.ee\/en\/research-and-innovation\/testing-and-laboratories\/institute-of-technology\/robotics-laboratory\/","og_locale":"en_US","og_type":"article","og_title":"Robotics Laboratory - Tallinna Tehnikak\u00f5rgkool","og_description":"The robotics lab at TTK UAS is unique in Estonia. The lab makes it possible to perform the production processes of a fully automated factory and train future industry leaders and production engineers. The study lab is equipped with industrial robots that cooperate with each other. This enables to set the lab up as a [&hellip;]","og_url":"https:\/\/www.tktk.ee\/en\/research-and-innovation\/testing-and-laboratories\/institute-of-technology\/robotics-laboratory\/","og_site_name":"Tallinna Tehnikak\u00f5rgkool","article_modified_time":"2022-03-18T13:56:49+00:00","og_image":[{"url":"http:\/\/www.tktk.ee\/wp-content\/uploads\/2022\/03\/robootikalabor1.jpeg","type":"","width":"","height":""}],"twitter_card":"summary_large_image","twitter_misc":{"Est. reading time":"2 minutes"},"schema":{"@context":"https:\/\/schema.org","@graph":[{"@type":"WebPage","@id":"https:\/\/www.tktk.ee\/en\/research-and-innovation\/testing-and-laboratories\/institute-of-technology\/robotics-laboratory\/","url":"https:\/\/www.tktk.ee\/en\/research-and-innovation\/testing-and-laboratories\/institute-of-technology\/robotics-laboratory\/","name":"Robotics Laboratory - Tallinna Tehnikak\u00f5rgkool","isPartOf":{"@id":"https:\/\/www.tktk.ee\/en\/#website"},"primaryImageOfPage":{"@id":"https:\/\/www.tktk.ee\/en\/research-and-innovation\/testing-and-laboratories\/institute-of-technology\/robotics-laboratory\/#primaryimage"},"image":{"@id":"https:\/\/www.tktk.ee\/en\/research-and-innovation\/testing-and-laboratories\/institute-of-technology\/robotics-laboratory\/#primaryimage"},"thumbnailUrl":"http:\/\/www.tktk.ee\/wp-content\/uploads\/2022\/03\/robootikalabor1.jpeg","datePublished":"2022-02-18T08:38:58+00:00","dateModified":"2022-03-18T13:56:49+00:00","breadcrumb":{"@id":"https:\/\/www.tktk.ee\/en\/research-and-innovation\/testing-and-laboratories\/institute-of-technology\/robotics-laboratory\/#breadcrumb"},"inLanguage":"en-US","potentialAction":[{"@type":"ReadAction","target":["https:\/\/www.tktk.ee\/en\/research-and-innovation\/testing-and-laboratories\/institute-of-technology\/robotics-laboratory\/"]}]},{"@type":"ImageObject","inLanguage":"en-US","@id":"https:\/\/www.tktk.ee\/en\/research-and-innovation\/testing-and-laboratories\/institute-of-technology\/robotics-laboratory\/#primaryimage","url":"http:\/\/www.tktk.ee\/wp-content\/uploads\/2022\/03\/robootikalabor1.jpeg","contentUrl":"http:\/\/www.tktk.ee\/wp-content\/uploads\/2022\/03\/robootikalabor1.jpeg"},{"@type":"BreadcrumbList","@id":"https:\/\/www.tktk.ee\/en\/research-and-innovation\/testing-and-laboratories\/institute-of-technology\/robotics-laboratory\/#breadcrumb","itemListElement":[{"@type":"ListItem","position":1,"name":"Front-page","item":"https:\/\/www.tktk.ee\/en\/"},{"@type":"ListItem","position":2,"name":"Research and Innovation","item":"https:\/\/www.tktk.ee\/en\/research-and-innovation\/?lang=en"},{"@type":"ListItem","position":3,"name":"Testing and Laboratories","item":"https:\/\/www.tktk.ee\/en\/research-and-innovation\/testing-and-laboratories\/"},{"@type":"ListItem","position":4,"name":"Institute of Technology","item":"https:\/\/www.tktk.ee\/en\/research-and-innovation\/testing-and-laboratories\/institute-of-technology\/"},{"@type":"ListItem","position":5,"name":"Robotics Laboratory"}]},{"@type":"WebSite","@id":"https:\/\/www.tktk.ee\/en\/#website","url":"https:\/\/www.tktk.ee\/en\/","name":"Tallinna Tehnikak\u00f5rgkool","description":"","publisher":{"@id":"https:\/\/www.tktk.ee\/en\/#organization"},"alternateName":"TTK","potentialAction":[{"@type":"SearchAction","target":{"@type":"EntryPoint","urlTemplate":"https:\/\/www.tktk.ee\/en\/?s={search_term_string}"},"query-input":{"@type":"PropertyValueSpecification","valueRequired":true,"valueName":"search_term_string"}}],"inLanguage":"en-US"},{"@type":"Organization","@id":"https:\/\/www.tktk.ee\/en\/#organization","name":"Tallinna Tehnikak\u00f5rgkool","url":"https:\/\/www.tktk.ee\/en\/","logo":{"@type":"ImageObject","inLanguage":"en-US","@id":"https:\/\/www.tktk.ee\/en\/#\/schema\/logo\/image\/","url":"https:\/\/www.tktk.ee\/wp-content\/uploads\/2021\/12\/ttk_logo_originaal_UKR-2.svg","contentUrl":"https:\/\/www.tktk.ee\/wp-content\/uploads\/2021\/12\/ttk_logo_originaal_UKR-2.svg","caption":"Tallinna Tehnikak\u00f5rgkool"},"image":{"@id":"https:\/\/www.tktk.ee\/en\/#\/schema\/logo\/image\/"}}]}},"_links":{"self":[{"href":"https:\/\/www.tktk.ee\/en\/wp-json\/wp\/v2\/pages\/13410","targetHints":{"allow":["GET"]}}],"collection":[{"href":"https:\/\/www.tktk.ee\/en\/wp-json\/wp\/v2\/pages"}],"about":[{"href":"https:\/\/www.tktk.ee\/en\/wp-json\/wp\/v2\/types\/page"}],"author":[{"embeddable":true,"href":"https:\/\/www.tktk.ee\/en\/wp-json\/wp\/v2\/users\/3"}],"replies":[{"embeddable":true,"href":"https:\/\/www.tktk.ee\/en\/wp-json\/wp\/v2\/comments?post=13410"}],"version-history":[{"count":2,"href":"https:\/\/www.tktk.ee\/en\/wp-json\/wp\/v2\/pages\/13410\/revisions"}],"predecessor-version":[{"id":15770,"href":"https:\/\/www.tktk.ee\/en\/wp-json\/wp\/v2\/pages\/13410\/revisions\/15770"}],"up":[{"embeddable":true,"href":"https:\/\/www.tktk.ee\/en\/wp-json\/wp\/v2\/pages\/13386"}],"wp:attachment":[{"href":"https:\/\/www.tktk.ee\/en\/wp-json\/wp\/v2\/media?parent=13410"}],"wp:term":[{"taxonomy":"h_menuu_susteem","embeddable":true,"href":"https:\/\/www.tktk.ee\/en\/wp-json\/wp\/v2\/h_menuu_susteem?post=13410"}],"curies":[{"name":"wp","href":"https:\/\/api.w.org\/{rel}","templated":true}]}}