{"id":13427,"date":"2022-02-18T09:58:46","date_gmt":"2022-02-18T09:58:46","guid":{"rendered":"http:\/\/www.tktk.ee\/research-and-innovation\/testing-and-laboratories\/institute-of-architecture\/maketistuudio\/"},"modified":"2022-03-07T14:11:34","modified_gmt":"2022-03-07T14:11:34","slug":"architectural-modelling-studio","status":"publish","type":"page","link":"https:\/\/www.tktk.ee\/en\/research-and-innovation\/testing-and-laboratories\/institute-of-architecture\/architectural-modelling-studio\/","title":{"rendered":"Architectural Modelling Studio"},"content":{"rendered":"\n<p>Preparing projects related to architecture and planning, analysing materials, and providing possible alternative solutions. Students\u2019 design and creative work.l\u00fc\u00fcsida materjale ja t\u00f6\u00f6tada l\u00e4bi v\u00f5imalikke variantlahendusi. Siin toimub ka \u00fcli\u00f5pilaste loovt\u00f6\u00f6.<\/p>\n\n\n\n<figure class=\"wp-block-image alignwide size-large\"><img decoding=\"async\" src=\"http:\/\/www.tktk.ee\/wp-content\/uploads\/2022\/02\/MG_9927_vaike-1024x683.jpg\" alt=\"\" class=\"wp-image-7445\"\/><\/figure>\n\n\n\n<figure class=\"wp-block-image alignwide size-large\"><img decoding=\"async\" src=\"http:\/\/www.tktk.ee\/wp-content\/uploads\/2022\/02\/MG_9925_vaike-1024x683.jpg\" alt=\"\" class=\"wp-image-7447\"\/><\/figure>\n\n\n\n<h3 class=\"wp-block-heading\" id=\"kontakt\">Contact:<\/h3>\n\n\n    <div class=\"nbl-contacts-container \">\n\t\t\t\t\t<div class=\"nbl-contact-card\">\n\t\t\t\t\t\t\t\t\t<div class=\"contact-visual contact-cards-upper-line \"><\/div>\n\t\t\t\t\t\t\t\t<div class=\"main\">\n\t\t\t\t\t\n\t\t\t\t\t<div class=\"col\">\n\t\t\t\t\t\t<span class=\"contacts-name\">Tomomi Hayashi<\/span>\n\t\t\t\t\t<\/div>\n\n\t\t\t\t\t<div class=\"col\">\n\t\t\t\t\t\t<span class=\"margin-bottom-after-occupation\">Professor<\/span>\t\t\t\t\t<\/div>\n\n\t\t\t\t\t<div class=\"col\">\n\t\t\t\t\t\t\t\t\t\t\t\t\t\t<span>\n\t\t\t\t\t\t\t\t\t<div class=\"i-wrap\">\n\t\t\t\t\t\t\t\t\t\t<img decoding=\"async\" src=\"\/wp-content\/uploads\/2022\/08\/Icon-ionic-md-mail-open.svg\" alt=\"Email\" aria-hidden=\"true\"\/>\n\t\t\t\t\t\t\t\t\t<\/div>\n\t\t\t\t\t\t\t\t\t<a href=\"mailto:tomomi.hayashi@tktk.ee\">tomomi.hayashi@tktk.ee<\/a>\n\t\t\t\t\t\t\t\t<\/span>\n\t\t\t\t\t\t\t\n\t\t\t\t\t\t\t\t\t\t\t\t\t<span>\n\t\t\t\t\t\t\t\t<div class=\"i-wrap\">\n\t\t\t\t\t\t\t\t\t<img decoding=\"async\" src=\"\/wp-content\/uploads\/2022\/08\/Icon-awesome-phone-alt.svg\" alt=\"Phone\" aria-hidden=\"true\"\/>\n\t\t\t\t\t\t\t\t<\/div>\n\t\t\t\t\t\t\t\t666 4543\t\t\t\t\t\t\t<\/span>\n\t\t\t\t\t\t\n\t\t\t\t\t\t\t\t\t\t\t\t\t<span>\n\t\t\t\t\t\t\t\t<div class=\"i-wrap\">\n\t\t\t\t\t\t\t\t\t<img decoding=\"async\" src=\"\/wp-content\/uploads\/2022\/08\/Icon-material-room.svg\" alt=\"Location\" aria-hidden=\"true\"\/>\n\t\t\t\t\t\t\t\t<\/div>\n\t\t\t\t\t\t\t\tTLN-A425\t\t\t\t\t\t\t<\/span>\n\t\t\t\t\t\t\n\t\t\t\t\t\t\t\t\t\t\t\t\t<span>\n\t\t\t\t\t\t\t\t<div class=\"i-wrap\">\n\t\t\t\t\t\t\t\t\t<div style=\"width:15px;\"><\/div>\n\t\t\t\t\t\t\t\t<\/div>\n\t\t\t\t\t\t\t\t<a href=\"https:\/\/www.etis.ee\/CV\/Tomomi_Hayashi\/est\/\">CV-ETIS<\/a>\n\t\t\t\t\t\t\t<\/span>\n\t\t\t\t\t\t\t\t\t\t\t<\/div>\n\t\t\t\t\t\n\t\t\t\t<\/div>\n\t\t\t\t\n\t\t\t<\/div>\n\t\t    <\/div>\n","protected":false},"excerpt":{"rendered":"<p>Preparing projects related to architecture and planning, analysing materials, and providing possible alternative solutions. Students\u2019 design and creative work.l\u00fc\u00fcsida materjale ja t\u00f6\u00f6tada l\u00e4bi v\u00f5imalikke variantlahendusi. Siin toimub ka \u00fcli\u00f5pilaste loovt\u00f6\u00f6. Contact:<\/p>\n","protected":false},"author":3,"featured_media":0,"parent":13424,"menu_order":0,"comment_status":"closed","ping_status":"closed","template":"","meta":{"_acf_changed":false,"inline_featured_image":false,"footnotes":""},"h_menuu_susteem":[442],"class_list":["post-13427","page","type-page","status-publish","hentry","h_menuu_susteem-kuvab-naaberlehti-en"],"acf":[],"yoast_head":"<!-- This site is optimized with the Yoast SEO plugin v27.4 - https:\/\/yoast.com\/product\/yoast-seo-wordpress\/ -->\n<title>Architectural Modelling Studio - Tallinna Tehnikak\u00f5rgkool<\/title>\n<meta name=\"robots\" content=\"index, follow, max-snippet:-1, max-image-preview:large, max-video-preview:-1\" \/>\n<link rel=\"canonical\" href=\"https:\/\/www.tktk.ee\/en\/research-and-innovation\/testing-and-laboratories\/institute-of-architecture\/architectural-modelling-studio\/\" \/>\n<meta property=\"og:locale\" content=\"en_US\" \/>\n<meta property=\"og:type\" content=\"article\" \/>\n<meta property=\"og:title\" content=\"Architectural Modelling Studio - Tallinna Tehnikak\u00f5rgkool\" \/>\n<meta property=\"og:description\" content=\"Preparing projects related to architecture and planning, analysing materials, and providing possible alternative solutions. Students\u2019 design and creative work.l\u00fc\u00fcsida materjale ja t\u00f6\u00f6tada l\u00e4bi v\u00f5imalikke variantlahendusi. Siin toimub ka \u00fcli\u00f5pilaste loovt\u00f6\u00f6. Contact:\" \/>\n<meta property=\"og:url\" content=\"https:\/\/www.tktk.ee\/en\/research-and-innovation\/testing-and-laboratories\/institute-of-architecture\/architectural-modelling-studio\/\" \/>\n<meta property=\"og:site_name\" content=\"Tallinna Tehnikak\u00f5rgkool\" \/>\n<meta property=\"article:modified_time\" content=\"2022-03-07T14:11:34+00:00\" \/>\n<meta property=\"og:image\" content=\"http:\/\/www.tktk.ee\/wp-content\/uploads\/2022\/02\/MG_9927_vaike-1024x683.jpg\" \/>\n<meta name=\"twitter:card\" content=\"summary_large_image\" \/>\n<meta name=\"twitter:label1\" content=\"Est. reading time\" \/>\n\t<meta name=\"twitter:data1\" content=\"1 minute\" \/>\n<script type=\"application\/ld+json\" class=\"yoast-schema-graph\">{\"@context\":\"https:\\\/\\\/schema.org\",\"@graph\":[{\"@type\":\"WebPage\",\"@id\":\"https:\\\/\\\/www.tktk.ee\\\/en\\\/research-and-innovation\\\/testing-and-laboratories\\\/institute-of-architecture\\\/architectural-modelling-studio\\\/\",\"url\":\"https:\\\/\\\/www.tktk.ee\\\/en\\\/research-and-innovation\\\/testing-and-laboratories\\\/institute-of-architecture\\\/architectural-modelling-studio\\\/\",\"name\":\"Architectural Modelling Studio - Tallinna Tehnikak\u00f5rgkool\",\"isPartOf\":{\"@id\":\"https:\\\/\\\/www.tktk.ee\\\/en\\\/#website\"},\"primaryImageOfPage\":{\"@id\":\"https:\\\/\\\/www.tktk.ee\\\/en\\\/research-and-innovation\\\/testing-and-laboratories\\\/institute-of-architecture\\\/architectural-modelling-studio\\\/#primaryimage\"},\"image\":{\"@id\":\"https:\\\/\\\/www.tktk.ee\\\/en\\\/research-and-innovation\\\/testing-and-laboratories\\\/institute-of-architecture\\\/architectural-modelling-studio\\\/#primaryimage\"},\"thumbnailUrl\":\"http:\\\/\\\/www.tktk.ee\\\/wp-content\\\/uploads\\\/2022\\\/02\\\/MG_9927_vaike-1024x683.jpg\",\"datePublished\":\"2022-02-18T09:58:46+00:00\",\"dateModified\":\"2022-03-07T14:11:34+00:00\",\"breadcrumb\":{\"@id\":\"https:\\\/\\\/www.tktk.ee\\\/en\\\/research-and-innovation\\\/testing-and-laboratories\\\/institute-of-architecture\\\/architectural-modelling-studio\\\/#breadcrumb\"},\"inLanguage\":\"en-US\",\"potentialAction\":[{\"@type\":\"ReadAction\",\"target\":[\"https:\\\/\\\/www.tktk.ee\\\/en\\\/research-and-innovation\\\/testing-and-laboratories\\\/institute-of-architecture\\\/architectural-modelling-studio\\\/\"]}]},{\"@type\":\"ImageObject\",\"inLanguage\":\"en-US\",\"@id\":\"https:\\\/\\\/www.tktk.ee\\\/en\\\/research-and-innovation\\\/testing-and-laboratories\\\/institute-of-architecture\\\/architectural-modelling-studio\\\/#primaryimage\",\"url\":\"http:\\\/\\\/www.tktk.ee\\\/wp-content\\\/uploads\\\/2022\\\/02\\\/MG_9927_vaike-1024x683.jpg\",\"contentUrl\":\"http:\\\/\\\/www.tktk.ee\\\/wp-content\\\/uploads\\\/2022\\\/02\\\/MG_9927_vaike-1024x683.jpg\"},{\"@type\":\"BreadcrumbList\",\"@id\":\"https:\\\/\\\/www.tktk.ee\\\/en\\\/research-and-innovation\\\/testing-and-laboratories\\\/institute-of-architecture\\\/architectural-modelling-studio\\\/#breadcrumb\",\"itemListElement\":[{\"@type\":\"ListItem\",\"position\":1,\"name\":\"Front-page\",\"item\":\"https:\\\/\\\/www.tktk.ee\\\/en\\\/\"},{\"@type\":\"ListItem\",\"position\":2,\"name\":\"Research and Innovation\",\"item\":\"https:\\\/\\\/www.tktk.ee\\\/en\\\/research-and-innovation\\\/?lang=en\"},{\"@type\":\"ListItem\",\"position\":3,\"name\":\"Testing and Laboratories\",\"item\":\"https:\\\/\\\/www.tktk.ee\\\/en\\\/research-and-innovation\\\/testing-and-laboratories\\\/\"},{\"@type\":\"ListItem\",\"position\":4,\"name\":\"Institute of Architecture\",\"item\":\"https:\\\/\\\/www.tktk.ee\\\/en\\\/research-and-innovation\\\/testing-and-laboratories\\\/institute-of-architecture\\\/\"},{\"@type\":\"ListItem\",\"position\":5,\"name\":\"Architectural Modelling Studio\"}]},{\"@type\":\"WebSite\",\"@id\":\"https:\\\/\\\/www.tktk.ee\\\/en\\\/#website\",\"url\":\"https:\\\/\\\/www.tktk.ee\\\/en\\\/\",\"name\":\"Tallinna Tehnikak\u00f5rgkool\",\"description\":\"\",\"publisher\":{\"@id\":\"https:\\\/\\\/www.tktk.ee\\\/en\\\/#organization\"},\"alternateName\":\"TTK\",\"potentialAction\":[{\"@type\":\"SearchAction\",\"target\":{\"@type\":\"EntryPoint\",\"urlTemplate\":\"https:\\\/\\\/www.tktk.ee\\\/en\\\/?s={search_term_string}\"},\"query-input\":{\"@type\":\"PropertyValueSpecification\",\"valueRequired\":true,\"valueName\":\"search_term_string\"}}],\"inLanguage\":\"en-US\"},{\"@type\":\"Organization\",\"@id\":\"https:\\\/\\\/www.tktk.ee\\\/en\\\/#organization\",\"name\":\"Tallinna Tehnikak\u00f5rgkool\",\"url\":\"https:\\\/\\\/www.tktk.ee\\\/en\\\/\",\"logo\":{\"@type\":\"ImageObject\",\"inLanguage\":\"en-US\",\"@id\":\"https:\\\/\\\/www.tktk.ee\\\/en\\\/#\\\/schema\\\/logo\\\/image\\\/\",\"url\":\"https:\\\/\\\/www.tktk.ee\\\/wp-content\\\/uploads\\\/2021\\\/12\\\/ttk_logo_originaal_UKR-2.svg\",\"contentUrl\":\"https:\\\/\\\/www.tktk.ee\\\/wp-content\\\/uploads\\\/2021\\\/12\\\/ttk_logo_originaal_UKR-2.svg\",\"caption\":\"Tallinna Tehnikak\u00f5rgkool\"},\"image\":{\"@id\":\"https:\\\/\\\/www.tktk.ee\\\/en\\\/#\\\/schema\\\/logo\\\/image\\\/\"}}]}<\/script>\n<!-- \/ Yoast SEO plugin. -->","yoast_head_json":{"title":"Architectural Modelling Studio - Tallinna Tehnikak\u00f5rgkool","robots":{"index":"index","follow":"follow","max-snippet":"max-snippet:-1","max-image-preview":"max-image-preview:large","max-video-preview":"max-video-preview:-1"},"canonical":"https:\/\/www.tktk.ee\/en\/research-and-innovation\/testing-and-laboratories\/institute-of-architecture\/architectural-modelling-studio\/","og_locale":"en_US","og_type":"article","og_title":"Architectural Modelling Studio - Tallinna Tehnikak\u00f5rgkool","og_description":"Preparing projects related to architecture and planning, analysing materials, and providing possible alternative solutions. Students\u2019 design and creative work.l\u00fc\u00fcsida materjale ja t\u00f6\u00f6tada l\u00e4bi v\u00f5imalikke variantlahendusi. Siin toimub ka \u00fcli\u00f5pilaste loovt\u00f6\u00f6. Contact:","og_url":"https:\/\/www.tktk.ee\/en\/research-and-innovation\/testing-and-laboratories\/institute-of-architecture\/architectural-modelling-studio\/","og_site_name":"Tallinna Tehnikak\u00f5rgkool","article_modified_time":"2022-03-07T14:11:34+00:00","og_image":[{"url":"http:\/\/www.tktk.ee\/wp-content\/uploads\/2022\/02\/MG_9927_vaike-1024x683.jpg","type":"","width":"","height":""}],"twitter_card":"summary_large_image","twitter_misc":{"Est. reading time":"1 minute"},"schema":{"@context":"https:\/\/schema.org","@graph":[{"@type":"WebPage","@id":"https:\/\/www.tktk.ee\/en\/research-and-innovation\/testing-and-laboratories\/institute-of-architecture\/architectural-modelling-studio\/","url":"https:\/\/www.tktk.ee\/en\/research-and-innovation\/testing-and-laboratories\/institute-of-architecture\/architectural-modelling-studio\/","name":"Architectural Modelling Studio - Tallinna Tehnikak\u00f5rgkool","isPartOf":{"@id":"https:\/\/www.tktk.ee\/en\/#website"},"primaryImageOfPage":{"@id":"https:\/\/www.tktk.ee\/en\/research-and-innovation\/testing-and-laboratories\/institute-of-architecture\/architectural-modelling-studio\/#primaryimage"},"image":{"@id":"https:\/\/www.tktk.ee\/en\/research-and-innovation\/testing-and-laboratories\/institute-of-architecture\/architectural-modelling-studio\/#primaryimage"},"thumbnailUrl":"http:\/\/www.tktk.ee\/wp-content\/uploads\/2022\/02\/MG_9927_vaike-1024x683.jpg","datePublished":"2022-02-18T09:58:46+00:00","dateModified":"2022-03-07T14:11:34+00:00","breadcrumb":{"@id":"https:\/\/www.tktk.ee\/en\/research-and-innovation\/testing-and-laboratories\/institute-of-architecture\/architectural-modelling-studio\/#breadcrumb"},"inLanguage":"en-US","potentialAction":[{"@type":"ReadAction","target":["https:\/\/www.tktk.ee\/en\/research-and-innovation\/testing-and-laboratories\/institute-of-architecture\/architectural-modelling-studio\/"]}]},{"@type":"ImageObject","inLanguage":"en-US","@id":"https:\/\/www.tktk.ee\/en\/research-and-innovation\/testing-and-laboratories\/institute-of-architecture\/architectural-modelling-studio\/#primaryimage","url":"http:\/\/www.tktk.ee\/wp-content\/uploads\/2022\/02\/MG_9927_vaike-1024x683.jpg","contentUrl":"http:\/\/www.tktk.ee\/wp-content\/uploads\/2022\/02\/MG_9927_vaike-1024x683.jpg"},{"@type":"BreadcrumbList","@id":"https:\/\/www.tktk.ee\/en\/research-and-innovation\/testing-and-laboratories\/institute-of-architecture\/architectural-modelling-studio\/#breadcrumb","itemListElement":[{"@type":"ListItem","position":1,"name":"Front-page","item":"https:\/\/www.tktk.ee\/en\/"},{"@type":"ListItem","position":2,"name":"Research and Innovation","item":"https:\/\/www.tktk.ee\/en\/research-and-innovation\/?lang=en"},{"@type":"ListItem","position":3,"name":"Testing and Laboratories","item":"https:\/\/www.tktk.ee\/en\/research-and-innovation\/testing-and-laboratories\/"},{"@type":"ListItem","position":4,"name":"Institute of Architecture","item":"https:\/\/www.tktk.ee\/en\/research-and-innovation\/testing-and-laboratories\/institute-of-architecture\/"},{"@type":"ListItem","position":5,"name":"Architectural Modelling Studio"}]},{"@type":"WebSite","@id":"https:\/\/www.tktk.ee\/en\/#website","url":"https:\/\/www.tktk.ee\/en\/","name":"Tallinna Tehnikak\u00f5rgkool","description":"","publisher":{"@id":"https:\/\/www.tktk.ee\/en\/#organization"},"alternateName":"TTK","potentialAction":[{"@type":"SearchAction","target":{"@type":"EntryPoint","urlTemplate":"https:\/\/www.tktk.ee\/en\/?s={search_term_string}"},"query-input":{"@type":"PropertyValueSpecification","valueRequired":true,"valueName":"search_term_string"}}],"inLanguage":"en-US"},{"@type":"Organization","@id":"https:\/\/www.tktk.ee\/en\/#organization","name":"Tallinna Tehnikak\u00f5rgkool","url":"https:\/\/www.tktk.ee\/en\/","logo":{"@type":"ImageObject","inLanguage":"en-US","@id":"https:\/\/www.tktk.ee\/en\/#\/schema\/logo\/image\/","url":"https:\/\/www.tktk.ee\/wp-content\/uploads\/2021\/12\/ttk_logo_originaal_UKR-2.svg","contentUrl":"https:\/\/www.tktk.ee\/wp-content\/uploads\/2021\/12\/ttk_logo_originaal_UKR-2.svg","caption":"Tallinna Tehnikak\u00f5rgkool"},"image":{"@id":"https:\/\/www.tktk.ee\/en\/#\/schema\/logo\/image\/"}}]}},"_links":{"self":[{"href":"https:\/\/www.tktk.ee\/en\/wp-json\/wp\/v2\/pages\/13427","targetHints":{"allow":["GET"]}}],"collection":[{"href":"https:\/\/www.tktk.ee\/en\/wp-json\/wp\/v2\/pages"}],"about":[{"href":"https:\/\/www.tktk.ee\/en\/wp-json\/wp\/v2\/types\/page"}],"author":[{"embeddable":true,"href":"https:\/\/www.tktk.ee\/en\/wp-json\/wp\/v2\/users\/3"}],"replies":[{"embeddable":true,"href":"https:\/\/www.tktk.ee\/en\/wp-json\/wp\/v2\/comments?post=13427"}],"version-history":[{"count":2,"href":"https:\/\/www.tktk.ee\/en\/wp-json\/wp\/v2\/pages\/13427\/revisions"}],"predecessor-version":[{"id":13429,"href":"https:\/\/www.tktk.ee\/en\/wp-json\/wp\/v2\/pages\/13427\/revisions\/13429"}],"up":[{"embeddable":true,"href":"https:\/\/www.tktk.ee\/en\/wp-json\/wp\/v2\/pages\/13424"}],"wp:attachment":[{"href":"https:\/\/www.tktk.ee\/en\/wp-json\/wp\/v2\/media?parent=13427"}],"wp:term":[{"taxonomy":"h_menuu_susteem","embeddable":true,"href":"https:\/\/www.tktk.ee\/en\/wp-json\/wp\/v2\/h_menuu_susteem?post=13427"}],"curies":[{"name":"wp","href":"https:\/\/api.w.org\/{rel}","templated":true}]}}