{"id":13473,"date":"2022-02-18T10:18:19","date_gmt":"2022-02-18T10:18:19","guid":{"rendered":"http:\/\/www.tktk.ee\/research-and-innovation\/testing-and-laboratories\/institute-of-service-economy\/tarkvaraarenduse-ja-digilahenduste-labor\/"},"modified":"2022-03-07T14:57:26","modified_gmt":"2022-03-07T14:57:26","slug":"laboratory-of-software-development-and-digital-solutions","status":"publish","type":"page","link":"https:\/\/www.tktk.ee\/en\/research-and-innovation\/testing-and-laboratories\/institute-of-service-economy\/laboratory-of-software-development-and-digital-solutions\/","title":{"rendered":"Laboratory of Software Development and Digital Solutions"},"content":{"rendered":"\n<p>Laboratory of Software Development and Digital Solutions has 25 workstations with sufficient capacity to develop modern software solutions. Additionally, the laboratory is equipped with software, tools and sensors necessary to test hardware. Arduino study set enables acquiring basic knowledge on robotics.<\/p>\n\n\n\n<h3 class=\"wp-block-heading\" id=\"kontakt\">Contact:<\/h3>\n\n\n    <div class=\"nbl-contacts-container \">\n\t\t\t\t\t<div class=\"nbl-contact-card\">\n\t\t\t\t\t\t\t\t\t<div class=\"contact-visual contact-cards-upper-line \"><\/div>\n\t\t\t\t\t\t\t\t<div class=\"main\">\n\t\t\t\t\t\n\t\t\t\t\t<div class=\"col\">\n\t\t\t\t\t\t<span class=\"contacts-name\">Villu M\u00e4oma<\/span>\n\t\t\t\t\t<\/div>\n\n\t\t\t\t\t<div class=\"col\">\n\t\t\t\t\t\t<span class=\"margin-bottom-after-occupation\">IT-Specialist<\/span>\t\t\t\t\t<\/div>\n\n\t\t\t\t\t<div class=\"col\">\n\t\t\t\t\t\t\t\t\t\t\t\t\t\t<span>\n\t\t\t\t\t\t\t\t\t<div class=\"i-wrap\">\n\t\t\t\t\t\t\t\t\t\t<img decoding=\"async\" src=\"\/wp-content\/uploads\/2022\/08\/Icon-ionic-md-mail-open.svg\" alt=\"Email\" aria-hidden=\"true\"\/>\n\t\t\t\t\t\t\t\t\t<\/div>\n\t\t\t\t\t\t\t\t\t<a href=\"mailto:villu.maoma@tktk.ee\">villu.maoma@tktk.ee<\/a>\n\t\t\t\t\t\t\t\t<\/span>\n\t\t\t\t\t\t\t\n\t\t\t\t\t\t\t\t\t\t\t\t\t<span>\n\t\t\t\t\t\t\t\t<div class=\"i-wrap\">\n\t\t\t\t\t\t\t\t\t<img decoding=\"async\" src=\"\/wp-content\/uploads\/2022\/08\/Icon-awesome-phone-alt.svg\" alt=\"Phone\" aria-hidden=\"true\"\/>\n\t\t\t\t\t\t\t\t<\/div>\n\t\t\t\t\t\t\t\t329 5961\t\t\t\t\t\t\t<\/span>\n\t\t\t\t\t\t\n\t\t\t\t\t\t\t\t\t\t\t\t\t<span>\n\t\t\t\t\t\t\t\t<div class=\"i-wrap\">\n\t\t\t\t\t\t\t\t\t<img decoding=\"async\" src=\"\/wp-content\/uploads\/2022\/08\/Icon-material-room.svg\" alt=\"Location\" aria-hidden=\"true\"\/>\n\t\t\t\t\t\t\t\t<\/div>\n\t\t\t\t\t\t\t\tMDR-A121; Tiigivahe tee 2, M\u00f5driku, L\u00e4\u00e4ne-Virumaa\t\t\t\t\t\t\t<\/span>\n\t\t\t\t\t\t\n\t\t\t\t\t\t\t\t\t\t\t<\/div>\n\t\t\t\t\t\n\t\t\t\t<\/div>\n\t\t\t\t\n\t\t\t<\/div>\n\t\t    <\/div>\n","protected":false},"excerpt":{"rendered":"<p>Laboratory of Software Development and Digital Solutions has 25 workstations with sufficient capacity to develop modern software solutions. Additionally, the laboratory is equipped with software, tools and sensors necessary to test hardware. Arduino study set enables acquiring basic knowledge on robotics. Contact:<\/p>\n","protected":false},"author":3,"featured_media":0,"parent":13420,"menu_order":0,"comment_status":"closed","ping_status":"closed","template":"","meta":{"_acf_changed":false,"inline_featured_image":false,"footnotes":""},"h_menuu_susteem":[442],"class_list":["post-13473","page","type-page","status-publish","hentry","h_menuu_susteem-kuvab-naaberlehti-en"],"acf":[],"yoast_head":"<!-- This site is optimized with the Yoast SEO plugin v27.2 - https:\/\/yoast.com\/product\/yoast-seo-wordpress\/ -->\n<title>Laboratory of Software Development and Digital Solutions - Tallinna Tehnikak\u00f5rgkool<\/title>\n<meta name=\"robots\" content=\"index, follow, max-snippet:-1, max-image-preview:large, max-video-preview:-1\" \/>\n<link rel=\"canonical\" href=\"https:\/\/www.tktk.ee\/en\/research-and-innovation\/testing-and-laboratories\/institute-of-service-economy\/laboratory-of-software-development-and-digital-solutions\/\" \/>\n<meta property=\"og:locale\" content=\"en_US\" \/>\n<meta property=\"og:type\" content=\"article\" \/>\n<meta property=\"og:title\" content=\"Laboratory of Software Development and Digital Solutions - Tallinna Tehnikak\u00f5rgkool\" \/>\n<meta property=\"og:description\" content=\"Laboratory of Software Development and Digital Solutions has 25 workstations with sufficient capacity to develop modern software solutions. Additionally, the laboratory is equipped with software, tools and sensors necessary to test hardware. Arduino study set enables acquiring basic knowledge on robotics. Contact:\" \/>\n<meta property=\"og:url\" content=\"https:\/\/www.tktk.ee\/en\/research-and-innovation\/testing-and-laboratories\/institute-of-service-economy\/laboratory-of-software-development-and-digital-solutions\/\" \/>\n<meta property=\"og:site_name\" content=\"Tallinna Tehnikak\u00f5rgkool\" \/>\n<meta property=\"article:modified_time\" content=\"2022-03-07T14:57:26+00:00\" \/>\n<meta name=\"twitter:card\" content=\"summary_large_image\" \/>\n<meta name=\"twitter:label1\" content=\"Est. reading time\" \/>\n\t<meta name=\"twitter:data1\" content=\"1 minute\" \/>\n<script type=\"application\/ld+json\" class=\"yoast-schema-graph\">{\"@context\":\"https:\/\/schema.org\",\"@graph\":[{\"@type\":\"WebPage\",\"@id\":\"https:\/\/www.tktk.ee\/en\/research-and-innovation\/testing-and-laboratories\/institute-of-service-economy\/laboratory-of-software-development-and-digital-solutions\/\",\"url\":\"https:\/\/www.tktk.ee\/en\/research-and-innovation\/testing-and-laboratories\/institute-of-service-economy\/laboratory-of-software-development-and-digital-solutions\/\",\"name\":\"Laboratory of Software Development and Digital Solutions - Tallinna Tehnikak\u00f5rgkool\",\"isPartOf\":{\"@id\":\"https:\/\/www.tktk.ee\/en\/#website\"},\"datePublished\":\"2022-02-18T10:18:19+00:00\",\"dateModified\":\"2022-03-07T14:57:26+00:00\",\"breadcrumb\":{\"@id\":\"https:\/\/www.tktk.ee\/en\/research-and-innovation\/testing-and-laboratories\/institute-of-service-economy\/laboratory-of-software-development-and-digital-solutions\/#breadcrumb\"},\"inLanguage\":\"en-US\",\"potentialAction\":[{\"@type\":\"ReadAction\",\"target\":[\"https:\/\/www.tktk.ee\/en\/research-and-innovation\/testing-and-laboratories\/institute-of-service-economy\/laboratory-of-software-development-and-digital-solutions\/\"]}]},{\"@type\":\"BreadcrumbList\",\"@id\":\"https:\/\/www.tktk.ee\/en\/research-and-innovation\/testing-and-laboratories\/institute-of-service-economy\/laboratory-of-software-development-and-digital-solutions\/#breadcrumb\",\"itemListElement\":[{\"@type\":\"ListItem\",\"position\":1,\"name\":\"Front-page\",\"item\":\"https:\/\/www.tktk.ee\/en\/\"},{\"@type\":\"ListItem\",\"position\":2,\"name\":\"Research and Innovation\",\"item\":\"https:\/\/www.tktk.ee\/en\/research-and-innovation\/?lang=en\"},{\"@type\":\"ListItem\",\"position\":3,\"name\":\"Testing and Laboratories\",\"item\":\"https:\/\/www.tktk.ee\/en\/research-and-innovation\/testing-and-laboratories\/\"},{\"@type\":\"ListItem\",\"position\":4,\"name\":\"Institute of Service Economy\",\"item\":\"https:\/\/www.tktk.ee\/en\/research-and-innovation\/testing-and-laboratories\/institute-of-service-economy\/\"},{\"@type\":\"ListItem\",\"position\":5,\"name\":\"Laboratory of Software Development and Digital Solutions\"}]},{\"@type\":\"WebSite\",\"@id\":\"https:\/\/www.tktk.ee\/en\/#website\",\"url\":\"https:\/\/www.tktk.ee\/en\/\",\"name\":\"Tallinna Tehnikak\u00f5rgkool\",\"description\":\"\",\"publisher\":{\"@id\":\"https:\/\/www.tktk.ee\/en\/#organization\"},\"alternateName\":\"TTK\",\"potentialAction\":[{\"@type\":\"SearchAction\",\"target\":{\"@type\":\"EntryPoint\",\"urlTemplate\":\"https:\/\/www.tktk.ee\/en\/?s={search_term_string}\"},\"query-input\":{\"@type\":\"PropertyValueSpecification\",\"valueRequired\":true,\"valueName\":\"search_term_string\"}}],\"inLanguage\":\"en-US\"},{\"@type\":\"Organization\",\"@id\":\"https:\/\/www.tktk.ee\/en\/#organization\",\"name\":\"Tallinna Tehnikak\u00f5rgkool\",\"url\":\"https:\/\/www.tktk.ee\/en\/\",\"logo\":{\"@type\":\"ImageObject\",\"inLanguage\":\"en-US\",\"@id\":\"https:\/\/www.tktk.ee\/en\/#\/schema\/logo\/image\/\",\"url\":\"https:\/\/www.tktk.ee\/wp-content\/uploads\/2021\/12\/ttk_logo_originaal_UKR-2.svg\",\"contentUrl\":\"https:\/\/www.tktk.ee\/wp-content\/uploads\/2021\/12\/ttk_logo_originaal_UKR-2.svg\",\"caption\":\"Tallinna Tehnikak\u00f5rgkool\"},\"image\":{\"@id\":\"https:\/\/www.tktk.ee\/en\/#\/schema\/logo\/image\/\"}}]}<\/script>\n<!-- \/ Yoast SEO plugin. -->","yoast_head_json":{"title":"Laboratory of Software Development and Digital Solutions - Tallinna Tehnikak\u00f5rgkool","robots":{"index":"index","follow":"follow","max-snippet":"max-snippet:-1","max-image-preview":"max-image-preview:large","max-video-preview":"max-video-preview:-1"},"canonical":"https:\/\/www.tktk.ee\/en\/research-and-innovation\/testing-and-laboratories\/institute-of-service-economy\/laboratory-of-software-development-and-digital-solutions\/","og_locale":"en_US","og_type":"article","og_title":"Laboratory of Software Development and Digital Solutions - Tallinna Tehnikak\u00f5rgkool","og_description":"Laboratory of Software Development and Digital Solutions has 25 workstations with sufficient capacity to develop modern software solutions. Additionally, the laboratory is equipped with software, tools and sensors necessary to test hardware. Arduino study set enables acquiring basic knowledge on robotics. Contact:","og_url":"https:\/\/www.tktk.ee\/en\/research-and-innovation\/testing-and-laboratories\/institute-of-service-economy\/laboratory-of-software-development-and-digital-solutions\/","og_site_name":"Tallinna Tehnikak\u00f5rgkool","article_modified_time":"2022-03-07T14:57:26+00:00","twitter_card":"summary_large_image","twitter_misc":{"Est. reading time":"1 minute"},"schema":{"@context":"https:\/\/schema.org","@graph":[{"@type":"WebPage","@id":"https:\/\/www.tktk.ee\/en\/research-and-innovation\/testing-and-laboratories\/institute-of-service-economy\/laboratory-of-software-development-and-digital-solutions\/","url":"https:\/\/www.tktk.ee\/en\/research-and-innovation\/testing-and-laboratories\/institute-of-service-economy\/laboratory-of-software-development-and-digital-solutions\/","name":"Laboratory of Software Development and Digital Solutions - Tallinna Tehnikak\u00f5rgkool","isPartOf":{"@id":"https:\/\/www.tktk.ee\/en\/#website"},"datePublished":"2022-02-18T10:18:19+00:00","dateModified":"2022-03-07T14:57:26+00:00","breadcrumb":{"@id":"https:\/\/www.tktk.ee\/en\/research-and-innovation\/testing-and-laboratories\/institute-of-service-economy\/laboratory-of-software-development-and-digital-solutions\/#breadcrumb"},"inLanguage":"en-US","potentialAction":[{"@type":"ReadAction","target":["https:\/\/www.tktk.ee\/en\/research-and-innovation\/testing-and-laboratories\/institute-of-service-economy\/laboratory-of-software-development-and-digital-solutions\/"]}]},{"@type":"BreadcrumbList","@id":"https:\/\/www.tktk.ee\/en\/research-and-innovation\/testing-and-laboratories\/institute-of-service-economy\/laboratory-of-software-development-and-digital-solutions\/#breadcrumb","itemListElement":[{"@type":"ListItem","position":1,"name":"Front-page","item":"https:\/\/www.tktk.ee\/en\/"},{"@type":"ListItem","position":2,"name":"Research and Innovation","item":"https:\/\/www.tktk.ee\/en\/research-and-innovation\/?lang=en"},{"@type":"ListItem","position":3,"name":"Testing and Laboratories","item":"https:\/\/www.tktk.ee\/en\/research-and-innovation\/testing-and-laboratories\/"},{"@type":"ListItem","position":4,"name":"Institute of Service Economy","item":"https:\/\/www.tktk.ee\/en\/research-and-innovation\/testing-and-laboratories\/institute-of-service-economy\/"},{"@type":"ListItem","position":5,"name":"Laboratory of Software Development and Digital Solutions"}]},{"@type":"WebSite","@id":"https:\/\/www.tktk.ee\/en\/#website","url":"https:\/\/www.tktk.ee\/en\/","name":"Tallinna Tehnikak\u00f5rgkool","description":"","publisher":{"@id":"https:\/\/www.tktk.ee\/en\/#organization"},"alternateName":"TTK","potentialAction":[{"@type":"SearchAction","target":{"@type":"EntryPoint","urlTemplate":"https:\/\/www.tktk.ee\/en\/?s={search_term_string}"},"query-input":{"@type":"PropertyValueSpecification","valueRequired":true,"valueName":"search_term_string"}}],"inLanguage":"en-US"},{"@type":"Organization","@id":"https:\/\/www.tktk.ee\/en\/#organization","name":"Tallinna Tehnikak\u00f5rgkool","url":"https:\/\/www.tktk.ee\/en\/","logo":{"@type":"ImageObject","inLanguage":"en-US","@id":"https:\/\/www.tktk.ee\/en\/#\/schema\/logo\/image\/","url":"https:\/\/www.tktk.ee\/wp-content\/uploads\/2021\/12\/ttk_logo_originaal_UKR-2.svg","contentUrl":"https:\/\/www.tktk.ee\/wp-content\/uploads\/2021\/12\/ttk_logo_originaal_UKR-2.svg","caption":"Tallinna Tehnikak\u00f5rgkool"},"image":{"@id":"https:\/\/www.tktk.ee\/en\/#\/schema\/logo\/image\/"}}]}},"_links":{"self":[{"href":"https:\/\/www.tktk.ee\/en\/wp-json\/wp\/v2\/pages\/13473","targetHints":{"allow":["GET"]}}],"collection":[{"href":"https:\/\/www.tktk.ee\/en\/wp-json\/wp\/v2\/pages"}],"about":[{"href":"https:\/\/www.tktk.ee\/en\/wp-json\/wp\/v2\/types\/page"}],"author":[{"embeddable":true,"href":"https:\/\/www.tktk.ee\/en\/wp-json\/wp\/v2\/users\/3"}],"replies":[{"embeddable":true,"href":"https:\/\/www.tktk.ee\/en\/wp-json\/wp\/v2\/comments?post=13473"}],"version-history":[{"count":1,"href":"https:\/\/www.tktk.ee\/en\/wp-json\/wp\/v2\/pages\/13473\/revisions"}],"predecessor-version":[{"id":13474,"href":"https:\/\/www.tktk.ee\/en\/wp-json\/wp\/v2\/pages\/13473\/revisions\/13474"}],"up":[{"embeddable":true,"href":"https:\/\/www.tktk.ee\/en\/wp-json\/wp\/v2\/pages\/13420"}],"wp:attachment":[{"href":"https:\/\/www.tktk.ee\/en\/wp-json\/wp\/v2\/media?parent=13473"}],"wp:term":[{"taxonomy":"h_menuu_susteem","embeddable":true,"href":"https:\/\/www.tktk.ee\/en\/wp-json\/wp\/v2\/h_menuu_susteem?post=13473"}],"curies":[{"name":"wp","href":"https:\/\/api.w.org\/{rel}","templated":true}]}}