{"id":13500,"date":"2022-03-08T06:44:00","date_gmt":"2022-03-08T06:44:00","guid":{"rendered":"http:\/\/www.tktk.ee\/?page_id=13500"},"modified":"2025-06-30T11:45:56","modified_gmt":"2025-06-30T08:45:56","slug":"erasmus","status":"publish","type":"page","link":"https:\/\/www.tktk.ee\/en\/collaboration\/networks-and-partners\/erasmus\/","title":{"rendered":"Erasmus+"},"content":{"rendered":"\n<p>TTK UAS participates in the Erasmus+ programme and follows the&nbsp;Erasmus Policy Statement (EPS).&nbsp;<\/p>\n\n\n\n<p><strong><a href=\"http:\/\/www.tktk.ee\/wp-content\/uploads\/2022\/03\/Erasmus-Charter-for-Higher-Education-2021-2027-1.pdf\" target=\"_blank\" rel=\"noreferrer noopener\">Erasmus+ Charter for Higher Education (ECHE) 2021-2027<\/a><\/strong><\/p>\n\n\n\n<p><strong><a href=\"http:\/\/www.tktk.ee\/wp-content\/uploads\/2022\/03\/Erasmus-Policy-Statement-2021-2027-3.pdf\" target=\"_blank\" rel=\"noreferrer noopener\">Erasmus+ Policy Statement 2021-2027<\/a><\/strong><\/p>\n\n\n\n<p><\/p>\n\n\n\n<p class=\"has-medium-font-size\"><strong>TTK UAS information for Erasmus documents:<\/strong><br>Full Legal Name: TALLINNA TEHNIKAK\u00d5RGKOOL (TTK)<br>English Name: TTK University of Applied Sciences (TTK UAS)<br>Erasmus Code: EE TALLINN06<br>PIC: 995737981<br>OID: E10187056<br><br>Tallinn campus address: P\u00e4rnu mnt 62, 10135 Tallinn<br>M\u00f5driku campus address: Tiigivahe tee 2, 46609 M\u00f5driku, L\u00e4\u00e4ne-Virumaa<br><br><strong>General contact:<\/strong> erasmus[at]tktk.ee<br><\/p>\n\n\n\n<p class=\"has-medium-font-size\"><strong><span style=\"text-decoration: underline;\">CONTACT PERSONS<\/span><\/strong><\/p>\n\n\n\n<p class=\"has-medium-font-size\"><strong>Incoming mobilities to TTK (students and staff)<\/strong><br>Heidi Kuusmann (Mobility Coordinator)<br>heidi.kuusmann[at]tktk.ee<\/p>\n\n\n\n<p class=\"has-medium-font-size\"><strong>Erasmus IIAs and outgoing mobilities<\/strong> <strong>from TTK<\/strong><br>Liisa Konsap (Leading Mobility Coordinator)<br>liisa.konsap[at]tktk.ee<\/p>\n\n\n\n<div class=\"wp-block-aab-accordion-block aab__accordion_container\" style=\"border-top:1px solid #cccccc;border-bottom:1px solid #cccccc;border-left:1px solid #cccccc;border-right:1px solid #cccccc;margin-top:0px;margin-bottom:15px;border-radius:0px\"><div class=\"aab__accordion_head aab_right_icon\" data-active=\"false\" style=\"color:#333333;background-color:transparent;padding:10px 15px 10px 15px\"><div class=\"aab__accordion_heading aab_right_icon\"><h4 style=\"margin:0;color:#333333\">Erasmus+ Partner Universities<\/h4><\/div><div class=\"aab__accordion_icon\" style=\"color:#333333;background-color:transparent\"><span class=\"dashicons dashicons-plus-alt2\"><\/span><\/div><\/div><div class=\"aab__accordion_body \" role=\"region\" style=\"background-color:transparent;border-top:1px solid #cccccc;padding:10px 15px 10px 15px\">\n<p>The list of our Erasmus+ Partner Universities is available through <a href=\"https:\/\/saas.solenovo.fi\/solemove\/disp\/2_\/en\/public\/nop\/nop\/nop#\" target=\"_blank\" rel=\"noreferrer noopener\">SoleMove<\/a>.<\/p>\n\n\n\n<p>Please choose TTK University of Applied Sciences under the dropdown menu and then click on &#8220;Exchange destinations Abroad and feedback&#8221;.<\/p>\n<\/div><\/div>\n\n\n\n<figure class=\"wp-block-image size-large is-resized\"><img fetchpriority=\"high\" decoding=\"async\" width=\"1024\" height=\"215\" src=\"https:\/\/www.tktk.ee\/wp-content\/uploads\/2023\/10\/EN-Co-funded-by-the-EU_PANTONE-1024x215.jpg\" alt=\"\" class=\"wp-image-34993\" style=\"aspect-ratio:4.7627906976744185;width:236px;height:auto\" srcset=\"https:\/\/www.tktk.ee\/wp-content\/uploads\/2023\/10\/EN-Co-funded-by-the-EU_PANTONE-1024x215.jpg 1024w, https:\/\/www.tktk.ee\/wp-content\/uploads\/2023\/10\/EN-Co-funded-by-the-EU_PANTONE-650x137.jpg 650w, https:\/\/www.tktk.ee\/wp-content\/uploads\/2023\/10\/EN-Co-funded-by-the-EU_PANTONE-645x136.jpg 645w, https:\/\/www.tktk.ee\/wp-content\/uploads\/2023\/10\/EN-Co-funded-by-the-EU_PANTONE-20x4.jpg 20w, https:\/\/www.tktk.ee\/wp-content\/uploads\/2023\/10\/EN-Co-funded-by-the-EU_PANTONE.jpg 1280w\" sizes=\"(max-width: 1024px) 100vw, 1024px\" \/><\/figure>\n\n\n\n<figure class=\"wp-block-image size-large is-resized\"><img decoding=\"async\" width=\"1024\" height=\"264\" src=\"https:\/\/www.tktk.ee\/wp-content\/uploads\/2023\/10\/Erasmus-sinine-loosungiga-ENG-1-1024x264.png\" alt=\"\" class=\"wp-image-35005\" style=\"aspect-ratio:3.878787878787879;width:204px;height:auto\" srcset=\"https:\/\/www.tktk.ee\/wp-content\/uploads\/2023\/10\/Erasmus-sinine-loosungiga-ENG-1-1024x264.png 1024w, https:\/\/www.tktk.ee\/wp-content\/uploads\/2023\/10\/Erasmus-sinine-loosungiga-ENG-1-650x168.png 650w, https:\/\/www.tktk.ee\/wp-content\/uploads\/2023\/10\/Erasmus-sinine-loosungiga-ENG-1-645x166.png 645w, https:\/\/www.tktk.ee\/wp-content\/uploads\/2023\/10\/Erasmus-sinine-loosungiga-ENG-1-1536x396.png 1536w, https:\/\/www.tktk.ee\/wp-content\/uploads\/2023\/10\/Erasmus-sinine-loosungiga-ENG-1.png 1864w\" sizes=\"(max-width: 1024px) 100vw, 1024px\" \/><\/figure>\n","protected":false},"excerpt":{"rendered":"<p>TTK UAS participates in the Erasmus+ programme and follows the&nbsp;Erasmus Policy Statement (EPS).&nbsp; Erasmus+ Charter for Higher Education (ECHE) 2021-2027 Erasmus+ Policy Statement 2021-2027 TTK UAS information for Erasmus documents:Full Legal Name: TALLINNA TEHNIKAK\u00d5RGKOOL (TTK)English Name: TTK University of Applied Sciences (TTK UAS)Erasmus Code: EE TALLINN06PIC: 995737981OID: E10187056 Tallinn campus address: P\u00e4rnu mnt 62, 10135 [&hellip;]<\/p>\n","protected":false},"author":3,"featured_media":0,"parent":13477,"menu_order":0,"comment_status":"closed","ping_status":"closed","template":"","meta":{"_acf_changed":false,"inline_featured_image":false,"footnotes":""},"h_menuu_susteem":[442],"class_list":["post-13500","page","type-page","status-publish","hentry","h_menuu_susteem-kuvab-naaberlehti-en"],"acf":[],"yoast_head":"<!-- This site is optimized with the Yoast SEO plugin v27.2 - https:\/\/yoast.com\/product\/yoast-seo-wordpress\/ -->\n<title>Erasmus+ - Tallinna Tehnikak\u00f5rgkool<\/title>\n<meta name=\"robots\" content=\"index, follow, max-snippet:-1, max-image-preview:large, max-video-preview:-1\" \/>\n<link rel=\"canonical\" href=\"https:\/\/www.tktk.ee\/en\/collaboration\/networks-and-partners\/erasmus\/\" \/>\n<meta property=\"og:locale\" content=\"en_US\" \/>\n<meta property=\"og:type\" content=\"article\" \/>\n<meta property=\"og:title\" content=\"Erasmus+ - Tallinna Tehnikak\u00f5rgkool\" \/>\n<meta property=\"og:description\" content=\"TTK UAS participates in the Erasmus+ programme and follows the&nbsp;Erasmus Policy Statement (EPS).&nbsp; Erasmus+ Charter for Higher Education (ECHE) 2021-2027 Erasmus+ Policy Statement 2021-2027 TTK UAS information for Erasmus documents:Full Legal Name: TALLINNA TEHNIKAK\u00d5RGKOOL (TTK)English Name: TTK University of Applied Sciences (TTK UAS)Erasmus Code: EE TALLINN06PIC: 995737981OID: E10187056 Tallinn campus address: P\u00e4rnu mnt 62, 10135 [&hellip;]\" \/>\n<meta property=\"og:url\" content=\"https:\/\/www.tktk.ee\/en\/collaboration\/networks-and-partners\/erasmus\/\" \/>\n<meta property=\"og:site_name\" content=\"Tallinna Tehnikak\u00f5rgkool\" \/>\n<meta property=\"article:modified_time\" content=\"2025-06-30T08:45:56+00:00\" \/>\n<meta property=\"og:image\" content=\"https:\/\/www.tktk.ee\/wp-content\/uploads\/2023\/10\/EN-Co-funded-by-the-EU_PANTONE.jpg\" \/>\n\t<meta property=\"og:image:width\" content=\"1280\" \/>\n\t<meta property=\"og:image:height\" content=\"269\" \/>\n\t<meta property=\"og:image:type\" content=\"image\/jpeg\" \/>\n<meta name=\"twitter:card\" content=\"summary_large_image\" \/>\n<meta name=\"twitter:label1\" content=\"Est. reading time\" \/>\n\t<meta name=\"twitter:data1\" content=\"2 minutes\" \/>\n<script type=\"application\/ld+json\" class=\"yoast-schema-graph\">{\"@context\":\"https:\/\/schema.org\",\"@graph\":[{\"@type\":\"WebPage\",\"@id\":\"https:\/\/www.tktk.ee\/en\/collaboration\/networks-and-partners\/erasmus\/\",\"url\":\"https:\/\/www.tktk.ee\/en\/collaboration\/networks-and-partners\/erasmus\/\",\"name\":\"Erasmus+ - Tallinna Tehnikak\u00f5rgkool\",\"isPartOf\":{\"@id\":\"https:\/\/www.tktk.ee\/en\/#website\"},\"primaryImageOfPage\":{\"@id\":\"https:\/\/www.tktk.ee\/en\/collaboration\/networks-and-partners\/erasmus\/#primaryimage\"},\"image\":{\"@id\":\"https:\/\/www.tktk.ee\/en\/collaboration\/networks-and-partners\/erasmus\/#primaryimage\"},\"thumbnailUrl\":\"https:\/\/www.tktk.ee\/wp-content\/uploads\/2023\/10\/EN-Co-funded-by-the-EU_PANTONE-1024x215.jpg\",\"datePublished\":\"2022-03-08T06:44:00+00:00\",\"dateModified\":\"2025-06-30T08:45:56+00:00\",\"breadcrumb\":{\"@id\":\"https:\/\/www.tktk.ee\/en\/collaboration\/networks-and-partners\/erasmus\/#breadcrumb\"},\"inLanguage\":\"en-US\",\"potentialAction\":[{\"@type\":\"ReadAction\",\"target\":[\"https:\/\/www.tktk.ee\/en\/collaboration\/networks-and-partners\/erasmus\/\"]}]},{\"@type\":\"ImageObject\",\"inLanguage\":\"en-US\",\"@id\":\"https:\/\/www.tktk.ee\/en\/collaboration\/networks-and-partners\/erasmus\/#primaryimage\",\"url\":\"https:\/\/www.tktk.ee\/wp-content\/uploads\/2023\/10\/EN-Co-funded-by-the-EU_PANTONE-1024x215.jpg\",\"contentUrl\":\"https:\/\/www.tktk.ee\/wp-content\/uploads\/2023\/10\/EN-Co-funded-by-the-EU_PANTONE-1024x215.jpg\"},{\"@type\":\"BreadcrumbList\",\"@id\":\"https:\/\/www.tktk.ee\/en\/collaboration\/networks-and-partners\/erasmus\/#breadcrumb\",\"itemListElement\":[{\"@type\":\"ListItem\",\"position\":1,\"name\":\"Front-page\",\"item\":\"https:\/\/www.tktk.ee\/en\/\"},{\"@type\":\"ListItem\",\"position\":2,\"name\":\"Collaboration\",\"item\":\"https:\/\/www.tktk.ee\/en\/collaboration\/?lang=en\"},{\"@type\":\"ListItem\",\"position\":3,\"name\":\"Networks and Partners\",\"item\":\"https:\/\/www.tktk.ee\/en\/collaboration\/networks-and-partners\/?lang=en\"},{\"@type\":\"ListItem\",\"position\":4,\"name\":\"Erasmus+\"}]},{\"@type\":\"WebSite\",\"@id\":\"https:\/\/www.tktk.ee\/en\/#website\",\"url\":\"https:\/\/www.tktk.ee\/en\/\",\"name\":\"Tallinna Tehnikak\u00f5rgkool\",\"description\":\"\",\"publisher\":{\"@id\":\"https:\/\/www.tktk.ee\/en\/#organization\"},\"alternateName\":\"TTK\",\"potentialAction\":[{\"@type\":\"SearchAction\",\"target\":{\"@type\":\"EntryPoint\",\"urlTemplate\":\"https:\/\/www.tktk.ee\/en\/?s={search_term_string}\"},\"query-input\":{\"@type\":\"PropertyValueSpecification\",\"valueRequired\":true,\"valueName\":\"search_term_string\"}}],\"inLanguage\":\"en-US\"},{\"@type\":\"Organization\",\"@id\":\"https:\/\/www.tktk.ee\/en\/#organization\",\"name\":\"Tallinna Tehnikak\u00f5rgkool\",\"url\":\"https:\/\/www.tktk.ee\/en\/\",\"logo\":{\"@type\":\"ImageObject\",\"inLanguage\":\"en-US\",\"@id\":\"https:\/\/www.tktk.ee\/en\/#\/schema\/logo\/image\/\",\"url\":\"https:\/\/www.tktk.ee\/wp-content\/uploads\/2021\/12\/ttk_logo_originaal_UKR-2.svg\",\"contentUrl\":\"https:\/\/www.tktk.ee\/wp-content\/uploads\/2021\/12\/ttk_logo_originaal_UKR-2.svg\",\"caption\":\"Tallinna Tehnikak\u00f5rgkool\"},\"image\":{\"@id\":\"https:\/\/www.tktk.ee\/en\/#\/schema\/logo\/image\/\"}}]}<\/script>\n<!-- \/ Yoast SEO plugin. -->","yoast_head_json":{"title":"Erasmus+ - Tallinna Tehnikak\u00f5rgkool","robots":{"index":"index","follow":"follow","max-snippet":"max-snippet:-1","max-image-preview":"max-image-preview:large","max-video-preview":"max-video-preview:-1"},"canonical":"https:\/\/www.tktk.ee\/en\/collaboration\/networks-and-partners\/erasmus\/","og_locale":"en_US","og_type":"article","og_title":"Erasmus+ - Tallinna Tehnikak\u00f5rgkool","og_description":"TTK UAS participates in the Erasmus+ programme and follows the&nbsp;Erasmus Policy Statement (EPS).&nbsp; Erasmus+ Charter for Higher Education (ECHE) 2021-2027 Erasmus+ Policy Statement 2021-2027 TTK UAS information for Erasmus documents:Full Legal Name: TALLINNA TEHNIKAK\u00d5RGKOOL (TTK)English Name: TTK University of Applied Sciences (TTK UAS)Erasmus Code: EE TALLINN06PIC: 995737981OID: E10187056 Tallinn campus address: P\u00e4rnu mnt 62, 10135 [&hellip;]","og_url":"https:\/\/www.tktk.ee\/en\/collaboration\/networks-and-partners\/erasmus\/","og_site_name":"Tallinna Tehnikak\u00f5rgkool","article_modified_time":"2025-06-30T08:45:56+00:00","og_image":[{"width":1280,"height":269,"url":"https:\/\/www.tktk.ee\/wp-content\/uploads\/2023\/10\/EN-Co-funded-by-the-EU_PANTONE.jpg","type":"image\/jpeg"}],"twitter_card":"summary_large_image","twitter_misc":{"Est. reading time":"2 minutes"},"schema":{"@context":"https:\/\/schema.org","@graph":[{"@type":"WebPage","@id":"https:\/\/www.tktk.ee\/en\/collaboration\/networks-and-partners\/erasmus\/","url":"https:\/\/www.tktk.ee\/en\/collaboration\/networks-and-partners\/erasmus\/","name":"Erasmus+ - Tallinna Tehnikak\u00f5rgkool","isPartOf":{"@id":"https:\/\/www.tktk.ee\/en\/#website"},"primaryImageOfPage":{"@id":"https:\/\/www.tktk.ee\/en\/collaboration\/networks-and-partners\/erasmus\/#primaryimage"},"image":{"@id":"https:\/\/www.tktk.ee\/en\/collaboration\/networks-and-partners\/erasmus\/#primaryimage"},"thumbnailUrl":"https:\/\/www.tktk.ee\/wp-content\/uploads\/2023\/10\/EN-Co-funded-by-the-EU_PANTONE-1024x215.jpg","datePublished":"2022-03-08T06:44:00+00:00","dateModified":"2025-06-30T08:45:56+00:00","breadcrumb":{"@id":"https:\/\/www.tktk.ee\/en\/collaboration\/networks-and-partners\/erasmus\/#breadcrumb"},"inLanguage":"en-US","potentialAction":[{"@type":"ReadAction","target":["https:\/\/www.tktk.ee\/en\/collaboration\/networks-and-partners\/erasmus\/"]}]},{"@type":"ImageObject","inLanguage":"en-US","@id":"https:\/\/www.tktk.ee\/en\/collaboration\/networks-and-partners\/erasmus\/#primaryimage","url":"https:\/\/www.tktk.ee\/wp-content\/uploads\/2023\/10\/EN-Co-funded-by-the-EU_PANTONE-1024x215.jpg","contentUrl":"https:\/\/www.tktk.ee\/wp-content\/uploads\/2023\/10\/EN-Co-funded-by-the-EU_PANTONE-1024x215.jpg"},{"@type":"BreadcrumbList","@id":"https:\/\/www.tktk.ee\/en\/collaboration\/networks-and-partners\/erasmus\/#breadcrumb","itemListElement":[{"@type":"ListItem","position":1,"name":"Front-page","item":"https:\/\/www.tktk.ee\/en\/"},{"@type":"ListItem","position":2,"name":"Collaboration","item":"https:\/\/www.tktk.ee\/en\/collaboration\/?lang=en"},{"@type":"ListItem","position":3,"name":"Networks and Partners","item":"https:\/\/www.tktk.ee\/en\/collaboration\/networks-and-partners\/?lang=en"},{"@type":"ListItem","position":4,"name":"Erasmus+"}]},{"@type":"WebSite","@id":"https:\/\/www.tktk.ee\/en\/#website","url":"https:\/\/www.tktk.ee\/en\/","name":"Tallinna Tehnikak\u00f5rgkool","description":"","publisher":{"@id":"https:\/\/www.tktk.ee\/en\/#organization"},"alternateName":"TTK","potentialAction":[{"@type":"SearchAction","target":{"@type":"EntryPoint","urlTemplate":"https:\/\/www.tktk.ee\/en\/?s={search_term_string}"},"query-input":{"@type":"PropertyValueSpecification","valueRequired":true,"valueName":"search_term_string"}}],"inLanguage":"en-US"},{"@type":"Organization","@id":"https:\/\/www.tktk.ee\/en\/#organization","name":"Tallinna Tehnikak\u00f5rgkool","url":"https:\/\/www.tktk.ee\/en\/","logo":{"@type":"ImageObject","inLanguage":"en-US","@id":"https:\/\/www.tktk.ee\/en\/#\/schema\/logo\/image\/","url":"https:\/\/www.tktk.ee\/wp-content\/uploads\/2021\/12\/ttk_logo_originaal_UKR-2.svg","contentUrl":"https:\/\/www.tktk.ee\/wp-content\/uploads\/2021\/12\/ttk_logo_originaal_UKR-2.svg","caption":"Tallinna Tehnikak\u00f5rgkool"},"image":{"@id":"https:\/\/www.tktk.ee\/en\/#\/schema\/logo\/image\/"}}]}},"_links":{"self":[{"href":"https:\/\/www.tktk.ee\/en\/wp-json\/wp\/v2\/pages\/13500","targetHints":{"allow":["GET"]}}],"collection":[{"href":"https:\/\/www.tktk.ee\/en\/wp-json\/wp\/v2\/pages"}],"about":[{"href":"https:\/\/www.tktk.ee\/en\/wp-json\/wp\/v2\/types\/page"}],"author":[{"embeddable":true,"href":"https:\/\/www.tktk.ee\/en\/wp-json\/wp\/v2\/users\/3"}],"replies":[{"embeddable":true,"href":"https:\/\/www.tktk.ee\/en\/wp-json\/wp\/v2\/comments?post=13500"}],"version-history":[{"count":2,"href":"https:\/\/www.tktk.ee\/en\/wp-json\/wp\/v2\/pages\/13500\/revisions"}],"predecessor-version":[{"id":48308,"href":"https:\/\/www.tktk.ee\/en\/wp-json\/wp\/v2\/pages\/13500\/revisions\/48308"}],"up":[{"embeddable":true,"href":"https:\/\/www.tktk.ee\/en\/wp-json\/wp\/v2\/pages\/13477"}],"wp:attachment":[{"href":"https:\/\/www.tktk.ee\/en\/wp-json\/wp\/v2\/media?parent=13500"}],"wp:term":[{"taxonomy":"h_menuu_susteem","embeddable":true,"href":"https:\/\/www.tktk.ee\/en\/wp-json\/wp\/v2\/h_menuu_susteem?post=13500"}],"curies":[{"name":"wp","href":"https:\/\/api.w.org\/{rel}","templated":true}]}}