{"id":13653,"date":"2022-03-08T11:20:05","date_gmt":"2022-03-08T11:20:05","guid":{"rendered":"http:\/\/www.tktk.ee\/?page_id=13653"},"modified":"2025-04-25T13:37:11","modified_gmt":"2025-04-25T10:37:11","slug":"institute-of-service-economy","status":"publish","type":"page","link":"https:\/\/www.tktk.ee\/en\/about-us\/insitutes-and-centres\/institute-of-service-economy\/","title":{"rendered":"Institute of Service Economy"},"content":{"rendered":"\n<figure class=\"wp-block-image alignwide size-full\"><img fetchpriority=\"high\" decoding=\"async\" width=\"1000\" height=\"667\" src=\"https:\/\/www.tktk.ee\/wp-content\/uploads\/2022\/03\/MG_0809-1000x667-1.jpg\" alt=\"\" class=\"wp-image-13654\" srcset=\"https:\/\/www.tktk.ee\/wp-content\/uploads\/2022\/03\/MG_0809-1000x667-1.jpg 1000w, https:\/\/www.tktk.ee\/wp-content\/uploads\/2022\/03\/MG_0809-1000x667-1-300x200.jpg 300w, https:\/\/www.tktk.ee\/wp-content\/uploads\/2022\/03\/MG_0809-1000x667-1-768x512.jpg 768w\" sizes=\"(max-width: 1000px) 100vw, 1000px\" \/><\/figure>\n\n\n\n<p>The Institute of Service Economy offers studies in the following curricula:<\/p>\n\n\n\n<p><a href=\"https:\/\/bit.ly\/3oRtmUw\" target=\"_blank\" rel=\"noreferrer noopener\"><strong>Business Administration<\/strong><\/a><br><a href=\"https:\/\/bit.ly\/3apaxiT\" target=\"_blank\" rel=\"noreferrer noopener\"><strong>Accounting<\/strong><\/a><br><a href=\"https:\/\/www.tktk.ee\/en\/about-us\/insitutes-and-centres\/institute-of-service-economy\/social-work\/\" target=\"_blank\" rel=\"noreferrer noopener\"><strong>Social Work<\/strong><\/a><br><a href=\"https:\/\/bit.ly\/3oQSdYk\" target=\"_blank\" rel=\"noreferrer noopener\"><strong>Information Management and Information Systems Organization<\/strong><\/a><\/p>\n\n\n\n<p>Information on the laboratories for research and training is available <a href=\"https:\/\/www.tktk.ee\/research-and-innovation\/testing-and-laboratories\/?lang=en\">here<\/a>.<\/p>\n\n\n\n<p>The language of instruction of all curricula at TTK UAS is Estonian.<br><a href=\"https:\/\/www.tktk.ee\/studies\/exchange-studies\/?lang=en\">Courses in English<\/a> are available for Erasmus+ exchange students from TTK UAS partner universities.<\/p>\n\n\n\n<p>The Institute of Service Economy is located about 110 km from Tallinn at M\u00f5driku in a manor dating back to the year 1780, offering a unique learning environment to its students.<\/p>\n\n\n\n<p>The Institute of Service Economy was established on the basis of the former L\u00e4\u00e4ne-Viru College in 2019, when the Estonian Government decided to unite the L\u00e4\u00e4ne-Viru College with TTK UAS in order to increase the volume of teaching of technical fields in the area.&nbsp;<\/p>\n\n\n\n<p><a href=\"https:\/\/www.tktk.ee\/about-us\/contacts\/institute-of-service-economy\/?lang=en\" target=\"_blank\" rel=\"noreferrer noopener\">Contacts<\/a><\/p>\n","protected":false},"excerpt":{"rendered":"<p>The Institute of Service Economy offers studies in the following curricula: Business AdministrationAccountingSocial WorkInformation Management and Information Systems Organization Information on the laboratories for research and training is available here. The language of instruction of all curricula at TTK UAS is Estonian.Courses in English are available for Erasmus+ exchange students from TTK UAS partner universities. [&hellip;]<\/p>\n","protected":false},"author":3,"featured_media":0,"parent":13592,"menu_order":0,"comment_status":"closed","ping_status":"closed","template":"","meta":{"_acf_changed":false,"inline_featured_image":false,"footnotes":""},"h_menuu_susteem":[442],"class_list":["post-13653","page","type-page","status-publish","hentry","h_menuu_susteem-kuvab-naaberlehti-en"],"acf":[],"yoast_head":"<!-- This site is optimized with the Yoast SEO plugin v27.4 - https:\/\/yoast.com\/product\/yoast-seo-wordpress\/ -->\n<title>Institute of Service Economy - Tallinna Tehnikak\u00f5rgkool<\/title>\n<meta name=\"robots\" content=\"index, follow, max-snippet:-1, max-image-preview:large, max-video-preview:-1\" \/>\n<link rel=\"canonical\" href=\"https:\/\/www.tktk.ee\/en\/about-us\/insitutes-and-centres\/institute-of-service-economy\/\" \/>\n<meta property=\"og:locale\" content=\"en_US\" \/>\n<meta property=\"og:type\" content=\"article\" \/>\n<meta property=\"og:title\" content=\"Institute of Service Economy - Tallinna Tehnikak\u00f5rgkool\" \/>\n<meta property=\"og:description\" content=\"The Institute of Service Economy offers studies in the following curricula: Business AdministrationAccountingSocial WorkInformation Management and Information Systems Organization Information on the laboratories for research and training is available here. The language of instruction of all curricula at TTK UAS is Estonian.Courses in English are available for Erasmus+ exchange students from TTK UAS partner universities. [&hellip;]\" \/>\n<meta property=\"og:url\" content=\"https:\/\/www.tktk.ee\/en\/about-us\/insitutes-and-centres\/institute-of-service-economy\/\" \/>\n<meta property=\"og:site_name\" content=\"Tallinna Tehnikak\u00f5rgkool\" \/>\n<meta property=\"article:modified_time\" content=\"2025-04-25T10:37:11+00:00\" \/>\n<meta property=\"og:image\" content=\"https:\/\/www.tktk.ee\/wp-content\/uploads\/2022\/03\/MG_0809-1000x667-1.jpg\" \/>\n\t<meta property=\"og:image:width\" content=\"1000\" \/>\n\t<meta property=\"og:image:height\" content=\"667\" \/>\n\t<meta property=\"og:image:type\" content=\"image\/jpeg\" \/>\n<meta name=\"twitter:card\" content=\"summary_large_image\" \/>\n<meta name=\"twitter:label1\" content=\"Est. reading time\" \/>\n\t<meta name=\"twitter:data1\" content=\"1 minute\" \/>\n<script type=\"application\/ld+json\" class=\"yoast-schema-graph\">{\"@context\":\"https:\\\/\\\/schema.org\",\"@graph\":[{\"@type\":\"WebPage\",\"@id\":\"https:\\\/\\\/www.tktk.ee\\\/en\\\/about-us\\\/insitutes-and-centres\\\/institute-of-service-economy\\\/\",\"url\":\"https:\\\/\\\/www.tktk.ee\\\/en\\\/about-us\\\/insitutes-and-centres\\\/institute-of-service-economy\\\/\",\"name\":\"Institute of Service Economy - Tallinna Tehnikak\u00f5rgkool\",\"isPartOf\":{\"@id\":\"https:\\\/\\\/www.tktk.ee\\\/en\\\/#website\"},\"primaryImageOfPage\":{\"@id\":\"https:\\\/\\\/www.tktk.ee\\\/en\\\/about-us\\\/insitutes-and-centres\\\/institute-of-service-economy\\\/#primaryimage\"},\"image\":{\"@id\":\"https:\\\/\\\/www.tktk.ee\\\/en\\\/about-us\\\/insitutes-and-centres\\\/institute-of-service-economy\\\/#primaryimage\"},\"thumbnailUrl\":\"https:\\\/\\\/www.tktk.ee\\\/wp-content\\\/uploads\\\/2022\\\/03\\\/MG_0809-1000x667-1.jpg\",\"datePublished\":\"2022-03-08T11:20:05+00:00\",\"dateModified\":\"2025-04-25T10:37:11+00:00\",\"breadcrumb\":{\"@id\":\"https:\\\/\\\/www.tktk.ee\\\/en\\\/about-us\\\/insitutes-and-centres\\\/institute-of-service-economy\\\/#breadcrumb\"},\"inLanguage\":\"en-US\",\"potentialAction\":[{\"@type\":\"ReadAction\",\"target\":[\"https:\\\/\\\/www.tktk.ee\\\/en\\\/about-us\\\/insitutes-and-centres\\\/institute-of-service-economy\\\/\"]}]},{\"@type\":\"ImageObject\",\"inLanguage\":\"en-US\",\"@id\":\"https:\\\/\\\/www.tktk.ee\\\/en\\\/about-us\\\/insitutes-and-centres\\\/institute-of-service-economy\\\/#primaryimage\",\"url\":\"https:\\\/\\\/www.tktk.ee\\\/wp-content\\\/uploads\\\/2022\\\/03\\\/MG_0809-1000x667-1.jpg\",\"contentUrl\":\"https:\\\/\\\/www.tktk.ee\\\/wp-content\\\/uploads\\\/2022\\\/03\\\/MG_0809-1000x667-1.jpg\"},{\"@type\":\"BreadcrumbList\",\"@id\":\"https:\\\/\\\/www.tktk.ee\\\/en\\\/about-us\\\/insitutes-and-centres\\\/institute-of-service-economy\\\/#breadcrumb\",\"itemListElement\":[{\"@type\":\"ListItem\",\"position\":1,\"name\":\"Front-page\",\"item\":\"https:\\\/\\\/www.tktk.ee\\\/en\\\/\"},{\"@type\":\"ListItem\",\"position\":2,\"name\":\"About us\",\"item\":\"https:\\\/\\\/www.tktk.ee\\\/en\\\/about-us\\\/?lang=en\"},{\"@type\":\"ListItem\",\"position\":3,\"name\":\"Institutes and Centres\",\"item\":\"https:\\\/\\\/www.tktk.ee\\\/en\\\/about-us\\\/insitutes-and-centres\\\/\"},{\"@type\":\"ListItem\",\"position\":4,\"name\":\"Institute of Service Economy\"}]},{\"@type\":\"WebSite\",\"@id\":\"https:\\\/\\\/www.tktk.ee\\\/en\\\/#website\",\"url\":\"https:\\\/\\\/www.tktk.ee\\\/en\\\/\",\"name\":\"Tallinna Tehnikak\u00f5rgkool\",\"description\":\"\",\"publisher\":{\"@id\":\"https:\\\/\\\/www.tktk.ee\\\/en\\\/#organization\"},\"alternateName\":\"TTK\",\"potentialAction\":[{\"@type\":\"SearchAction\",\"target\":{\"@type\":\"EntryPoint\",\"urlTemplate\":\"https:\\\/\\\/www.tktk.ee\\\/en\\\/?s={search_term_string}\"},\"query-input\":{\"@type\":\"PropertyValueSpecification\",\"valueRequired\":true,\"valueName\":\"search_term_string\"}}],\"inLanguage\":\"en-US\"},{\"@type\":\"Organization\",\"@id\":\"https:\\\/\\\/www.tktk.ee\\\/en\\\/#organization\",\"name\":\"Tallinna Tehnikak\u00f5rgkool\",\"url\":\"https:\\\/\\\/www.tktk.ee\\\/en\\\/\",\"logo\":{\"@type\":\"ImageObject\",\"inLanguage\":\"en-US\",\"@id\":\"https:\\\/\\\/www.tktk.ee\\\/en\\\/#\\\/schema\\\/logo\\\/image\\\/\",\"url\":\"https:\\\/\\\/www.tktk.ee\\\/wp-content\\\/uploads\\\/2021\\\/12\\\/ttk_logo_originaal_UKR-2.svg\",\"contentUrl\":\"https:\\\/\\\/www.tktk.ee\\\/wp-content\\\/uploads\\\/2021\\\/12\\\/ttk_logo_originaal_UKR-2.svg\",\"caption\":\"Tallinna Tehnikak\u00f5rgkool\"},\"image\":{\"@id\":\"https:\\\/\\\/www.tktk.ee\\\/en\\\/#\\\/schema\\\/logo\\\/image\\\/\"}}]}<\/script>\n<!-- \/ Yoast SEO plugin. -->","yoast_head_json":{"title":"Institute of Service Economy - Tallinna Tehnikak\u00f5rgkool","robots":{"index":"index","follow":"follow","max-snippet":"max-snippet:-1","max-image-preview":"max-image-preview:large","max-video-preview":"max-video-preview:-1"},"canonical":"https:\/\/www.tktk.ee\/en\/about-us\/insitutes-and-centres\/institute-of-service-economy\/","og_locale":"en_US","og_type":"article","og_title":"Institute of Service Economy - Tallinna Tehnikak\u00f5rgkool","og_description":"The Institute of Service Economy offers studies in the following curricula: Business AdministrationAccountingSocial WorkInformation Management and Information Systems Organization Information on the laboratories for research and training is available here. The language of instruction of all curricula at TTK UAS is Estonian.Courses in English are available for Erasmus+ exchange students from TTK UAS partner universities. [&hellip;]","og_url":"https:\/\/www.tktk.ee\/en\/about-us\/insitutes-and-centres\/institute-of-service-economy\/","og_site_name":"Tallinna Tehnikak\u00f5rgkool","article_modified_time":"2025-04-25T10:37:11+00:00","og_image":[{"width":1000,"height":667,"url":"https:\/\/www.tktk.ee\/wp-content\/uploads\/2022\/03\/MG_0809-1000x667-1.jpg","type":"image\/jpeg"}],"twitter_card":"summary_large_image","twitter_misc":{"Est. reading time":"1 minute"},"schema":{"@context":"https:\/\/schema.org","@graph":[{"@type":"WebPage","@id":"https:\/\/www.tktk.ee\/en\/about-us\/insitutes-and-centres\/institute-of-service-economy\/","url":"https:\/\/www.tktk.ee\/en\/about-us\/insitutes-and-centres\/institute-of-service-economy\/","name":"Institute of Service Economy - Tallinna Tehnikak\u00f5rgkool","isPartOf":{"@id":"https:\/\/www.tktk.ee\/en\/#website"},"primaryImageOfPage":{"@id":"https:\/\/www.tktk.ee\/en\/about-us\/insitutes-and-centres\/institute-of-service-economy\/#primaryimage"},"image":{"@id":"https:\/\/www.tktk.ee\/en\/about-us\/insitutes-and-centres\/institute-of-service-economy\/#primaryimage"},"thumbnailUrl":"https:\/\/www.tktk.ee\/wp-content\/uploads\/2022\/03\/MG_0809-1000x667-1.jpg","datePublished":"2022-03-08T11:20:05+00:00","dateModified":"2025-04-25T10:37:11+00:00","breadcrumb":{"@id":"https:\/\/www.tktk.ee\/en\/about-us\/insitutes-and-centres\/institute-of-service-economy\/#breadcrumb"},"inLanguage":"en-US","potentialAction":[{"@type":"ReadAction","target":["https:\/\/www.tktk.ee\/en\/about-us\/insitutes-and-centres\/institute-of-service-economy\/"]}]},{"@type":"ImageObject","inLanguage":"en-US","@id":"https:\/\/www.tktk.ee\/en\/about-us\/insitutes-and-centres\/institute-of-service-economy\/#primaryimage","url":"https:\/\/www.tktk.ee\/wp-content\/uploads\/2022\/03\/MG_0809-1000x667-1.jpg","contentUrl":"https:\/\/www.tktk.ee\/wp-content\/uploads\/2022\/03\/MG_0809-1000x667-1.jpg"},{"@type":"BreadcrumbList","@id":"https:\/\/www.tktk.ee\/en\/about-us\/insitutes-and-centres\/institute-of-service-economy\/#breadcrumb","itemListElement":[{"@type":"ListItem","position":1,"name":"Front-page","item":"https:\/\/www.tktk.ee\/en\/"},{"@type":"ListItem","position":2,"name":"About us","item":"https:\/\/www.tktk.ee\/en\/about-us\/?lang=en"},{"@type":"ListItem","position":3,"name":"Institutes and Centres","item":"https:\/\/www.tktk.ee\/en\/about-us\/insitutes-and-centres\/"},{"@type":"ListItem","position":4,"name":"Institute of Service Economy"}]},{"@type":"WebSite","@id":"https:\/\/www.tktk.ee\/en\/#website","url":"https:\/\/www.tktk.ee\/en\/","name":"Tallinna Tehnikak\u00f5rgkool","description":"","publisher":{"@id":"https:\/\/www.tktk.ee\/en\/#organization"},"alternateName":"TTK","potentialAction":[{"@type":"SearchAction","target":{"@type":"EntryPoint","urlTemplate":"https:\/\/www.tktk.ee\/en\/?s={search_term_string}"},"query-input":{"@type":"PropertyValueSpecification","valueRequired":true,"valueName":"search_term_string"}}],"inLanguage":"en-US"},{"@type":"Organization","@id":"https:\/\/www.tktk.ee\/en\/#organization","name":"Tallinna Tehnikak\u00f5rgkool","url":"https:\/\/www.tktk.ee\/en\/","logo":{"@type":"ImageObject","inLanguage":"en-US","@id":"https:\/\/www.tktk.ee\/en\/#\/schema\/logo\/image\/","url":"https:\/\/www.tktk.ee\/wp-content\/uploads\/2021\/12\/ttk_logo_originaal_UKR-2.svg","contentUrl":"https:\/\/www.tktk.ee\/wp-content\/uploads\/2021\/12\/ttk_logo_originaal_UKR-2.svg","caption":"Tallinna Tehnikak\u00f5rgkool"},"image":{"@id":"https:\/\/www.tktk.ee\/en\/#\/schema\/logo\/image\/"}}]}},"_links":{"self":[{"href":"https:\/\/www.tktk.ee\/en\/wp-json\/wp\/v2\/pages\/13653","targetHints":{"allow":["GET"]}}],"collection":[{"href":"https:\/\/www.tktk.ee\/en\/wp-json\/wp\/v2\/pages"}],"about":[{"href":"https:\/\/www.tktk.ee\/en\/wp-json\/wp\/v2\/types\/page"}],"author":[{"embeddable":true,"href":"https:\/\/www.tktk.ee\/en\/wp-json\/wp\/v2\/users\/3"}],"replies":[{"embeddable":true,"href":"https:\/\/www.tktk.ee\/en\/wp-json\/wp\/v2\/comments?post=13653"}],"version-history":[{"count":3,"href":"https:\/\/www.tktk.ee\/en\/wp-json\/wp\/v2\/pages\/13653\/revisions"}],"predecessor-version":[{"id":45374,"href":"https:\/\/www.tktk.ee\/en\/wp-json\/wp\/v2\/pages\/13653\/revisions\/45374"}],"up":[{"embeddable":true,"href":"https:\/\/www.tktk.ee\/en\/wp-json\/wp\/v2\/pages\/13592"}],"wp:attachment":[{"href":"https:\/\/www.tktk.ee\/en\/wp-json\/wp\/v2\/media?parent=13653"}],"wp:term":[{"taxonomy":"h_menuu_susteem","embeddable":true,"href":"https:\/\/www.tktk.ee\/en\/wp-json\/wp\/v2\/h_menuu_susteem?post=13653"}],"curies":[{"name":"wp","href":"https:\/\/api.w.org\/{rel}","templated":true}]}}