{"id":13928,"date":"2022-02-16T13:21:59","date_gmt":"2022-02-16T13:21:59","guid":{"rendered":"http:\/\/www.tktk.ee\/about-us\/contacts\/raamatukogu\/"},"modified":"2024-11-28T10:35:18","modified_gmt":"2024-11-28T08:35:18","slug":"library","status":"publish","type":"page","link":"https:\/\/www.tktk.ee\/en\/about-us\/contacts\/library\/","title":{"rendered":"Library"},"content":{"rendered":"    <div class=\"nbl-contacts-container \">\n\t\t\t\t\t<div class=\"nbl-contact-card\">\n\t\t\t\t\t\t\t\t\t<div class=\"contact-visual contact-cards-upper-line nbl-card-layout-line\"><\/div>\n\t\t\t\t\t\t\t\t<div class=\"main\">\n\t\t\t\t\t\n\t\t\t\t\t<div class=\"col\">\n\t\t\t\t\t\t<span class=\"contacts-name\">Siret Remmelg<\/span>\n\t\t\t\t\t<\/div>\n\n\t\t\t\t\t<div class=\"col\">\n\t\t\t\t\t\t<span class=\"margin-bottom-after-occupation\">Head of Library<\/span>\t\t\t\t\t<\/div>\n\n\t\t\t\t\t<div class=\"col\">\n\t\t\t\t\t\t\t\t\t\t\t\t\t\t<span>\n\t\t\t\t\t\t\t\t\t<div class=\"i-wrap\">\n\t\t\t\t\t\t\t\t\t\t<img decoding=\"async\" src=\"\/wp-content\/uploads\/2022\/08\/Icon-ionic-md-mail-open.svg\" alt=\"Email\" aria-hidden=\"true\"\/>\n\t\t\t\t\t\t\t\t\t<\/div>\n\t\t\t\t\t\t\t\t\t<a href=\"mailto:siret.remmelg@tktk.ee\">siret.remmelg@tktk.ee<\/a>\n\t\t\t\t\t\t\t\t<\/span>\n\t\t\t\t\t\t\t\n\t\t\t\t\t\t\t\t\t\t\t\t\t<span>\n\t\t\t\t\t\t\t\t<div class=\"i-wrap\">\n\t\t\t\t\t\t\t\t\t<img decoding=\"async\" src=\"\/wp-content\/uploads\/2022\/08\/Icon-awesome-phone-alt.svg\" alt=\"Phone\" aria-hidden=\"true\"\/>\n\t\t\t\t\t\t\t\t<\/div>\n\t\t\t\t\t\t\t\t666 4528\t\t\t\t\t\t\t<\/span>\n\t\t\t\t\t\t\n\t\t\t\t\t\t\t\t\t\t\t\t\t<span>\n\t\t\t\t\t\t\t\t<div class=\"i-wrap\">\n\t\t\t\t\t\t\t\t\t<img decoding=\"async\" src=\"\/wp-content\/uploads\/2022\/08\/Icon-material-room.svg\" alt=\"Location\" aria-hidden=\"true\"\/>\n\t\t\t\t\t\t\t\t<\/div>\n\t\t\t\t\t\t\t\tTLN-A003\t\t\t\t\t\t\t<\/span>\n\t\t\t\t\t\t\n\t\t\t\t\t\t\t\t\t\t\t<\/div>\n\t\t\t\t\t\n\t\t\t\t<\/div>\n\t\t\t\t\n\t\t\t<\/div>\n\t\t\t\t\t<div class=\"nbl-contact-card\">\n\t\t\t\t\t\t\t\t\t<div class=\"contact-visual contact-cards-upper-line nbl-card-layout-line\"><\/div>\n\t\t\t\t\t\t\t\t<div class=\"main\">\n\t\t\t\t\t\n\t\t\t\t\t<div class=\"col\">\n\t\t\t\t\t\t<span class=\"contacts-name\"><\/span>\n\t\t\t\t\t<\/div>\n\n\t\t\t\t\t<div class=\"col\">\n\t\t\t\t\t\t\t\t\t\t\t<\/div>\n\n\t\t\t\t\t<div class=\"col\">\n\t\t\t\t\t\t\n\t\t\t\t\t\t\n\t\t\t\t\t\t\n\t\t\t\t\t\t\t\t\t\t\t<\/div>\n\t\t\t\t\t\n\t\t\t\t<\/div>\n\t\t\t\t\n\t\t\t<\/div>\n\t\t\t\t\t<div class=\"nbl-contact-card\">\n\t\t\t\t\t\t\t\t\t<div class=\"contact-visual contact-cards-upper-line nbl-card-layout-line\"><\/div>\n\t\t\t\t\t\t\t\t<div class=\"main\">\n\t\t\t\t\t\n\t\t\t\t\t<div class=\"col\">\n\t\t\t\t\t\t<span class=\"contacts-name\">Inga Lehis<\/span>\n\t\t\t\t\t<\/div>\n\n\t\t\t\t\t<div class=\"col\">\n\t\t\t\t\t\t<span class=\"margin-bottom-after-occupation\">Librarian<\/span>\t\t\t\t\t<\/div>\n\n\t\t\t\t\t<div class=\"col\">\n\t\t\t\t\t\t\t\t\t\t\t\t\t\t<span>\n\t\t\t\t\t\t\t\t\t<div class=\"i-wrap\">\n\t\t\t\t\t\t\t\t\t\t<img decoding=\"async\" src=\"\/wp-content\/uploads\/2022\/08\/Icon-ionic-md-mail-open.svg\" alt=\"Email\" aria-hidden=\"true\"\/>\n\t\t\t\t\t\t\t\t\t<\/div>\n\t\t\t\t\t\t\t\t\t<a href=\"mailto:inga.lehis@tktk.ee\">inga.lehis@tktk.ee<\/a>\n\t\t\t\t\t\t\t\t<\/span>\n\t\t\t\t\t\t\t\n\t\t\t\t\t\t\t\t\t\t\t\t\t<span>\n\t\t\t\t\t\t\t\t<div class=\"i-wrap\">\n\t\t\t\t\t\t\t\t\t<img decoding=\"async\" src=\"\/wp-content\/uploads\/2022\/08\/Icon-awesome-phone-alt.svg\" alt=\"Phone\" aria-hidden=\"true\"\/>\n\t\t\t\t\t\t\t\t<\/div>\n\t\t\t\t\t\t\t\t666 4529\t\t\t\t\t\t\t<\/span>\n\t\t\t\t\t\t\n\t\t\t\t\t\t\t\t\t\t\t\t\t<span>\n\t\t\t\t\t\t\t\t<div class=\"i-wrap\">\n\t\t\t\t\t\t\t\t\t<img decoding=\"async\" src=\"\/wp-content\/uploads\/2022\/08\/Icon-material-room.svg\" alt=\"Location\" aria-hidden=\"true\"\/>\n\t\t\t\t\t\t\t\t<\/div>\n\t\t\t\t\t\t\t\tTLN-A002\t\t\t\t\t\t\t<\/span>\n\t\t\t\t\t\t\n\t\t\t\t\t\t\t\t\t\t\t<\/div>\n\t\t\t\t\t\n\t\t\t\t<\/div>\n\t\t\t\t\n\t\t\t<\/div>\n\t\t\t\t\t<div class=\"nbl-contact-card\">\n\t\t\t\t\t\t\t\t\t<div class=\"contact-visual contact-cards-upper-line nbl-card-layout-line\"><\/div>\n\t\t\t\t\t\t\t\t<div class=\"main\">\n\t\t\t\t\t\n\t\t\t\t\t<div class=\"col\">\n\t\t\t\t\t\t<span class=\"contacts-name\">Kadri Isotamm<\/span>\n\t\t\t\t\t<\/div>\n\n\t\t\t\t\t<div class=\"col\">\n\t\t\t\t\t\t<span class=\"margin-bottom-after-occupation\">Librarian<\/span>\t\t\t\t\t<\/div>\n\n\t\t\t\t\t<div class=\"col\">\n\t\t\t\t\t\t\t\t\t\t\t\t\t\t<span>\n\t\t\t\t\t\t\t\t\t<div class=\"i-wrap\">\n\t\t\t\t\t\t\t\t\t\t<img decoding=\"async\" src=\"\/wp-content\/uploads\/2022\/08\/Icon-ionic-md-mail-open.svg\" alt=\"Email\" aria-hidden=\"true\"\/>\n\t\t\t\t\t\t\t\t\t<\/div>\n\t\t\t\t\t\t\t\t\t<a href=\"mailto:kadri.isotamm@tktk.ee\">kadri.isotamm@tktk.ee<\/a>\n\t\t\t\t\t\t\t\t<\/span>\n\t\t\t\t\t\t\t\n\t\t\t\t\t\t\t\t\t\t\t\t\t<span>\n\t\t\t\t\t\t\t\t<div class=\"i-wrap\">\n\t\t\t\t\t\t\t\t\t<img decoding=\"async\" src=\"\/wp-content\/uploads\/2022\/08\/Icon-awesome-phone-alt.svg\" alt=\"Phone\" aria-hidden=\"true\"\/>\n\t\t\t\t\t\t\t\t<\/div>\n\t\t\t\t\t\t\t\t329 5972\t\t\t\t\t\t\t<\/span>\n\t\t\t\t\t\t\n\t\t\t\t\t\t\t\t\t\t\t\t\t<span>\n\t\t\t\t\t\t\t\t<div class=\"i-wrap\">\n\t\t\t\t\t\t\t\t\t<img decoding=\"async\" src=\"\/wp-content\/uploads\/2022\/08\/Icon-material-room.svg\" alt=\"Location\" aria-hidden=\"true\"\/>\n\t\t\t\t\t\t\t\t<\/div>\n\t\t\t\t\t\t\t\tMDR-G205, M\u00f5driku, Tiigivahe tee 2, L\u00e4\u00e4ne-Virumaa\t\t\t\t\t\t\t<\/span>\n\t\t\t\t\t\t\n\t\t\t\t\t\t\t\t\t\t\t<\/div>\n\t\t\t\t\t\n\t\t\t\t<\/div>\n\t\t\t\t\n\t\t\t<\/div>\n\t\t\t\t\t<div class=\"nbl-contact-card\">\n\t\t\t\t\t\t\t\t\t<div class=\"contact-visual contact-cards-upper-line nbl-card-layout-line\"><\/div>\n\t\t\t\t\t\t\t\t<div class=\"main\">\n\t\t\t\t\t\n\t\t\t\t\t<div class=\"col\">\n\t\t\t\t\t\t<span class=\"contacts-name\">Tiina Saare<\/span>\n\t\t\t\t\t<\/div>\n\n\t\t\t\t\t<div class=\"col\">\n\t\t\t\t\t\t<span class=\"margin-bottom-after-occupation\">Librarian<\/span>\t\t\t\t\t<\/div>\n\n\t\t\t\t\t<div class=\"col\">\n\t\t\t\t\t\t\t\t\t\t\t\t\t\t<span>\n\t\t\t\t\t\t\t\t\t<div class=\"i-wrap\">\n\t\t\t\t\t\t\t\t\t\t<img decoding=\"async\" src=\"\/wp-content\/uploads\/2022\/08\/Icon-ionic-md-mail-open.svg\" alt=\"Email\" aria-hidden=\"true\"\/>\n\t\t\t\t\t\t\t\t\t<\/div>\n\t\t\t\t\t\t\t\t\t<a href=\"mailto:tiina.saare@tktk.ee\">tiina.saare@tktk.ee<\/a>\n\t\t\t\t\t\t\t\t<\/span>\n\t\t\t\t\t\t\t\n\t\t\t\t\t\t\t\t\t\t\t\t\t<span>\n\t\t\t\t\t\t\t\t<div class=\"i-wrap\">\n\t\t\t\t\t\t\t\t\t<img decoding=\"async\" src=\"\/wp-content\/uploads\/2022\/08\/Icon-awesome-phone-alt.svg\" alt=\"Phone\" aria-hidden=\"true\"\/>\n\t\t\t\t\t\t\t\t<\/div>\n\t\t\t\t\t\t\t\t329 5972\t\t\t\t\t\t\t<\/span>\n\t\t\t\t\t\t\n\t\t\t\t\t\t\t\t\t\t\t\t\t<span>\n\t\t\t\t\t\t\t\t<div class=\"i-wrap\">\n\t\t\t\t\t\t\t\t\t<img decoding=\"async\" src=\"\/wp-content\/uploads\/2022\/08\/Icon-material-room.svg\" alt=\"Location\" aria-hidden=\"true\"\/>\n\t\t\t\t\t\t\t\t<\/div>\n\t\t\t\t\t\t\t\tMDR-G205\t\t\t\t\t\t\t<\/span>\n\t\t\t\t\t\t\n\t\t\t\t\t\t\t\t\t\t\t<\/div>\n\t\t\t\t\t\n\t\t\t\t<\/div>\n\t\t\t\t\n\t\t\t<\/div>\n\t\t    <\/div>\n","protected":false},"excerpt":{"rendered":"","protected":false},"author":3,"featured_media":0,"parent":13888,"menu_order":12,"comment_status":"closed","ping_status":"closed","template":"","meta":{"_acf_changed":false,"inline_featured_image":false,"footnotes":""},"h_menuu_susteem":[442],"class_list":["post-13928","page","type-page","status-publish","hentry","h_menuu_susteem-kuvab-naaberlehti-en"],"acf":[],"yoast_head":"<!-- This site is optimized with the Yoast SEO plugin v27.2 - https:\/\/yoast.com\/product\/yoast-seo-wordpress\/ -->\n<title>Library - Tallinna Tehnikak\u00f5rgkool<\/title>\n<meta name=\"robots\" content=\"index, follow, max-snippet:-1, max-image-preview:large, max-video-preview:-1\" \/>\n<link rel=\"canonical\" href=\"https:\/\/www.tktk.ee\/en\/about-us\/contacts\/library\/\" \/>\n<meta property=\"og:locale\" content=\"en_US\" \/>\n<meta property=\"og:type\" content=\"article\" \/>\n<meta property=\"og:title\" content=\"Library - Tallinna Tehnikak\u00f5rgkool\" \/>\n<meta property=\"og:url\" content=\"https:\/\/www.tktk.ee\/en\/about-us\/contacts\/library\/\" \/>\n<meta property=\"og:site_name\" content=\"Tallinna Tehnikak\u00f5rgkool\" \/>\n<meta property=\"article:modified_time\" content=\"2024-11-28T08:35:18+00:00\" \/>\n<meta name=\"twitter:card\" content=\"summary_large_image\" \/>\n<script type=\"application\/ld+json\" class=\"yoast-schema-graph\">{\"@context\":\"https:\/\/schema.org\",\"@graph\":[{\"@type\":\"WebPage\",\"@id\":\"https:\/\/www.tktk.ee\/en\/about-us\/contacts\/library\/\",\"url\":\"https:\/\/www.tktk.ee\/en\/about-us\/contacts\/library\/\",\"name\":\"Library - Tallinna Tehnikak\u00f5rgkool\",\"isPartOf\":{\"@id\":\"https:\/\/www.tktk.ee\/en\/#website\"},\"datePublished\":\"2022-02-16T13:21:59+00:00\",\"dateModified\":\"2024-11-28T08:35:18+00:00\",\"breadcrumb\":{\"@id\":\"https:\/\/www.tktk.ee\/en\/about-us\/contacts\/library\/#breadcrumb\"},\"inLanguage\":\"en-US\",\"potentialAction\":[{\"@type\":\"ReadAction\",\"target\":[\"https:\/\/www.tktk.ee\/en\/about-us\/contacts\/library\/\"]}]},{\"@type\":\"BreadcrumbList\",\"@id\":\"https:\/\/www.tktk.ee\/en\/about-us\/contacts\/library\/#breadcrumb\",\"itemListElement\":[{\"@type\":\"ListItem\",\"position\":1,\"name\":\"Front-page\",\"item\":\"https:\/\/www.tktk.ee\/en\/\"},{\"@type\":\"ListItem\",\"position\":2,\"name\":\"About us\",\"item\":\"https:\/\/www.tktk.ee\/en\/about-us\/?lang=en\"},{\"@type\":\"ListItem\",\"position\":3,\"name\":\"Contacts\",\"item\":\"https:\/\/www.tktk.ee\/en\/about-us\/contacts\/\"},{\"@type\":\"ListItem\",\"position\":4,\"name\":\"Library\"}]},{\"@type\":\"WebSite\",\"@id\":\"https:\/\/www.tktk.ee\/en\/#website\",\"url\":\"https:\/\/www.tktk.ee\/en\/\",\"name\":\"Tallinna Tehnikak\u00f5rgkool\",\"description\":\"\",\"publisher\":{\"@id\":\"https:\/\/www.tktk.ee\/en\/#organization\"},\"alternateName\":\"TTK\",\"potentialAction\":[{\"@type\":\"SearchAction\",\"target\":{\"@type\":\"EntryPoint\",\"urlTemplate\":\"https:\/\/www.tktk.ee\/en\/?s={search_term_string}\"},\"query-input\":{\"@type\":\"PropertyValueSpecification\",\"valueRequired\":true,\"valueName\":\"search_term_string\"}}],\"inLanguage\":\"en-US\"},{\"@type\":\"Organization\",\"@id\":\"https:\/\/www.tktk.ee\/en\/#organization\",\"name\":\"Tallinna Tehnikak\u00f5rgkool\",\"url\":\"https:\/\/www.tktk.ee\/en\/\",\"logo\":{\"@type\":\"ImageObject\",\"inLanguage\":\"en-US\",\"@id\":\"https:\/\/www.tktk.ee\/en\/#\/schema\/logo\/image\/\",\"url\":\"https:\/\/www.tktk.ee\/wp-content\/uploads\/2021\/12\/ttk_logo_originaal_UKR-2.svg\",\"contentUrl\":\"https:\/\/www.tktk.ee\/wp-content\/uploads\/2021\/12\/ttk_logo_originaal_UKR-2.svg\",\"caption\":\"Tallinna Tehnikak\u00f5rgkool\"},\"image\":{\"@id\":\"https:\/\/www.tktk.ee\/en\/#\/schema\/logo\/image\/\"}}]}<\/script>\n<!-- \/ Yoast SEO plugin. -->","yoast_head_json":{"title":"Library - Tallinna Tehnikak\u00f5rgkool","robots":{"index":"index","follow":"follow","max-snippet":"max-snippet:-1","max-image-preview":"max-image-preview:large","max-video-preview":"max-video-preview:-1"},"canonical":"https:\/\/www.tktk.ee\/en\/about-us\/contacts\/library\/","og_locale":"en_US","og_type":"article","og_title":"Library - Tallinna Tehnikak\u00f5rgkool","og_url":"https:\/\/www.tktk.ee\/en\/about-us\/contacts\/library\/","og_site_name":"Tallinna Tehnikak\u00f5rgkool","article_modified_time":"2024-11-28T08:35:18+00:00","twitter_card":"summary_large_image","schema":{"@context":"https:\/\/schema.org","@graph":[{"@type":"WebPage","@id":"https:\/\/www.tktk.ee\/en\/about-us\/contacts\/library\/","url":"https:\/\/www.tktk.ee\/en\/about-us\/contacts\/library\/","name":"Library - Tallinna Tehnikak\u00f5rgkool","isPartOf":{"@id":"https:\/\/www.tktk.ee\/en\/#website"},"datePublished":"2022-02-16T13:21:59+00:00","dateModified":"2024-11-28T08:35:18+00:00","breadcrumb":{"@id":"https:\/\/www.tktk.ee\/en\/about-us\/contacts\/library\/#breadcrumb"},"inLanguage":"en-US","potentialAction":[{"@type":"ReadAction","target":["https:\/\/www.tktk.ee\/en\/about-us\/contacts\/library\/"]}]},{"@type":"BreadcrumbList","@id":"https:\/\/www.tktk.ee\/en\/about-us\/contacts\/library\/#breadcrumb","itemListElement":[{"@type":"ListItem","position":1,"name":"Front-page","item":"https:\/\/www.tktk.ee\/en\/"},{"@type":"ListItem","position":2,"name":"About us","item":"https:\/\/www.tktk.ee\/en\/about-us\/?lang=en"},{"@type":"ListItem","position":3,"name":"Contacts","item":"https:\/\/www.tktk.ee\/en\/about-us\/contacts\/"},{"@type":"ListItem","position":4,"name":"Library"}]},{"@type":"WebSite","@id":"https:\/\/www.tktk.ee\/en\/#website","url":"https:\/\/www.tktk.ee\/en\/","name":"Tallinna Tehnikak\u00f5rgkool","description":"","publisher":{"@id":"https:\/\/www.tktk.ee\/en\/#organization"},"alternateName":"TTK","potentialAction":[{"@type":"SearchAction","target":{"@type":"EntryPoint","urlTemplate":"https:\/\/www.tktk.ee\/en\/?s={search_term_string}"},"query-input":{"@type":"PropertyValueSpecification","valueRequired":true,"valueName":"search_term_string"}}],"inLanguage":"en-US"},{"@type":"Organization","@id":"https:\/\/www.tktk.ee\/en\/#organization","name":"Tallinna Tehnikak\u00f5rgkool","url":"https:\/\/www.tktk.ee\/en\/","logo":{"@type":"ImageObject","inLanguage":"en-US","@id":"https:\/\/www.tktk.ee\/en\/#\/schema\/logo\/image\/","url":"https:\/\/www.tktk.ee\/wp-content\/uploads\/2021\/12\/ttk_logo_originaal_UKR-2.svg","contentUrl":"https:\/\/www.tktk.ee\/wp-content\/uploads\/2021\/12\/ttk_logo_originaal_UKR-2.svg","caption":"Tallinna Tehnikak\u00f5rgkool"},"image":{"@id":"https:\/\/www.tktk.ee\/en\/#\/schema\/logo\/image\/"}}]}},"_links":{"self":[{"href":"https:\/\/www.tktk.ee\/en\/wp-json\/wp\/v2\/pages\/13928","targetHints":{"allow":["GET"]}}],"collection":[{"href":"https:\/\/www.tktk.ee\/en\/wp-json\/wp\/v2\/pages"}],"about":[{"href":"https:\/\/www.tktk.ee\/en\/wp-json\/wp\/v2\/types\/page"}],"author":[{"embeddable":true,"href":"https:\/\/www.tktk.ee\/en\/wp-json\/wp\/v2\/users\/3"}],"replies":[{"embeddable":true,"href":"https:\/\/www.tktk.ee\/en\/wp-json\/wp\/v2\/comments?post=13928"}],"version-history":[{"count":3,"href":"https:\/\/www.tktk.ee\/en\/wp-json\/wp\/v2\/pages\/13928\/revisions"}],"predecessor-version":[{"id":40168,"href":"https:\/\/www.tktk.ee\/en\/wp-json\/wp\/v2\/pages\/13928\/revisions\/40168"}],"up":[{"embeddable":true,"href":"https:\/\/www.tktk.ee\/en\/wp-json\/wp\/v2\/pages\/13888"}],"wp:attachment":[{"href":"https:\/\/www.tktk.ee\/en\/wp-json\/wp\/v2\/media?parent=13928"}],"wp:term":[{"taxonomy":"h_menuu_susteem","embeddable":true,"href":"https:\/\/www.tktk.ee\/en\/wp-json\/wp\/v2\/h_menuu_susteem?post=13928"}],"curies":[{"name":"wp","href":"https:\/\/api.w.org\/{rel}","templated":true}]}}