{"id":13950,"date":"2022-03-09T07:19:48","date_gmt":"2022-03-09T07:19:48","guid":{"rendered":"http:\/\/www.tktk.ee\/?page_id=13950"},"modified":"2022-03-18T13:43:32","modified_gmt":"2022-03-18T13:43:32","slug":"how-to-find-us","status":"publish","type":"page","link":"https:\/\/www.tktk.ee\/en\/about-us\/how-to-find-us\/","title":{"rendered":"How to find us"},"content":{"rendered":"\n<h3 class=\"wp-block-heading\">TTK University of Applied Sciences Tallinn campus<\/h3>\n\n\n\n<p>P\u00e4rnu mnt 62<br>10135 Tallinn<\/p>\n\n\n\n<iframe src=\"https:\/\/www.google.com\/maps\/embed?pb=!1m18!1m12!1m3!1d2029.4070189964893!2d24.739071351947416!3d59.42628598160304!2m3!1f0!2f0!3f0!3m2!1i1024!2i768!4f13.1!3m3!1m2!1s0x46929499b39b1cb3%3A0x3491205fb37673e0!2sTallinna%20Tehnikak%C3%B5rgkool!5e0!3m2!1set!2see!4v1646810590223!5m2!1set!2see\" style=\"border:0;\" allowfullscreen=\"\" loading=\"lazy\" width=\"600\" height=\"450\"><\/iframe>\n\n\n\n<h3 class=\"wp-block-heading\">TTK Institute of Service Economy<\/h3>\n\n\n\n<p>Tiigivahe tee 2<br>46609 M\u00f5driku<br>L\u00e4\u00e4ne-Virumaa<\/p>\n\n\n\n<iframe src=\"https:\/\/www.google.com\/maps\/embed?pb=!1m18!1m12!1m3!1d2037.284824257223!2d26.43074685194324!3d59.29480018155668!2m3!1f0!2f0!3f0!3m2!1i1024!2i768!4f13.1!3m3!1m2!1s0x46937724f964c5d9%3A0x20dce76d6722cd7!2sM%C3%B5driku%20tee%2C%20Vinni%2C%2046601%20L%C3%A4%C3%A4ne-Viru%20maakond!5e0!3m2!1set!2see!4v1646810628809!5m2!1set!2see\" style=\"border:0;\" allowfullscreen=\"\" loading=\"lazy\" width=\"600\" height=\"450\"><\/iframe>\n","protected":false},"excerpt":{"rendered":"<p>TTK University of Applied Sciences Tallinn campus P\u00e4rnu mnt 6210135 Tallinn TTK Institute of Service Economy Tiigivahe tee 246609 M\u00f5drikuL\u00e4\u00e4ne-Virumaa<\/p>\n","protected":false},"author":3,"featured_media":0,"parent":13590,"menu_order":6,"comment_status":"closed","ping_status":"closed","template":"","meta":{"_acf_changed":false,"inline_featured_image":false,"footnotes":""},"h_menuu_susteem":[],"class_list":["post-13950","page","type-page","status-publish","hentry"],"acf":[],"yoast_head":"<!-- This site is optimized with the Yoast SEO plugin v27.4 - https:\/\/yoast.com\/product\/yoast-seo-wordpress\/ -->\n<title>How to find us - Tallinna Tehnikak\u00f5rgkool<\/title>\n<meta name=\"robots\" content=\"index, follow, max-snippet:-1, max-image-preview:large, max-video-preview:-1\" \/>\n<link rel=\"canonical\" href=\"https:\/\/www.tktk.ee\/en\/about-us\/how-to-find-us\/\" \/>\n<meta property=\"og:locale\" content=\"en_US\" \/>\n<meta property=\"og:type\" content=\"article\" \/>\n<meta property=\"og:title\" content=\"How to find us - Tallinna Tehnikak\u00f5rgkool\" \/>\n<meta property=\"og:description\" content=\"TTK University of Applied Sciences Tallinn campus P\u00e4rnu mnt 6210135 Tallinn TTK Institute of Service Economy Tiigivahe tee 246609 M\u00f5drikuL\u00e4\u00e4ne-Virumaa\" \/>\n<meta property=\"og:url\" content=\"https:\/\/www.tktk.ee\/en\/about-us\/how-to-find-us\/\" \/>\n<meta property=\"og:site_name\" content=\"Tallinna Tehnikak\u00f5rgkool\" \/>\n<meta property=\"article:modified_time\" content=\"2022-03-18T13:43:32+00:00\" \/>\n<meta name=\"twitter:card\" content=\"summary_large_image\" \/>\n<meta name=\"twitter:label1\" content=\"Est. reading time\" \/>\n\t<meta name=\"twitter:data1\" content=\"1 minute\" \/>\n<script type=\"application\/ld+json\" class=\"yoast-schema-graph\">{\"@context\":\"https:\\\/\\\/schema.org\",\"@graph\":[{\"@type\":\"WebPage\",\"@id\":\"https:\\\/\\\/www.tktk.ee\\\/en\\\/about-us\\\/how-to-find-us\\\/\",\"url\":\"https:\\\/\\\/www.tktk.ee\\\/en\\\/about-us\\\/how-to-find-us\\\/\",\"name\":\"How to find us - Tallinna Tehnikak\u00f5rgkool\",\"isPartOf\":{\"@id\":\"https:\\\/\\\/www.tktk.ee\\\/en\\\/#website\"},\"datePublished\":\"2022-03-09T07:19:48+00:00\",\"dateModified\":\"2022-03-18T13:43:32+00:00\",\"breadcrumb\":{\"@id\":\"https:\\\/\\\/www.tktk.ee\\\/en\\\/about-us\\\/how-to-find-us\\\/#breadcrumb\"},\"inLanguage\":\"en-US\",\"potentialAction\":[{\"@type\":\"ReadAction\",\"target\":[\"https:\\\/\\\/www.tktk.ee\\\/en\\\/about-us\\\/how-to-find-us\\\/\"]}]},{\"@type\":\"BreadcrumbList\",\"@id\":\"https:\\\/\\\/www.tktk.ee\\\/en\\\/about-us\\\/how-to-find-us\\\/#breadcrumb\",\"itemListElement\":[{\"@type\":\"ListItem\",\"position\":1,\"name\":\"Front-page\",\"item\":\"https:\\\/\\\/www.tktk.ee\\\/en\\\/\"},{\"@type\":\"ListItem\",\"position\":2,\"name\":\"About us\",\"item\":\"https:\\\/\\\/www.tktk.ee\\\/en\\\/about-us\\\/?lang=en\"},{\"@type\":\"ListItem\",\"position\":3,\"name\":\"How to find us\"}]},{\"@type\":\"WebSite\",\"@id\":\"https:\\\/\\\/www.tktk.ee\\\/en\\\/#website\",\"url\":\"https:\\\/\\\/www.tktk.ee\\\/en\\\/\",\"name\":\"Tallinna Tehnikak\u00f5rgkool\",\"description\":\"\",\"publisher\":{\"@id\":\"https:\\\/\\\/www.tktk.ee\\\/en\\\/#organization\"},\"alternateName\":\"TTK\",\"potentialAction\":[{\"@type\":\"SearchAction\",\"target\":{\"@type\":\"EntryPoint\",\"urlTemplate\":\"https:\\\/\\\/www.tktk.ee\\\/en\\\/?s={search_term_string}\"},\"query-input\":{\"@type\":\"PropertyValueSpecification\",\"valueRequired\":true,\"valueName\":\"search_term_string\"}}],\"inLanguage\":\"en-US\"},{\"@type\":\"Organization\",\"@id\":\"https:\\\/\\\/www.tktk.ee\\\/en\\\/#organization\",\"name\":\"Tallinna Tehnikak\u00f5rgkool\",\"url\":\"https:\\\/\\\/www.tktk.ee\\\/en\\\/\",\"logo\":{\"@type\":\"ImageObject\",\"inLanguage\":\"en-US\",\"@id\":\"https:\\\/\\\/www.tktk.ee\\\/en\\\/#\\\/schema\\\/logo\\\/image\\\/\",\"url\":\"https:\\\/\\\/www.tktk.ee\\\/wp-content\\\/uploads\\\/2021\\\/12\\\/ttk_logo_originaal_UKR-2.svg\",\"contentUrl\":\"https:\\\/\\\/www.tktk.ee\\\/wp-content\\\/uploads\\\/2021\\\/12\\\/ttk_logo_originaal_UKR-2.svg\",\"caption\":\"Tallinna Tehnikak\u00f5rgkool\"},\"image\":{\"@id\":\"https:\\\/\\\/www.tktk.ee\\\/en\\\/#\\\/schema\\\/logo\\\/image\\\/\"}}]}<\/script>\n<!-- \/ Yoast SEO plugin. -->","yoast_head_json":{"title":"How to find us - Tallinna Tehnikak\u00f5rgkool","robots":{"index":"index","follow":"follow","max-snippet":"max-snippet:-1","max-image-preview":"max-image-preview:large","max-video-preview":"max-video-preview:-1"},"canonical":"https:\/\/www.tktk.ee\/en\/about-us\/how-to-find-us\/","og_locale":"en_US","og_type":"article","og_title":"How to find us - Tallinna Tehnikak\u00f5rgkool","og_description":"TTK University of Applied Sciences Tallinn campus P\u00e4rnu mnt 6210135 Tallinn TTK Institute of Service Economy Tiigivahe tee 246609 M\u00f5drikuL\u00e4\u00e4ne-Virumaa","og_url":"https:\/\/www.tktk.ee\/en\/about-us\/how-to-find-us\/","og_site_name":"Tallinna Tehnikak\u00f5rgkool","article_modified_time":"2022-03-18T13:43:32+00:00","twitter_card":"summary_large_image","twitter_misc":{"Est. reading time":"1 minute"},"schema":{"@context":"https:\/\/schema.org","@graph":[{"@type":"WebPage","@id":"https:\/\/www.tktk.ee\/en\/about-us\/how-to-find-us\/","url":"https:\/\/www.tktk.ee\/en\/about-us\/how-to-find-us\/","name":"How to find us - Tallinna Tehnikak\u00f5rgkool","isPartOf":{"@id":"https:\/\/www.tktk.ee\/en\/#website"},"datePublished":"2022-03-09T07:19:48+00:00","dateModified":"2022-03-18T13:43:32+00:00","breadcrumb":{"@id":"https:\/\/www.tktk.ee\/en\/about-us\/how-to-find-us\/#breadcrumb"},"inLanguage":"en-US","potentialAction":[{"@type":"ReadAction","target":["https:\/\/www.tktk.ee\/en\/about-us\/how-to-find-us\/"]}]},{"@type":"BreadcrumbList","@id":"https:\/\/www.tktk.ee\/en\/about-us\/how-to-find-us\/#breadcrumb","itemListElement":[{"@type":"ListItem","position":1,"name":"Front-page","item":"https:\/\/www.tktk.ee\/en\/"},{"@type":"ListItem","position":2,"name":"About us","item":"https:\/\/www.tktk.ee\/en\/about-us\/?lang=en"},{"@type":"ListItem","position":3,"name":"How to find us"}]},{"@type":"WebSite","@id":"https:\/\/www.tktk.ee\/en\/#website","url":"https:\/\/www.tktk.ee\/en\/","name":"Tallinna Tehnikak\u00f5rgkool","description":"","publisher":{"@id":"https:\/\/www.tktk.ee\/en\/#organization"},"alternateName":"TTK","potentialAction":[{"@type":"SearchAction","target":{"@type":"EntryPoint","urlTemplate":"https:\/\/www.tktk.ee\/en\/?s={search_term_string}"},"query-input":{"@type":"PropertyValueSpecification","valueRequired":true,"valueName":"search_term_string"}}],"inLanguage":"en-US"},{"@type":"Organization","@id":"https:\/\/www.tktk.ee\/en\/#organization","name":"Tallinna Tehnikak\u00f5rgkool","url":"https:\/\/www.tktk.ee\/en\/","logo":{"@type":"ImageObject","inLanguage":"en-US","@id":"https:\/\/www.tktk.ee\/en\/#\/schema\/logo\/image\/","url":"https:\/\/www.tktk.ee\/wp-content\/uploads\/2021\/12\/ttk_logo_originaal_UKR-2.svg","contentUrl":"https:\/\/www.tktk.ee\/wp-content\/uploads\/2021\/12\/ttk_logo_originaal_UKR-2.svg","caption":"Tallinna Tehnikak\u00f5rgkool"},"image":{"@id":"https:\/\/www.tktk.ee\/en\/#\/schema\/logo\/image\/"}}]}},"_links":{"self":[{"href":"https:\/\/www.tktk.ee\/en\/wp-json\/wp\/v2\/pages\/13950","targetHints":{"allow":["GET"]}}],"collection":[{"href":"https:\/\/www.tktk.ee\/en\/wp-json\/wp\/v2\/pages"}],"about":[{"href":"https:\/\/www.tktk.ee\/en\/wp-json\/wp\/v2\/types\/page"}],"author":[{"embeddable":true,"href":"https:\/\/www.tktk.ee\/en\/wp-json\/wp\/v2\/users\/3"}],"replies":[{"embeddable":true,"href":"https:\/\/www.tktk.ee\/en\/wp-json\/wp\/v2\/comments?post=13950"}],"version-history":[{"count":3,"href":"https:\/\/www.tktk.ee\/en\/wp-json\/wp\/v2\/pages\/13950\/revisions"}],"predecessor-version":[{"id":15754,"href":"https:\/\/www.tktk.ee\/en\/wp-json\/wp\/v2\/pages\/13950\/revisions\/15754"}],"up":[{"embeddable":true,"href":"https:\/\/www.tktk.ee\/en\/wp-json\/wp\/v2\/pages\/13590"}],"wp:attachment":[{"href":"https:\/\/www.tktk.ee\/en\/wp-json\/wp\/v2\/media?parent=13950"}],"wp:term":[{"taxonomy":"h_menuu_susteem","embeddable":true,"href":"https:\/\/www.tktk.ee\/en\/wp-json\/wp\/v2\/h_menuu_susteem?post=13950"}],"curies":[{"name":"wp","href":"https:\/\/api.w.org\/{rel}","templated":true}]}}