{"id":15794,"date":"2022-03-18T14:10:11","date_gmt":"2022-03-18T14:10:11","guid":{"rendered":"http:\/\/www.tktk.ee\/?page_id=15794"},"modified":"2022-03-18T14:10:11","modified_gmt":"2022-03-18T14:10:11","slug":"social-and-welfare-services-laboratory","status":"publish","type":"page","link":"https:\/\/www.tktk.ee\/en\/research-and-innovation\/testing-and-laboratories\/institute-of-service-economy\/social-and-welfare-services-laboratory\/","title":{"rendered":"Social and Welfare Services Laboratory"},"content":{"rendered":"\n<div class=\"wp-block-columns is-layout-flex wp-container-core-columns-is-layout-28f84493 wp-block-columns-is-layout-flex\">\n<div class=\"wp-block-column is-layout-flow wp-block-column-is-layout-flow\" style=\"flex-basis:66.66%\">\n<p>Social and Welfare Services Laboratory focuses on testing social and welfare services before deployment, testing and combining smart devices and aids, simulation and virtual reality solutions in social work. Laboratory equipment includes devices in the field of vibratory acoustics, light therapy, infrared therapy and support for mental health, subjective wellbeing.<\/p>\n<\/div>\n\n\n\n<div class=\"wp-block-column is-layout-flow wp-block-column-is-layout-flow\" style=\"flex-basis:33.33%\">\n<figure class=\"wp-block-image size-full\"><img fetchpriority=\"high\" decoding=\"async\" width=\"624\" height=\"832\" src=\"https:\/\/www.tktk.ee\/wp-content\/uploads\/2022\/01\/robot-pepper-624x832-1.jpg\" alt=\"\" class=\"wp-image-14376\" srcset=\"https:\/\/www.tktk.ee\/wp-content\/uploads\/2022\/01\/robot-pepper-624x832-1.jpg 624w, https:\/\/www.tktk.ee\/wp-content\/uploads\/2022\/01\/robot-pepper-624x832-1-225x300.jpg 225w\" sizes=\"(max-width: 624px) 100vw, 624px\" \/><\/figure>\n<\/div>\n<\/div>\n\n\n    <div class=\"nbl-contacts-container \">\n\t\t\t\t\t<div class=\"nbl-contact-card\">\n\t\t\t\t\t\t\t\t\t<div class=\"contact-visual contact-cards-upper-line \"><\/div>\n\t\t\t\t\t\t\t\t<div class=\"main\">\n\t\t\t\t\t\n\t\t\t\t\t<div class=\"col\">\n\t\t\t\t\t\t<span class=\"contacts-name\">Helen Kool<\/span>\n\t\t\t\t\t<\/div>\n\n\t\t\t\t\t<div class=\"col\">\n\t\t\t\t\t\t<span class=\"margin-bottom-after-occupation\">Leading Lecturer<\/span>\t\t\t\t\t<\/div>\n\n\t\t\t\t\t<div class=\"col\">\n\t\t\t\t\t\t\t\t\t\t\t\t\t\t<span>\n\t\t\t\t\t\t\t\t\t<div class=\"i-wrap\">\n\t\t\t\t\t\t\t\t\t\t<img decoding=\"async\" src=\"\/wp-content\/uploads\/2022\/08\/Icon-ionic-md-mail-open.svg\" alt=\"Email\" aria-hidden=\"true\"\/>\n\t\t\t\t\t\t\t\t\t<\/div>\n\t\t\t\t\t\t\t\t\t<a href=\"mailto:helen.kool@tktk.ee\">helen.kool@tktk.ee<\/a>\n\t\t\t\t\t\t\t\t<\/span>\n\t\t\t\t\t\t\t\n\t\t\t\t\t\t\t\t\t\t\t\t\t<span>\n\t\t\t\t\t\t\t\t<div class=\"i-wrap\">\n\t\t\t\t\t\t\t\t\t<img decoding=\"async\" src=\"\/wp-content\/uploads\/2022\/08\/Icon-awesome-phone-alt.svg\" alt=\"Phone\" aria-hidden=\"true\"\/>\n\t\t\t\t\t\t\t\t<\/div>\n\t\t\t\t\t\t\t\t329 5975\t\t\t\t\t\t\t<\/span>\n\t\t\t\t\t\t\n\t\t\t\t\t\t\t\t\t\t\t\t\t<span>\n\t\t\t\t\t\t\t\t<div class=\"i-wrap\">\n\t\t\t\t\t\t\t\t\t<img decoding=\"async\" src=\"\/wp-content\/uploads\/2022\/08\/Icon-material-room.svg\" alt=\"Location\" aria-hidden=\"true\"\/>\n\t\t\t\t\t\t\t\t<\/div>\n\t\t\t\t\t\t\t\tMDR-G203; Tiigivahe tee 1, M\u00f5driku, L\u00e4\u00e4ne-Virumaa\t\t\t\t\t\t\t<\/span>\n\t\t\t\t\t\t\n\t\t\t\t\t\t\t\t\t\t\t\t\t<span>\n\t\t\t\t\t\t\t\t<div class=\"i-wrap\">\n\t\t\t\t\t\t\t\t\t<div style=\"width:15px;\"><\/div>\n\t\t\t\t\t\t\t\t<\/div>\n\t\t\t\t\t\t\t\t<a href=\"https:\/\/www.etis.ee\/CV\/Helen_Tomp\/est\">CV-ETIS<\/a>\n\t\t\t\t\t\t\t<\/span>\n\t\t\t\t\t\t\t\t\t\t\t<\/div>\n\t\t\t\t\t\n\t\t\t\t<\/div>\n\t\t\t\t\n\t\t\t<\/div>\n\t\t    <\/div>\n","protected":false},"excerpt":{"rendered":"<p>Social and Welfare Services Laboratory focuses on testing social and welfare services before deployment, testing and combining smart devices and aids, simulation and virtual reality solutions in social work. Laboratory equipment includes devices in the field of vibratory acoustics, light therapy, infrared therapy and support for mental health, subjective wellbeing.<\/p>\n","protected":false},"author":6,"featured_media":0,"parent":13420,"menu_order":0,"comment_status":"closed","ping_status":"closed","template":"","meta":{"_acf_changed":false,"inline_featured_image":false,"footnotes":""},"h_menuu_susteem":[442],"class_list":["post-15794","page","type-page","status-publish","hentry","h_menuu_susteem-kuvab-naaberlehti-en"],"acf":[],"yoast_head":"<!-- This site is optimized with the Yoast SEO plugin v27.2 - https:\/\/yoast.com\/product\/yoast-seo-wordpress\/ -->\n<title>Social and Welfare Services Laboratory - Tallinna Tehnikak\u00f5rgkool<\/title>\n<meta name=\"robots\" content=\"index, follow, max-snippet:-1, max-image-preview:large, max-video-preview:-1\" \/>\n<link rel=\"canonical\" href=\"https:\/\/www.tktk.ee\/en\/research-and-innovation\/testing-and-laboratories\/institute-of-service-economy\/social-and-welfare-services-laboratory\/\" \/>\n<meta property=\"og:locale\" content=\"en_US\" \/>\n<meta property=\"og:type\" content=\"article\" \/>\n<meta property=\"og:title\" content=\"Social and Welfare Services Laboratory - Tallinna Tehnikak\u00f5rgkool\" \/>\n<meta property=\"og:description\" content=\"Social and Welfare Services Laboratory focuses on testing social and welfare services before deployment, testing and combining smart devices and aids, simulation and virtual reality solutions in social work. Laboratory equipment includes devices in the field of vibratory acoustics, light therapy, infrared therapy and support for mental health, subjective wellbeing.\" \/>\n<meta property=\"og:url\" content=\"https:\/\/www.tktk.ee\/en\/research-and-innovation\/testing-and-laboratories\/institute-of-service-economy\/social-and-welfare-services-laboratory\/\" \/>\n<meta property=\"og:site_name\" content=\"Tallinna Tehnikak\u00f5rgkool\" \/>\n<meta property=\"og:image\" content=\"http:\/\/www.tktk.ee\/wp-content\/uploads\/2022\/01\/robot-pepper-624x832-1.jpg\" \/>\n<meta name=\"twitter:card\" content=\"summary_large_image\" \/>\n<meta name=\"twitter:label1\" content=\"Est. reading time\" \/>\n\t<meta name=\"twitter:data1\" content=\"1 minute\" \/>\n<script type=\"application\/ld+json\" class=\"yoast-schema-graph\">{\"@context\":\"https:\/\/schema.org\",\"@graph\":[{\"@type\":\"WebPage\",\"@id\":\"https:\/\/www.tktk.ee\/en\/research-and-innovation\/testing-and-laboratories\/institute-of-service-economy\/social-and-welfare-services-laboratory\/\",\"url\":\"https:\/\/www.tktk.ee\/en\/research-and-innovation\/testing-and-laboratories\/institute-of-service-economy\/social-and-welfare-services-laboratory\/\",\"name\":\"Social and Welfare Services Laboratory - Tallinna Tehnikak\u00f5rgkool\",\"isPartOf\":{\"@id\":\"https:\/\/www.tktk.ee\/en\/#website\"},\"primaryImageOfPage\":{\"@id\":\"https:\/\/www.tktk.ee\/en\/research-and-innovation\/testing-and-laboratories\/institute-of-service-economy\/social-and-welfare-services-laboratory\/#primaryimage\"},\"image\":{\"@id\":\"https:\/\/www.tktk.ee\/en\/research-and-innovation\/testing-and-laboratories\/institute-of-service-economy\/social-and-welfare-services-laboratory\/#primaryimage\"},\"thumbnailUrl\":\"https:\/\/www.tktk.ee\/wp-content\/uploads\/2022\/01\/robot-pepper-624x832-1.jpg\",\"datePublished\":\"2022-03-18T14:10:11+00:00\",\"breadcrumb\":{\"@id\":\"https:\/\/www.tktk.ee\/en\/research-and-innovation\/testing-and-laboratories\/institute-of-service-economy\/social-and-welfare-services-laboratory\/#breadcrumb\"},\"inLanguage\":\"en-US\",\"potentialAction\":[{\"@type\":\"ReadAction\",\"target\":[\"https:\/\/www.tktk.ee\/en\/research-and-innovation\/testing-and-laboratories\/institute-of-service-economy\/social-and-welfare-services-laboratory\/\"]}]},{\"@type\":\"ImageObject\",\"inLanguage\":\"en-US\",\"@id\":\"https:\/\/www.tktk.ee\/en\/research-and-innovation\/testing-and-laboratories\/institute-of-service-economy\/social-and-welfare-services-laboratory\/#primaryimage\",\"url\":\"https:\/\/www.tktk.ee\/wp-content\/uploads\/2022\/01\/robot-pepper-624x832-1.jpg\",\"contentUrl\":\"https:\/\/www.tktk.ee\/wp-content\/uploads\/2022\/01\/robot-pepper-624x832-1.jpg\"},{\"@type\":\"BreadcrumbList\",\"@id\":\"https:\/\/www.tktk.ee\/en\/research-and-innovation\/testing-and-laboratories\/institute-of-service-economy\/social-and-welfare-services-laboratory\/#breadcrumb\",\"itemListElement\":[{\"@type\":\"ListItem\",\"position\":1,\"name\":\"Front-page\",\"item\":\"https:\/\/www.tktk.ee\/en\/\"},{\"@type\":\"ListItem\",\"position\":2,\"name\":\"Research and Innovation\",\"item\":\"https:\/\/www.tktk.ee\/en\/research-and-innovation\/?lang=en\"},{\"@type\":\"ListItem\",\"position\":3,\"name\":\"Testing and Laboratories\",\"item\":\"https:\/\/www.tktk.ee\/en\/research-and-innovation\/testing-and-laboratories\/\"},{\"@type\":\"ListItem\",\"position\":4,\"name\":\"Institute of Service Economy\",\"item\":\"https:\/\/www.tktk.ee\/en\/research-and-innovation\/testing-and-laboratories\/institute-of-service-economy\/\"},{\"@type\":\"ListItem\",\"position\":5,\"name\":\"Social and Welfare Services Laboratory\"}]},{\"@type\":\"WebSite\",\"@id\":\"https:\/\/www.tktk.ee\/en\/#website\",\"url\":\"https:\/\/www.tktk.ee\/en\/\",\"name\":\"Tallinna Tehnikak\u00f5rgkool\",\"description\":\"\",\"publisher\":{\"@id\":\"https:\/\/www.tktk.ee\/en\/#organization\"},\"alternateName\":\"TTK\",\"potentialAction\":[{\"@type\":\"SearchAction\",\"target\":{\"@type\":\"EntryPoint\",\"urlTemplate\":\"https:\/\/www.tktk.ee\/en\/?s={search_term_string}\"},\"query-input\":{\"@type\":\"PropertyValueSpecification\",\"valueRequired\":true,\"valueName\":\"search_term_string\"}}],\"inLanguage\":\"en-US\"},{\"@type\":\"Organization\",\"@id\":\"https:\/\/www.tktk.ee\/en\/#organization\",\"name\":\"Tallinna Tehnikak\u00f5rgkool\",\"url\":\"https:\/\/www.tktk.ee\/en\/\",\"logo\":{\"@type\":\"ImageObject\",\"inLanguage\":\"en-US\",\"@id\":\"https:\/\/www.tktk.ee\/en\/#\/schema\/logo\/image\/\",\"url\":\"https:\/\/www.tktk.ee\/wp-content\/uploads\/2021\/12\/ttk_logo_originaal_UKR-2.svg\",\"contentUrl\":\"https:\/\/www.tktk.ee\/wp-content\/uploads\/2021\/12\/ttk_logo_originaal_UKR-2.svg\",\"caption\":\"Tallinna Tehnikak\u00f5rgkool\"},\"image\":{\"@id\":\"https:\/\/www.tktk.ee\/en\/#\/schema\/logo\/image\/\"}}]}<\/script>\n<!-- \/ Yoast SEO plugin. -->","yoast_head_json":{"title":"Social and Welfare Services Laboratory - Tallinna Tehnikak\u00f5rgkool","robots":{"index":"index","follow":"follow","max-snippet":"max-snippet:-1","max-image-preview":"max-image-preview:large","max-video-preview":"max-video-preview:-1"},"canonical":"https:\/\/www.tktk.ee\/en\/research-and-innovation\/testing-and-laboratories\/institute-of-service-economy\/social-and-welfare-services-laboratory\/","og_locale":"en_US","og_type":"article","og_title":"Social and Welfare Services Laboratory - Tallinna Tehnikak\u00f5rgkool","og_description":"Social and Welfare Services Laboratory focuses on testing social and welfare services before deployment, testing and combining smart devices and aids, simulation and virtual reality solutions in social work. Laboratory equipment includes devices in the field of vibratory acoustics, light therapy, infrared therapy and support for mental health, subjective wellbeing.","og_url":"https:\/\/www.tktk.ee\/en\/research-and-innovation\/testing-and-laboratories\/institute-of-service-economy\/social-and-welfare-services-laboratory\/","og_site_name":"Tallinna Tehnikak\u00f5rgkool","og_image":[{"url":"http:\/\/www.tktk.ee\/wp-content\/uploads\/2022\/01\/robot-pepper-624x832-1.jpg","type":"","width":"","height":""}],"twitter_card":"summary_large_image","twitter_misc":{"Est. reading time":"1 minute"},"schema":{"@context":"https:\/\/schema.org","@graph":[{"@type":"WebPage","@id":"https:\/\/www.tktk.ee\/en\/research-and-innovation\/testing-and-laboratories\/institute-of-service-economy\/social-and-welfare-services-laboratory\/","url":"https:\/\/www.tktk.ee\/en\/research-and-innovation\/testing-and-laboratories\/institute-of-service-economy\/social-and-welfare-services-laboratory\/","name":"Social and Welfare Services Laboratory - Tallinna Tehnikak\u00f5rgkool","isPartOf":{"@id":"https:\/\/www.tktk.ee\/en\/#website"},"primaryImageOfPage":{"@id":"https:\/\/www.tktk.ee\/en\/research-and-innovation\/testing-and-laboratories\/institute-of-service-economy\/social-and-welfare-services-laboratory\/#primaryimage"},"image":{"@id":"https:\/\/www.tktk.ee\/en\/research-and-innovation\/testing-and-laboratories\/institute-of-service-economy\/social-and-welfare-services-laboratory\/#primaryimage"},"thumbnailUrl":"https:\/\/www.tktk.ee\/wp-content\/uploads\/2022\/01\/robot-pepper-624x832-1.jpg","datePublished":"2022-03-18T14:10:11+00:00","breadcrumb":{"@id":"https:\/\/www.tktk.ee\/en\/research-and-innovation\/testing-and-laboratories\/institute-of-service-economy\/social-and-welfare-services-laboratory\/#breadcrumb"},"inLanguage":"en-US","potentialAction":[{"@type":"ReadAction","target":["https:\/\/www.tktk.ee\/en\/research-and-innovation\/testing-and-laboratories\/institute-of-service-economy\/social-and-welfare-services-laboratory\/"]}]},{"@type":"ImageObject","inLanguage":"en-US","@id":"https:\/\/www.tktk.ee\/en\/research-and-innovation\/testing-and-laboratories\/institute-of-service-economy\/social-and-welfare-services-laboratory\/#primaryimage","url":"https:\/\/www.tktk.ee\/wp-content\/uploads\/2022\/01\/robot-pepper-624x832-1.jpg","contentUrl":"https:\/\/www.tktk.ee\/wp-content\/uploads\/2022\/01\/robot-pepper-624x832-1.jpg"},{"@type":"BreadcrumbList","@id":"https:\/\/www.tktk.ee\/en\/research-and-innovation\/testing-and-laboratories\/institute-of-service-economy\/social-and-welfare-services-laboratory\/#breadcrumb","itemListElement":[{"@type":"ListItem","position":1,"name":"Front-page","item":"https:\/\/www.tktk.ee\/en\/"},{"@type":"ListItem","position":2,"name":"Research and Innovation","item":"https:\/\/www.tktk.ee\/en\/research-and-innovation\/?lang=en"},{"@type":"ListItem","position":3,"name":"Testing and Laboratories","item":"https:\/\/www.tktk.ee\/en\/research-and-innovation\/testing-and-laboratories\/"},{"@type":"ListItem","position":4,"name":"Institute of Service Economy","item":"https:\/\/www.tktk.ee\/en\/research-and-innovation\/testing-and-laboratories\/institute-of-service-economy\/"},{"@type":"ListItem","position":5,"name":"Social and Welfare Services Laboratory"}]},{"@type":"WebSite","@id":"https:\/\/www.tktk.ee\/en\/#website","url":"https:\/\/www.tktk.ee\/en\/","name":"Tallinna Tehnikak\u00f5rgkool","description":"","publisher":{"@id":"https:\/\/www.tktk.ee\/en\/#organization"},"alternateName":"TTK","potentialAction":[{"@type":"SearchAction","target":{"@type":"EntryPoint","urlTemplate":"https:\/\/www.tktk.ee\/en\/?s={search_term_string}"},"query-input":{"@type":"PropertyValueSpecification","valueRequired":true,"valueName":"search_term_string"}}],"inLanguage":"en-US"},{"@type":"Organization","@id":"https:\/\/www.tktk.ee\/en\/#organization","name":"Tallinna Tehnikak\u00f5rgkool","url":"https:\/\/www.tktk.ee\/en\/","logo":{"@type":"ImageObject","inLanguage":"en-US","@id":"https:\/\/www.tktk.ee\/en\/#\/schema\/logo\/image\/","url":"https:\/\/www.tktk.ee\/wp-content\/uploads\/2021\/12\/ttk_logo_originaal_UKR-2.svg","contentUrl":"https:\/\/www.tktk.ee\/wp-content\/uploads\/2021\/12\/ttk_logo_originaal_UKR-2.svg","caption":"Tallinna Tehnikak\u00f5rgkool"},"image":{"@id":"https:\/\/www.tktk.ee\/en\/#\/schema\/logo\/image\/"}}]}},"_links":{"self":[{"href":"https:\/\/www.tktk.ee\/en\/wp-json\/wp\/v2\/pages\/15794","targetHints":{"allow":["GET"]}}],"collection":[{"href":"https:\/\/www.tktk.ee\/en\/wp-json\/wp\/v2\/pages"}],"about":[{"href":"https:\/\/www.tktk.ee\/en\/wp-json\/wp\/v2\/types\/page"}],"author":[{"embeddable":true,"href":"https:\/\/www.tktk.ee\/en\/wp-json\/wp\/v2\/users\/6"}],"replies":[{"embeddable":true,"href":"https:\/\/www.tktk.ee\/en\/wp-json\/wp\/v2\/comments?post=15794"}],"version-history":[{"count":2,"href":"https:\/\/www.tktk.ee\/en\/wp-json\/wp\/v2\/pages\/15794\/revisions"}],"predecessor-version":[{"id":15797,"href":"https:\/\/www.tktk.ee\/en\/wp-json\/wp\/v2\/pages\/15794\/revisions\/15797"}],"up":[{"embeddable":true,"href":"https:\/\/www.tktk.ee\/en\/wp-json\/wp\/v2\/pages\/13420"}],"wp:attachment":[{"href":"https:\/\/www.tktk.ee\/en\/wp-json\/wp\/v2\/media?parent=15794"}],"wp:term":[{"taxonomy":"h_menuu_susteem","embeddable":true,"href":"https:\/\/www.tktk.ee\/en\/wp-json\/wp\/v2\/h_menuu_susteem?post=15794"}],"curies":[{"name":"wp","href":"https:\/\/api.w.org\/{rel}","templated":true}]}}