{"id":20702,"date":"2022-08-21T12:16:00","date_gmt":"2022-08-21T09:16:00","guid":{"rendered":"https:\/\/www.tktk.ee\/?page_id=20702"},"modified":"2022-08-26T09:58:03","modified_gmt":"2022-08-26T06:58:03","slug":"moms","status":"publish","type":"page","link":"https:\/\/www.tktk.ee\/en\/collaboration\/international-projects\/moms\/","title":{"rendered":"ActiveMoms"},"content":{"rendered":"\n<figure class=\"wp-block-image size-full is-resized\"><img decoding=\"async\" src=\"https:\/\/www.tktk.ee\/wp-content\/uploads\/2022\/03\/CB-logo-RGB-300x91-1.jpg\" alt=\"\" class=\"wp-image-13507\" width=\"225\" height=\"68\"\/><\/figure>\n\n\n\n<figure class=\"wp-block-image size-full\"><img decoding=\"async\" width=\"300\" height=\"83\" src=\"https:\/\/www.tktk.ee\/wp-content\/uploads\/2022\/03\/EU-flag-English-horizontal-RGB-300x83-1.jpg\" alt=\"\" class=\"wp-image-13513\"\/><\/figure>\n\n\n\n<p><strong>Active Moms-<\/strong> Social inclusion of women staying at home with their pre-school children through employment, entrepreneurship, networking and volunteering in Latvia and Estonia (2019\u20132021)<\/p>\n\n\n\n<p>Duration 01.08.2019 \u2013 31.12.2021<\/p>\n\n\n\n<p>Project budget is 239 574.00 EUR; co-financing of the European Regional Development Fund (ERDF) is 189 263.46 EUR.<br>The project aims to create a universal model for the social inclusion of target groups (mothers of pre-school children who belong to ethnic minority groups) through employability, entrepreneurship, volunteering and networking. An interactive ICT platform will be developed to provide guidance and self-study opportunities. The Institute of Service Economy of TTK University of Applied Sciences participates in the project together with partners, Latvia University of Life Sciences and Technologies and the association L\u012bdere.<\/p>\n\n\n\n<p>Project results and outcomes:<\/p>\n\n\n\n<p><a href=\"https:\/\/www.tktk.ee\/wp-content\/uploads\/2022\/08\/Model-for-Social-Inclusion-TGRs.pdf\">The holistic model for social inclusion of target group representatives (TGRs)<\/a> through employability, entrepreneurship, volunteering and networking was developed as a result of the project and piloted during 15 events, as well as mentoring and volunteering activities. The events held include Round-table discussions on employment , Entrepreneurship Days and Networking events.<\/p>\n\n\n\n<p>As a result, altogether 472 members of the intended audience took part in the project: 342 in activities and 130 users of ITC platform.<\/p>\n\n\n\n<p>40 mothers in Latvia and Estonia were supported by mentors, and 20 took part in volunteering.<\/p>\n\n\n\n<p>More than 100 stakeholders participated in the project\u2019s activities and provided support, including officials from state agencies, local governments, business support and development centers, incubators, educational institutions, NGOs, and entrepreneurs.<\/p>\n\n\n\n<p>Social inclusion of women who stay at home with their pre-school-age children, do not work, and belong to Latvia\u2019s and Estonia\u2019s largest ethnic minorities has improved significantly &nbsp;as a result of project activities. Communities in the cross-border region grew more resilient, stronger, and cohesive.<\/p>\n\n\n\n<p>Surveys carried out in the framework of \u201cActiveMoms\u201d:<\/p>\n\n\n\n<p>In English<\/p>\n\n\n\n<p><a href=\"https:\/\/www.tktk.ee\/wp-content\/uploads\/2022\/08\/ActiveMoms_Report_1_ENG.pdf\">Survey on experiences of women entrepreneurs<\/a><\/p>\n\n\n\n<p><a href=\"https:\/\/www.tktk.ee\/wp-content\/uploads\/2022\/08\/ActiveMoms_Report_2_ENG.pdf\">Survey of mothers who stay at home with their pre-school-age children, do not participate in labour market and belong to Latvia\u2019s and Estonia\u2019s largest ethnic minorities<\/a><\/p>\n\n\n\n<p>In Estonian<\/p>\n\n\n\n<p><a href=\"https:\/\/www.tktk.ee\/wp-content\/uploads\/2022\/08\/ActiveMoms_Report_1_EE.pdf\">Naisettev\u00f5tjate kogemuste uuring<\/a><\/p>\n\n\n\n<p><a href=\"https:\/\/www.tktk.ee\/wp-content\/uploads\/2022\/08\/ActiveMoms_Report_2_EE.pdf\">Uuring emadest, kes on eelkooliealiste lastega kodus, ei osale t\u00f6\u00f6turul ning kuuluvad L\u00e4ti ja Eesti suurimatesse etnilistesse v\u00e4hemustesse<\/a><\/p>\n\n\n\n<p><\/p>\n","protected":false},"excerpt":{"rendered":"<p>Active Moms- Social inclusion of women staying at home with their pre-school children through employment, entrepreneurship, networking and volunteering in Latvia and Estonia (2019\u20132021) Duration 01.08.2019 \u2013 31.12.2021 Project budget is 239 574.00 EUR; co-financing of the European Regional Development Fund (ERDF) is 189 263.46 EUR.The project aims to create a universal model for the [&hellip;]<\/p>\n","protected":false},"author":19,"featured_media":0,"parent":13505,"menu_order":0,"comment_status":"closed","ping_status":"closed","template":"","meta":{"_acf_changed":false,"inline_featured_image":false,"footnotes":""},"h_menuu_susteem":[442],"class_list":["post-20702","page","type-page","status-publish","hentry","h_menuu_susteem-kuvab-naaberlehti-en"],"acf":[],"yoast_head":"<!-- This site is optimized with the Yoast SEO plugin v27.5 - https:\/\/yoast.com\/product\/yoast-seo-wordpress\/ -->\n<title>ActiveMoms - Tallinna Tehnikak\u00f5rgkool<\/title>\n<meta name=\"robots\" content=\"index, follow, max-snippet:-1, max-image-preview:large, max-video-preview:-1\" \/>\n<link rel=\"canonical\" href=\"https:\/\/www.tktk.ee\/en\/collaboration\/international-projects\/moms\/\" \/>\n<meta property=\"og:locale\" content=\"en_US\" \/>\n<meta property=\"og:type\" content=\"article\" \/>\n<meta property=\"og:title\" content=\"ActiveMoms - Tallinna Tehnikak\u00f5rgkool\" \/>\n<meta property=\"og:description\" content=\"Active Moms- Social inclusion of women staying at home with their pre-school children through employment, entrepreneurship, networking and volunteering in Latvia and Estonia (2019\u20132021) Duration 01.08.2019 \u2013 31.12.2021 Project budget is 239 574.00 EUR; co-financing of the European Regional Development Fund (ERDF) is 189 263.46 EUR.The project aims to create a universal model for the [&hellip;]\" \/>\n<meta property=\"og:url\" content=\"https:\/\/www.tktk.ee\/en\/collaboration\/international-projects\/moms\/\" \/>\n<meta property=\"og:site_name\" content=\"Tallinna Tehnikak\u00f5rgkool\" \/>\n<meta property=\"article:modified_time\" content=\"2022-08-26T06:58:03+00:00\" \/>\n<meta property=\"og:image\" content=\"https:\/\/www.tktk.ee\/wp-content\/uploads\/2022\/03\/CB-logo-RGB-300x91-1.jpg\" \/>\n<meta name=\"twitter:card\" content=\"summary_large_image\" \/>\n<meta name=\"twitter:label1\" content=\"Est. reading time\" \/>\n\t<meta name=\"twitter:data1\" content=\"3 minutes\" \/>\n<script type=\"application\/ld+json\" class=\"yoast-schema-graph\">{\"@context\":\"https:\\\/\\\/schema.org\",\"@graph\":[{\"@type\":\"WebPage\",\"@id\":\"https:\\\/\\\/www.tktk.ee\\\/en\\\/collaboration\\\/international-projects\\\/moms\\\/\",\"url\":\"https:\\\/\\\/www.tktk.ee\\\/en\\\/collaboration\\\/international-projects\\\/moms\\\/\",\"name\":\"ActiveMoms - Tallinna Tehnikak\u00f5rgkool\",\"isPartOf\":{\"@id\":\"https:\\\/\\\/www.tktk.ee\\\/en\\\/#website\"},\"primaryImageOfPage\":{\"@id\":\"https:\\\/\\\/www.tktk.ee\\\/en\\\/collaboration\\\/international-projects\\\/moms\\\/#primaryimage\"},\"image\":{\"@id\":\"https:\\\/\\\/www.tktk.ee\\\/en\\\/collaboration\\\/international-projects\\\/moms\\\/#primaryimage\"},\"thumbnailUrl\":\"https:\\\/\\\/www.tktk.ee\\\/wp-content\\\/uploads\\\/2022\\\/03\\\/CB-logo-RGB-300x91-1.jpg\",\"datePublished\":\"2022-08-21T09:16:00+00:00\",\"dateModified\":\"2022-08-26T06:58:03+00:00\",\"breadcrumb\":{\"@id\":\"https:\\\/\\\/www.tktk.ee\\\/en\\\/collaboration\\\/international-projects\\\/moms\\\/#breadcrumb\"},\"inLanguage\":\"en-US\",\"potentialAction\":[{\"@type\":\"ReadAction\",\"target\":[\"https:\\\/\\\/www.tktk.ee\\\/en\\\/collaboration\\\/international-projects\\\/moms\\\/\"]}]},{\"@type\":\"ImageObject\",\"inLanguage\":\"en-US\",\"@id\":\"https:\\\/\\\/www.tktk.ee\\\/en\\\/collaboration\\\/international-projects\\\/moms\\\/#primaryimage\",\"url\":\"https:\\\/\\\/www.tktk.ee\\\/wp-content\\\/uploads\\\/2022\\\/03\\\/CB-logo-RGB-300x91-1.jpg\",\"contentUrl\":\"https:\\\/\\\/www.tktk.ee\\\/wp-content\\\/uploads\\\/2022\\\/03\\\/CB-logo-RGB-300x91-1.jpg\"},{\"@type\":\"BreadcrumbList\",\"@id\":\"https:\\\/\\\/www.tktk.ee\\\/en\\\/collaboration\\\/international-projects\\\/moms\\\/#breadcrumb\",\"itemListElement\":[{\"@type\":\"ListItem\",\"position\":1,\"name\":\"Front-page\",\"item\":\"https:\\\/\\\/www.tktk.ee\\\/en\\\/\"},{\"@type\":\"ListItem\",\"position\":2,\"name\":\"Collaboration\",\"item\":\"https:\\\/\\\/www.tktk.ee\\\/en\\\/collaboration\\\/?lang=en\"},{\"@type\":\"ListItem\",\"position\":3,\"name\":\"International Projects\",\"item\":\"https:\\\/\\\/www.tktk.ee\\\/en\\\/collaboration\\\/international-projects\\\/\"},{\"@type\":\"ListItem\",\"position\":4,\"name\":\"ActiveMoms\"}]},{\"@type\":\"WebSite\",\"@id\":\"https:\\\/\\\/www.tktk.ee\\\/en\\\/#website\",\"url\":\"https:\\\/\\\/www.tktk.ee\\\/en\\\/\",\"name\":\"Tallinna Tehnikak\u00f5rgkool\",\"description\":\"\",\"publisher\":{\"@id\":\"https:\\\/\\\/www.tktk.ee\\\/en\\\/#organization\"},\"alternateName\":\"TTK\",\"potentialAction\":[{\"@type\":\"SearchAction\",\"target\":{\"@type\":\"EntryPoint\",\"urlTemplate\":\"https:\\\/\\\/www.tktk.ee\\\/en\\\/?s={search_term_string}\"},\"query-input\":{\"@type\":\"PropertyValueSpecification\",\"valueRequired\":true,\"valueName\":\"search_term_string\"}}],\"inLanguage\":\"en-US\"},{\"@type\":\"Organization\",\"@id\":\"https:\\\/\\\/www.tktk.ee\\\/en\\\/#organization\",\"name\":\"Tallinna Tehnikak\u00f5rgkool\",\"url\":\"https:\\\/\\\/www.tktk.ee\\\/en\\\/\",\"logo\":{\"@type\":\"ImageObject\",\"inLanguage\":\"en-US\",\"@id\":\"https:\\\/\\\/www.tktk.ee\\\/en\\\/#\\\/schema\\\/logo\\\/image\\\/\",\"url\":\"https:\\\/\\\/www.tktk.ee\\\/wp-content\\\/uploads\\\/2021\\\/12\\\/ttk_logo_originaal_UKR-2.svg\",\"contentUrl\":\"https:\\\/\\\/www.tktk.ee\\\/wp-content\\\/uploads\\\/2021\\\/12\\\/ttk_logo_originaal_UKR-2.svg\",\"caption\":\"Tallinna Tehnikak\u00f5rgkool\"},\"image\":{\"@id\":\"https:\\\/\\\/www.tktk.ee\\\/en\\\/#\\\/schema\\\/logo\\\/image\\\/\"}}]}<\/script>\n<!-- \/ Yoast SEO plugin. -->","yoast_head_json":{"title":"ActiveMoms - Tallinna Tehnikak\u00f5rgkool","robots":{"index":"index","follow":"follow","max-snippet":"max-snippet:-1","max-image-preview":"max-image-preview:large","max-video-preview":"max-video-preview:-1"},"canonical":"https:\/\/www.tktk.ee\/en\/collaboration\/international-projects\/moms\/","og_locale":"en_US","og_type":"article","og_title":"ActiveMoms - Tallinna Tehnikak\u00f5rgkool","og_description":"Active Moms- Social inclusion of women staying at home with their pre-school children through employment, entrepreneurship, networking and volunteering in Latvia and Estonia (2019\u20132021) Duration 01.08.2019 \u2013 31.12.2021 Project budget is 239 574.00 EUR; co-financing of the European Regional Development Fund (ERDF) is 189 263.46 EUR.The project aims to create a universal model for the [&hellip;]","og_url":"https:\/\/www.tktk.ee\/en\/collaboration\/international-projects\/moms\/","og_site_name":"Tallinna Tehnikak\u00f5rgkool","article_modified_time":"2022-08-26T06:58:03+00:00","og_image":[{"url":"https:\/\/www.tktk.ee\/wp-content\/uploads\/2022\/03\/CB-logo-RGB-300x91-1.jpg","type":"","width":"","height":""}],"twitter_card":"summary_large_image","twitter_misc":{"Est. reading time":"3 minutes"},"schema":{"@context":"https:\/\/schema.org","@graph":[{"@type":"WebPage","@id":"https:\/\/www.tktk.ee\/en\/collaboration\/international-projects\/moms\/","url":"https:\/\/www.tktk.ee\/en\/collaboration\/international-projects\/moms\/","name":"ActiveMoms - Tallinna Tehnikak\u00f5rgkool","isPartOf":{"@id":"https:\/\/www.tktk.ee\/en\/#website"},"primaryImageOfPage":{"@id":"https:\/\/www.tktk.ee\/en\/collaboration\/international-projects\/moms\/#primaryimage"},"image":{"@id":"https:\/\/www.tktk.ee\/en\/collaboration\/international-projects\/moms\/#primaryimage"},"thumbnailUrl":"https:\/\/www.tktk.ee\/wp-content\/uploads\/2022\/03\/CB-logo-RGB-300x91-1.jpg","datePublished":"2022-08-21T09:16:00+00:00","dateModified":"2022-08-26T06:58:03+00:00","breadcrumb":{"@id":"https:\/\/www.tktk.ee\/en\/collaboration\/international-projects\/moms\/#breadcrumb"},"inLanguage":"en-US","potentialAction":[{"@type":"ReadAction","target":["https:\/\/www.tktk.ee\/en\/collaboration\/international-projects\/moms\/"]}]},{"@type":"ImageObject","inLanguage":"en-US","@id":"https:\/\/www.tktk.ee\/en\/collaboration\/international-projects\/moms\/#primaryimage","url":"https:\/\/www.tktk.ee\/wp-content\/uploads\/2022\/03\/CB-logo-RGB-300x91-1.jpg","contentUrl":"https:\/\/www.tktk.ee\/wp-content\/uploads\/2022\/03\/CB-logo-RGB-300x91-1.jpg"},{"@type":"BreadcrumbList","@id":"https:\/\/www.tktk.ee\/en\/collaboration\/international-projects\/moms\/#breadcrumb","itemListElement":[{"@type":"ListItem","position":1,"name":"Front-page","item":"https:\/\/www.tktk.ee\/en\/"},{"@type":"ListItem","position":2,"name":"Collaboration","item":"https:\/\/www.tktk.ee\/en\/collaboration\/?lang=en"},{"@type":"ListItem","position":3,"name":"International Projects","item":"https:\/\/www.tktk.ee\/en\/collaboration\/international-projects\/"},{"@type":"ListItem","position":4,"name":"ActiveMoms"}]},{"@type":"WebSite","@id":"https:\/\/www.tktk.ee\/en\/#website","url":"https:\/\/www.tktk.ee\/en\/","name":"Tallinna Tehnikak\u00f5rgkool","description":"","publisher":{"@id":"https:\/\/www.tktk.ee\/en\/#organization"},"alternateName":"TTK","potentialAction":[{"@type":"SearchAction","target":{"@type":"EntryPoint","urlTemplate":"https:\/\/www.tktk.ee\/en\/?s={search_term_string}"},"query-input":{"@type":"PropertyValueSpecification","valueRequired":true,"valueName":"search_term_string"}}],"inLanguage":"en-US"},{"@type":"Organization","@id":"https:\/\/www.tktk.ee\/en\/#organization","name":"Tallinna Tehnikak\u00f5rgkool","url":"https:\/\/www.tktk.ee\/en\/","logo":{"@type":"ImageObject","inLanguage":"en-US","@id":"https:\/\/www.tktk.ee\/en\/#\/schema\/logo\/image\/","url":"https:\/\/www.tktk.ee\/wp-content\/uploads\/2021\/12\/ttk_logo_originaal_UKR-2.svg","contentUrl":"https:\/\/www.tktk.ee\/wp-content\/uploads\/2021\/12\/ttk_logo_originaal_UKR-2.svg","caption":"Tallinna Tehnikak\u00f5rgkool"},"image":{"@id":"https:\/\/www.tktk.ee\/en\/#\/schema\/logo\/image\/"}}]}},"_links":{"self":[{"href":"https:\/\/www.tktk.ee\/en\/wp-json\/wp\/v2\/pages\/20702","targetHints":{"allow":["GET"]}}],"collection":[{"href":"https:\/\/www.tktk.ee\/en\/wp-json\/wp\/v2\/pages"}],"about":[{"href":"https:\/\/www.tktk.ee\/en\/wp-json\/wp\/v2\/types\/page"}],"author":[{"embeddable":true,"href":"https:\/\/www.tktk.ee\/en\/wp-json\/wp\/v2\/users\/19"}],"replies":[{"embeddable":true,"href":"https:\/\/www.tktk.ee\/en\/wp-json\/wp\/v2\/comments?post=20702"}],"version-history":[{"count":3,"href":"https:\/\/www.tktk.ee\/en\/wp-json\/wp\/v2\/pages\/20702\/revisions"}],"predecessor-version":[{"id":50113,"href":"https:\/\/www.tktk.ee\/en\/wp-json\/wp\/v2\/pages\/20702\/revisions\/50113"}],"up":[{"embeddable":true,"href":"https:\/\/www.tktk.ee\/en\/wp-json\/wp\/v2\/pages\/13505"}],"wp:attachment":[{"href":"https:\/\/www.tktk.ee\/en\/wp-json\/wp\/v2\/media?parent=20702"}],"wp:term":[{"taxonomy":"h_menuu_susteem","embeddable":true,"href":"https:\/\/www.tktk.ee\/en\/wp-json\/wp\/v2\/h_menuu_susteem?post=20702"}],"curies":[{"name":"wp","href":"https:\/\/api.w.org\/{rel}","templated":true}]}}