{"id":23078,"date":"2022-11-29T11:45:38","date_gmt":"2022-11-29T09:45:38","guid":{"rendered":"https:\/\/www.tktk.ee\/?page_id=23078"},"modified":"2026-02-26T23:33:00","modified_gmt":"2026-02-26T21:33:00","slug":"ttk-university-of-applied-sciences","status":"publish","type":"page","link":"https:\/\/www.tktk.ee\/en\/about-us\/ttk-university-of-applied-sciences\/","title":{"rendered":"TTK University of Applied Sciences"},"content":{"rendered":"\n<p>TTK University of Applied Sciences (TTK UAS) is a state professional higher education institution, offering competitive professional higher education and applied research in the fields of technology, production, civil engineering, logistics, economics, and welfare.&nbsp;TTK UAS is the largest university of applied sciences in Estonia, currently educating about 3000 students which makes TTK UAS the fourth largest higher education institution in Estonia.<\/p>\n\n\n\n<p>TTK UAS offers 20 professional higher education&nbsp;<a href=\"https:\/\/www.tktk.ee\/studies\/bachelor-studies-in-estonian\/?lang=en\" target=\"_blank\" rel=\"noreferrer noopener\">study programmes<\/a>&nbsp;on the bachelor level in daily and block model formats in six&nbsp;<a href=\"https:\/\/www.tktk.ee\/about-us\/insitutes-and-centres\/?lang=en\" target=\"_blank\" rel=\"noreferrer noopener\">institutes<\/a>. The language of instruction is Estonian and the study programmes include logistics and transport, environmental economy and technology, robotics, automotive engineering, mechanics, electrical engineering, civil engineering, and architecture, etc.&nbsp;<a href=\"https:\/\/www.tktk.ee\/studies\/exchange-studies\/?lang=en\" target=\"_blank\" rel=\"noreferrer noopener\">Study module<\/a>&nbsp;in English is available for Erasmus+ exchange students from TTK UAS\u2019 partner universities.<\/p>\n\n\n\n<p>Since the fall of 2019, TTK UAS has operated in two locations, in Tallinn and in M\u00f5driku in L\u00e4\u00e4ne-Viru County following a merger with the former L\u00e4\u00e4ne-Viru College which now forms the Institute of Service Economy of TTK UAS. The addition of the institute broadened the educational offer to the fields of business administration, information management, and social work.<\/p>\n\n\n\n<p>TTK UAS offers applied research, training, and consultation services to enterprises and public sector. Cooperation with enterprises contributes to understanding better the labour market and being more attractive to both degree students and life-long learners. TTK UAS takes into account the changed profile of learners in today\u2019s society and combines distance learning with traditional classroom training.<\/p>\n\n\n\n<p>TTK University of Applied Sciences is a member of&nbsp;the <a href=\"https:\/\/www.rkrn.ee\/en\/meist\/\" target=\"_blank\" rel=\"noreferrer noopener\">Estonian Rectors\u2019 Conference of Universities of Applied Sciences<\/a>&nbsp;(RCUAS) and contributes actively to high-level international networks&nbsp;<a href=\"https:\/\/www.eurashe.eu\/\" target=\"_blank\" rel=\"noreferrer noopener\">EURASHE<\/a>&nbsp;(European Association of Institutions in Higher Education) and&nbsp;<a href=\"https:\/\/uas4europe.eu\/\" target=\"_blank\" rel=\"noreferrer noopener\">UAS4EUROPE<\/a>&nbsp;(Universities of Applied Sciences for Europe). <\/p>\n\n\n\n<p>TTK UAS also belongs to the <a href=\"https:\/\/eu-artemis.eu\/\" type=\"link\" id=\"https:\/\/eu-artemis.eu\/\" target=\"_blank\" rel=\"noreferrer noopener\">ARTEMIS Alliance of European universities<\/a> that aims to develop and implement deep, long-term, systemic and sustainable institutional cooperation between eight interdisciplinary Higher Education Institutions.<\/p>\n\n\n\n<p>In addition, TTK University of Applied Sciences is a member of <a href=\"https:\/\/pact-for-skills.ec.europa.eu\/index_en\" type=\"link\" id=\"https:\/\/pact-for-skills.ec.europa.eu\/index_en\" target=\"_blank\" rel=\"noreferrer noopener\">Pact for Skills<\/a>, a flagship actions of the European Skills Agenda, aiming to support public and private organisations with upskilling and reskilling, so they can thrive through green and digital transitions.<\/p>\n\n\n\n<div class=\"wp-block-aab-accordion-block aab__accordion_container\" style=\"border-top:1px solid #cccccc;border-bottom:1px solid #cccccc;border-left:1px solid #cccccc;border-right:1px solid #cccccc;margin-top:0px;margin-bottom:15px;border-radius:0px\"><div class=\"aab__accordion_head aab_right_icon\" data-active=\"false\" style=\"color:#333333;background-color:transparent;padding:10px 15px 10px 15px\"><div class=\"aab__accordion_heading aab_right_icon\"><h4 style=\"margin:0;color:#333333\">Vision<\/h4><\/div><div class=\"aab__accordion_icon\" style=\"color:#333333;background-color:transparent\"><span class=\"dashicons dashicons-plus-alt2\"><\/span><\/div><\/div><div class=\"aab__accordion_body \" role=\"region\" style=\"background-color:transparent;border-top:1px solid #cccccc;padding:10px 15px 10px 15px\">\n<p>TTK University of Applied Sciences is internationally renowned higher education institution. We are committed to top-level learning and applied research.<\/p>\n<\/div><\/div>\n\n\n\n<div class=\"wp-block-aab-accordion-block aab__accordion_container\" style=\"border-top:1px solid #cccccc;border-bottom:1px solid #cccccc;border-left:1px solid #cccccc;border-right:1px solid #cccccc;margin-top:0px;margin-bottom:15px;border-radius:0px\"><div class=\"aab__accordion_head aab_right_icon\" data-active=\"false\" style=\"color:#333333;background-color:transparent;padding:10px 15px 10px 15px\"><div class=\"aab__accordion_heading aab_right_icon\"><h4 style=\"margin:0;color:#333333\">Mission<\/h4><\/div><div class=\"aab__accordion_icon\" style=\"color:#333333;background-color:transparent\"><span class=\"dashicons dashicons-plus-alt2\"><\/span><\/div><\/div><div class=\"aab__accordion_body \" role=\"region\" style=\"background-color:transparent;border-top:1px solid #cccccc;padding:10px 15px 10px 15px\">\n<p>As a leader in professional higher education, we help to design a learning path suitable for the learner. We are a reliable partner for the private and public sectors.<\/p>\n<\/div><\/div>\n\n\n\n<div class=\"wp-block-aab-accordion-block aab__accordion_container\" style=\"border-top:1px solid #cccccc;border-bottom:1px solid #cccccc;border-left:1px solid #cccccc;border-right:1px solid #cccccc;margin-top:0px;margin-bottom:15px;border-radius:0px\"><div class=\"aab__accordion_head aab_right_icon\" data-active=\"false\" style=\"color:#333333;background-color:transparent;padding:10px 15px 10px 15px\"><div class=\"aab__accordion_heading aab_right_icon\"><h4 style=\"margin:0;color:#333333\">Core values<\/h4><\/div><div class=\"aab__accordion_icon\" style=\"color:#333333;background-color:transparent\"><span class=\"dashicons dashicons-plus-alt2\"><\/span><\/div><\/div><div class=\"aab__accordion_body \" role=\"region\" style=\"background-color:transparent;border-top:1px solid #cccccc;padding:10px 15px 10px 15px\">\n<p>\u2022 people-focused approach<br>\u2022 responsibility<br>\u2022 entrepreneurship<\/p>\n<\/div><\/div>\n\n\n\n<p>Our&nbsp;staff and students value the motto of TTK UAS:&nbsp;<strong><em>Usus est Magister Optimus!<\/em><\/strong>&nbsp;\u2013&nbsp;<strong>Practice is the Best Teacher!<\/strong><\/p>\n","protected":false},"excerpt":{"rendered":"<p>TTK University of Applied Sciences (TTK UAS) is a state professional higher education institution, offering competitive professional higher education and applied research in the fields of technology, production, civil engineering, logistics, economics, and welfare.&nbsp;TTK UAS is the largest university of applied sciences in Estonia, currently educating about 3000 students which makes TTK UAS the fourth [&hellip;]<\/p>\n","protected":false},"author":16,"featured_media":0,"parent":13590,"menu_order":1,"comment_status":"closed","ping_status":"closed","template":"","meta":{"_acf_changed":false,"inline_featured_image":false,"footnotes":""},"h_menuu_susteem":[],"class_list":["post-23078","page","type-page","status-publish","hentry"],"acf":[],"yoast_head":"<!-- This site is optimized with the Yoast SEO plugin v27.4 - https:\/\/yoast.com\/product\/yoast-seo-wordpress\/ -->\n<title>TTK University of Applied Sciences - Tallinna Tehnikak\u00f5rgkool<\/title>\n<meta name=\"robots\" content=\"index, follow, max-snippet:-1, max-image-preview:large, max-video-preview:-1\" \/>\n<link rel=\"canonical\" href=\"https:\/\/www.tktk.ee\/en\/about-us\/ttk-university-of-applied-sciences\/\" \/>\n<meta property=\"og:locale\" content=\"en_US\" \/>\n<meta property=\"og:type\" content=\"article\" \/>\n<meta property=\"og:title\" content=\"TTK University of Applied Sciences - Tallinna Tehnikak\u00f5rgkool\" \/>\n<meta property=\"og:description\" content=\"TTK University of Applied Sciences (TTK UAS) is a state professional higher education institution, offering competitive professional higher education and applied research in the fields of technology, production, civil engineering, logistics, economics, and welfare.&nbsp;TTK UAS is the largest university of applied sciences in Estonia, currently educating about 3000 students which makes TTK UAS the fourth [&hellip;]\" \/>\n<meta property=\"og:url\" content=\"https:\/\/www.tktk.ee\/en\/about-us\/ttk-university-of-applied-sciences\/\" \/>\n<meta property=\"og:site_name\" content=\"Tallinna Tehnikak\u00f5rgkool\" \/>\n<meta property=\"article:modified_time\" content=\"2026-02-26T21:33:00+00:00\" \/>\n<meta name=\"twitter:card\" content=\"summary_large_image\" \/>\n<meta name=\"twitter:label1\" content=\"Est. reading time\" \/>\n\t<meta name=\"twitter:data1\" content=\"2 minutes\" \/>\n<script type=\"application\/ld+json\" class=\"yoast-schema-graph\">{\"@context\":\"https:\\\/\\\/schema.org\",\"@graph\":[{\"@type\":\"WebPage\",\"@id\":\"https:\\\/\\\/www.tktk.ee\\\/en\\\/about-us\\\/ttk-university-of-applied-sciences\\\/\",\"url\":\"https:\\\/\\\/www.tktk.ee\\\/en\\\/about-us\\\/ttk-university-of-applied-sciences\\\/\",\"name\":\"TTK University of Applied Sciences - Tallinna Tehnikak\u00f5rgkool\",\"isPartOf\":{\"@id\":\"https:\\\/\\\/www.tktk.ee\\\/en\\\/#website\"},\"datePublished\":\"2022-11-29T09:45:38+00:00\",\"dateModified\":\"2026-02-26T21:33:00+00:00\",\"breadcrumb\":{\"@id\":\"https:\\\/\\\/www.tktk.ee\\\/en\\\/about-us\\\/ttk-university-of-applied-sciences\\\/#breadcrumb\"},\"inLanguage\":\"en-US\",\"potentialAction\":[{\"@type\":\"ReadAction\",\"target\":[\"https:\\\/\\\/www.tktk.ee\\\/en\\\/about-us\\\/ttk-university-of-applied-sciences\\\/\"]}]},{\"@type\":\"BreadcrumbList\",\"@id\":\"https:\\\/\\\/www.tktk.ee\\\/en\\\/about-us\\\/ttk-university-of-applied-sciences\\\/#breadcrumb\",\"itemListElement\":[{\"@type\":\"ListItem\",\"position\":1,\"name\":\"Front-page\",\"item\":\"https:\\\/\\\/www.tktk.ee\\\/en\\\/\"},{\"@type\":\"ListItem\",\"position\":2,\"name\":\"About us\",\"item\":\"https:\\\/\\\/www.tktk.ee\\\/en\\\/about-us\\\/?lang=en\"},{\"@type\":\"ListItem\",\"position\":3,\"name\":\"TTK University of Applied Sciences\"}]},{\"@type\":\"WebSite\",\"@id\":\"https:\\\/\\\/www.tktk.ee\\\/en\\\/#website\",\"url\":\"https:\\\/\\\/www.tktk.ee\\\/en\\\/\",\"name\":\"Tallinna Tehnikak\u00f5rgkool\",\"description\":\"\",\"publisher\":{\"@id\":\"https:\\\/\\\/www.tktk.ee\\\/en\\\/#organization\"},\"alternateName\":\"TTK\",\"potentialAction\":[{\"@type\":\"SearchAction\",\"target\":{\"@type\":\"EntryPoint\",\"urlTemplate\":\"https:\\\/\\\/www.tktk.ee\\\/en\\\/?s={search_term_string}\"},\"query-input\":{\"@type\":\"PropertyValueSpecification\",\"valueRequired\":true,\"valueName\":\"search_term_string\"}}],\"inLanguage\":\"en-US\"},{\"@type\":\"Organization\",\"@id\":\"https:\\\/\\\/www.tktk.ee\\\/en\\\/#organization\",\"name\":\"Tallinna Tehnikak\u00f5rgkool\",\"url\":\"https:\\\/\\\/www.tktk.ee\\\/en\\\/\",\"logo\":{\"@type\":\"ImageObject\",\"inLanguage\":\"en-US\",\"@id\":\"https:\\\/\\\/www.tktk.ee\\\/en\\\/#\\\/schema\\\/logo\\\/image\\\/\",\"url\":\"https:\\\/\\\/www.tktk.ee\\\/wp-content\\\/uploads\\\/2021\\\/12\\\/ttk_logo_originaal_UKR-2.svg\",\"contentUrl\":\"https:\\\/\\\/www.tktk.ee\\\/wp-content\\\/uploads\\\/2021\\\/12\\\/ttk_logo_originaal_UKR-2.svg\",\"caption\":\"Tallinna Tehnikak\u00f5rgkool\"},\"image\":{\"@id\":\"https:\\\/\\\/www.tktk.ee\\\/en\\\/#\\\/schema\\\/logo\\\/image\\\/\"}}]}<\/script>\n<!-- \/ Yoast SEO plugin. -->","yoast_head_json":{"title":"TTK University of Applied Sciences - Tallinna Tehnikak\u00f5rgkool","robots":{"index":"index","follow":"follow","max-snippet":"max-snippet:-1","max-image-preview":"max-image-preview:large","max-video-preview":"max-video-preview:-1"},"canonical":"https:\/\/www.tktk.ee\/en\/about-us\/ttk-university-of-applied-sciences\/","og_locale":"en_US","og_type":"article","og_title":"TTK University of Applied Sciences - Tallinna Tehnikak\u00f5rgkool","og_description":"TTK University of Applied Sciences (TTK UAS) is a state professional higher education institution, offering competitive professional higher education and applied research in the fields of technology, production, civil engineering, logistics, economics, and welfare.&nbsp;TTK UAS is the largest university of applied sciences in Estonia, currently educating about 3000 students which makes TTK UAS the fourth [&hellip;]","og_url":"https:\/\/www.tktk.ee\/en\/about-us\/ttk-university-of-applied-sciences\/","og_site_name":"Tallinna Tehnikak\u00f5rgkool","article_modified_time":"2026-02-26T21:33:00+00:00","twitter_card":"summary_large_image","twitter_misc":{"Est. reading time":"2 minutes"},"schema":{"@context":"https:\/\/schema.org","@graph":[{"@type":"WebPage","@id":"https:\/\/www.tktk.ee\/en\/about-us\/ttk-university-of-applied-sciences\/","url":"https:\/\/www.tktk.ee\/en\/about-us\/ttk-university-of-applied-sciences\/","name":"TTK University of Applied Sciences - Tallinna Tehnikak\u00f5rgkool","isPartOf":{"@id":"https:\/\/www.tktk.ee\/en\/#website"},"datePublished":"2022-11-29T09:45:38+00:00","dateModified":"2026-02-26T21:33:00+00:00","breadcrumb":{"@id":"https:\/\/www.tktk.ee\/en\/about-us\/ttk-university-of-applied-sciences\/#breadcrumb"},"inLanguage":"en-US","potentialAction":[{"@type":"ReadAction","target":["https:\/\/www.tktk.ee\/en\/about-us\/ttk-university-of-applied-sciences\/"]}]},{"@type":"BreadcrumbList","@id":"https:\/\/www.tktk.ee\/en\/about-us\/ttk-university-of-applied-sciences\/#breadcrumb","itemListElement":[{"@type":"ListItem","position":1,"name":"Front-page","item":"https:\/\/www.tktk.ee\/en\/"},{"@type":"ListItem","position":2,"name":"About us","item":"https:\/\/www.tktk.ee\/en\/about-us\/?lang=en"},{"@type":"ListItem","position":3,"name":"TTK University of Applied Sciences"}]},{"@type":"WebSite","@id":"https:\/\/www.tktk.ee\/en\/#website","url":"https:\/\/www.tktk.ee\/en\/","name":"Tallinna Tehnikak\u00f5rgkool","description":"","publisher":{"@id":"https:\/\/www.tktk.ee\/en\/#organization"},"alternateName":"TTK","potentialAction":[{"@type":"SearchAction","target":{"@type":"EntryPoint","urlTemplate":"https:\/\/www.tktk.ee\/en\/?s={search_term_string}"},"query-input":{"@type":"PropertyValueSpecification","valueRequired":true,"valueName":"search_term_string"}}],"inLanguage":"en-US"},{"@type":"Organization","@id":"https:\/\/www.tktk.ee\/en\/#organization","name":"Tallinna Tehnikak\u00f5rgkool","url":"https:\/\/www.tktk.ee\/en\/","logo":{"@type":"ImageObject","inLanguage":"en-US","@id":"https:\/\/www.tktk.ee\/en\/#\/schema\/logo\/image\/","url":"https:\/\/www.tktk.ee\/wp-content\/uploads\/2021\/12\/ttk_logo_originaal_UKR-2.svg","contentUrl":"https:\/\/www.tktk.ee\/wp-content\/uploads\/2021\/12\/ttk_logo_originaal_UKR-2.svg","caption":"Tallinna Tehnikak\u00f5rgkool"},"image":{"@id":"https:\/\/www.tktk.ee\/en\/#\/schema\/logo\/image\/"}}]}},"_links":{"self":[{"href":"https:\/\/www.tktk.ee\/en\/wp-json\/wp\/v2\/pages\/23078","targetHints":{"allow":["GET"]}}],"collection":[{"href":"https:\/\/www.tktk.ee\/en\/wp-json\/wp\/v2\/pages"}],"about":[{"href":"https:\/\/www.tktk.ee\/en\/wp-json\/wp\/v2\/types\/page"}],"author":[{"embeddable":true,"href":"https:\/\/www.tktk.ee\/en\/wp-json\/wp\/v2\/users\/16"}],"replies":[{"embeddable":true,"href":"https:\/\/www.tktk.ee\/en\/wp-json\/wp\/v2\/comments?post=23078"}],"version-history":[{"count":2,"href":"https:\/\/www.tktk.ee\/en\/wp-json\/wp\/v2\/pages\/23078\/revisions"}],"predecessor-version":[{"id":52163,"href":"https:\/\/www.tktk.ee\/en\/wp-json\/wp\/v2\/pages\/23078\/revisions\/52163"}],"up":[{"embeddable":true,"href":"https:\/\/www.tktk.ee\/en\/wp-json\/wp\/v2\/pages\/13590"}],"wp:attachment":[{"href":"https:\/\/www.tktk.ee\/en\/wp-json\/wp\/v2\/media?parent=23078"}],"wp:term":[{"taxonomy":"h_menuu_susteem","embeddable":true,"href":"https:\/\/www.tktk.ee\/en\/wp-json\/wp\/v2\/h_menuu_susteem?post=23078"}],"curies":[{"name":"wp","href":"https:\/\/api.w.org\/{rel}","templated":true}]}}