{"id":52827,"date":"2026-04-10T08:56:41","date_gmt":"2026-04-10T05:56:41","guid":{"rendered":"https:\/\/www.tktk.ee\/?page_id=52827"},"modified":"2026-04-10T09:37:34","modified_gmt":"2026-04-10T06:37:34","slug":"child-wellbeing-and-sensory-experience-laboratory","status":"publish","type":"page","link":"https:\/\/www.tktk.ee\/en\/research-and-innovation\/testing-and-laboratories\/institute-of-service-economy\/child-wellbeing-and-sensory-experience-laboratory\/","title":{"rendered":"Child Wellbeing and Sensory Experience Laboratory"},"content":{"rendered":"\n<p>The Child Wellbeing and Sensory Experience Laboratory is inspired by <em>Snoezelen<\/em> environments, offering a multisensory space where visitors can experience a variety of sensory stimuli designed to enhance concentration, environmental awareness, and body perception.<\/p>\n\n\n\n<p>The laboratory is equipped with a wide range of tools and technologies, including an aroma diffuser, fibre optic curtain, bubble wall, bubble tube, weighted blanket, light panel, sensory tent, illuminated blanket, an emotion-responsive robot, the Soundbeam music therapy system, metaphor cards, and more.<\/p>\n\n\n\n<hr class=\"wp-block-separator has-alpha-channel-opacity\"\/>\n\n\n\n<p>Discover how scents, music, and sound can positively influence mental and physical well-being. The Child Wellbeing and Sensory Experience Laboratory provides unique opportunities for relaxation and personal development and a space where everyone can find something inspiring and beneficial.<\/p>\n\n\n\n<p>Visitors are warmly invited to explore and experience the laboratory.<\/p>\n\n\n    <div class=\"nbl-contacts-container \">\n\t\t\t\t\t<div class=\"nbl-contact-card\">\n\t\t\t\t\t\t\t\t\t<div class=\"contact-visual contact-cards-upper-line nbl-card-layout-line\"><\/div>\n\t\t\t\t\t\t\t\t<div class=\"main\">\n\t\t\t\t\t\n\t\t\t\t\t<div class=\"col\">\n\t\t\t\t\t\t<span class=\"contacts-name\">Katrin Jaanim\u00e4gi<\/span>\n\t\t\t\t\t<\/div>\n\n\t\t\t\t\t<div class=\"col\">\n\t\t\t\t\t\t<span class=\"margin-bottom-after-occupation\">Laboratory Engineer<\/span>\t\t\t\t\t<\/div>\n\n\t\t\t\t\t<div class=\"col\">\n\t\t\t\t\t\t\t\t\t\t\t\t\t\t<span>\n\t\t\t\t\t\t\t\t\t<div class=\"i-wrap\">\n\t\t\t\t\t\t\t\t\t\t<img decoding=\"async\" src=\"\/wp-content\/uploads\/2022\/08\/Icon-ionic-md-mail-open.svg\" alt=\"Email\" aria-hidden=\"true\"\/>\n\t\t\t\t\t\t\t\t\t<\/div>\n\t\t\t\t\t\t\t\t\t<a href=\"mailto:katrin.jaanimagi@tktk.ee\">katrin.jaanimagi@tktk.ee<\/a>\n\t\t\t\t\t\t\t\t<\/span>\n\t\t\t\t\t\t\t\n\t\t\t\t\t\t\n\t\t\t\t\t\t\t\t\t\t\t\t\t<span>\n\t\t\t\t\t\t\t\t<div class=\"i-wrap\">\n\t\t\t\t\t\t\t\t\t<img decoding=\"async\" src=\"\/wp-content\/uploads\/2022\/08\/Icon-material-room.svg\" alt=\"Location\" aria-hidden=\"true\"\/>\n\t\t\t\t\t\t\t\t<\/div>\n\t\t\t\t\t\t\t\tMDR-G118; Tiigivahe tee 1, M\u00f5driku, L\u00e4\u00e4ne-Virumaa\t\t\t\t\t\t\t<\/span>\n\t\t\t\t\t\t\n\t\t\t\t\t\t\t\t\t\t\t<\/div>\n\t\t\t\t\t\n\t\t\t\t<\/div>\n\t\t\t\t\n\t\t\t<\/div>\n\t\t    <\/div>\n","protected":false},"excerpt":{"rendered":"<p>The Child Wellbeing and Sensory Experience Laboratory is inspired by Snoezelen environments, offering a multisensory space where visitors can experience a variety of sensory stimuli designed to enhance concentration, environmental awareness, and body perception. The laboratory is equipped with a wide range of tools and technologies, including an aroma diffuser, fibre optic curtain, bubble wall, [&hellip;]<\/p>\n","protected":false},"author":19,"featured_media":0,"parent":13420,"menu_order":0,"comment_status":"closed","ping_status":"closed","template":"","meta":{"_acf_changed":false,"inline_featured_image":false,"footnotes":""},"h_menuu_susteem":[],"class_list":["post-52827","page","type-page","status-publish","hentry"],"acf":[],"yoast_head":"<!-- This site is optimized with the Yoast SEO plugin v27.2 - https:\/\/yoast.com\/product\/yoast-seo-wordpress\/ -->\n<title>Child Wellbeing and Sensory Experience Laboratory - Tallinna Tehnikak\u00f5rgkool<\/title>\n<meta name=\"robots\" content=\"index, follow, max-snippet:-1, max-image-preview:large, max-video-preview:-1\" \/>\n<link rel=\"canonical\" href=\"https:\/\/www.tktk.ee\/en\/research-and-innovation\/testing-and-laboratories\/institute-of-service-economy\/child-wellbeing-and-sensory-experience-laboratory\/\" \/>\n<meta property=\"og:locale\" content=\"en_US\" \/>\n<meta property=\"og:type\" content=\"article\" \/>\n<meta property=\"og:title\" content=\"Child Wellbeing and Sensory Experience Laboratory - Tallinna Tehnikak\u00f5rgkool\" \/>\n<meta property=\"og:description\" content=\"The Child Wellbeing and Sensory Experience Laboratory is inspired by Snoezelen environments, offering a multisensory space where visitors can experience a variety of sensory stimuli designed to enhance concentration, environmental awareness, and body perception. The laboratory is equipped with a wide range of tools and technologies, including an aroma diffuser, fibre optic curtain, bubble wall, [&hellip;]\" \/>\n<meta property=\"og:url\" content=\"https:\/\/www.tktk.ee\/en\/research-and-innovation\/testing-and-laboratories\/institute-of-service-economy\/child-wellbeing-and-sensory-experience-laboratory\/\" \/>\n<meta property=\"og:site_name\" content=\"Tallinna Tehnikak\u00f5rgkool\" \/>\n<meta property=\"article:modified_time\" content=\"2026-04-10T06:37:34+00:00\" \/>\n<meta name=\"twitter:card\" content=\"summary_large_image\" \/>\n<meta name=\"twitter:label1\" content=\"Est. reading time\" \/>\n\t<meta name=\"twitter:data1\" content=\"1 minute\" \/>\n<script type=\"application\/ld+json\" class=\"yoast-schema-graph\">{\"@context\":\"https:\/\/schema.org\",\"@graph\":[{\"@type\":\"WebPage\",\"@id\":\"https:\/\/www.tktk.ee\/en\/research-and-innovation\/testing-and-laboratories\/institute-of-service-economy\/child-wellbeing-and-sensory-experience-laboratory\/\",\"url\":\"https:\/\/www.tktk.ee\/en\/research-and-innovation\/testing-and-laboratories\/institute-of-service-economy\/child-wellbeing-and-sensory-experience-laboratory\/\",\"name\":\"Child Wellbeing and Sensory Experience Laboratory - Tallinna Tehnikak\u00f5rgkool\",\"isPartOf\":{\"@id\":\"https:\/\/www.tktk.ee\/en\/#website\"},\"datePublished\":\"2026-04-10T05:56:41+00:00\",\"dateModified\":\"2026-04-10T06:37:34+00:00\",\"breadcrumb\":{\"@id\":\"https:\/\/www.tktk.ee\/en\/research-and-innovation\/testing-and-laboratories\/institute-of-service-economy\/child-wellbeing-and-sensory-experience-laboratory\/#breadcrumb\"},\"inLanguage\":\"en-US\",\"potentialAction\":[{\"@type\":\"ReadAction\",\"target\":[\"https:\/\/www.tktk.ee\/en\/research-and-innovation\/testing-and-laboratories\/institute-of-service-economy\/child-wellbeing-and-sensory-experience-laboratory\/\"]}]},{\"@type\":\"BreadcrumbList\",\"@id\":\"https:\/\/www.tktk.ee\/en\/research-and-innovation\/testing-and-laboratories\/institute-of-service-economy\/child-wellbeing-and-sensory-experience-laboratory\/#breadcrumb\",\"itemListElement\":[{\"@type\":\"ListItem\",\"position\":1,\"name\":\"Front-page\",\"item\":\"https:\/\/www.tktk.ee\/en\/\"},{\"@type\":\"ListItem\",\"position\":2,\"name\":\"Research and Innovation\",\"item\":\"https:\/\/www.tktk.ee\/en\/research-and-innovation\/?lang=en\"},{\"@type\":\"ListItem\",\"position\":3,\"name\":\"Testing and Laboratories\",\"item\":\"https:\/\/www.tktk.ee\/en\/research-and-innovation\/testing-and-laboratories\/\"},{\"@type\":\"ListItem\",\"position\":4,\"name\":\"Institute of Service Economy\",\"item\":\"https:\/\/www.tktk.ee\/en\/research-and-innovation\/testing-and-laboratories\/institute-of-service-economy\/\"},{\"@type\":\"ListItem\",\"position\":5,\"name\":\"Child Wellbeing and Sensory Experience Laboratory\"}]},{\"@type\":\"WebSite\",\"@id\":\"https:\/\/www.tktk.ee\/en\/#website\",\"url\":\"https:\/\/www.tktk.ee\/en\/\",\"name\":\"Tallinna Tehnikak\u00f5rgkool\",\"description\":\"\",\"publisher\":{\"@id\":\"https:\/\/www.tktk.ee\/en\/#organization\"},\"alternateName\":\"TTK\",\"potentialAction\":[{\"@type\":\"SearchAction\",\"target\":{\"@type\":\"EntryPoint\",\"urlTemplate\":\"https:\/\/www.tktk.ee\/en\/?s={search_term_string}\"},\"query-input\":{\"@type\":\"PropertyValueSpecification\",\"valueRequired\":true,\"valueName\":\"search_term_string\"}}],\"inLanguage\":\"en-US\"},{\"@type\":\"Organization\",\"@id\":\"https:\/\/www.tktk.ee\/en\/#organization\",\"name\":\"Tallinna Tehnikak\u00f5rgkool\",\"url\":\"https:\/\/www.tktk.ee\/en\/\",\"logo\":{\"@type\":\"ImageObject\",\"inLanguage\":\"en-US\",\"@id\":\"https:\/\/www.tktk.ee\/en\/#\/schema\/logo\/image\/\",\"url\":\"https:\/\/www.tktk.ee\/wp-content\/uploads\/2021\/12\/ttk_logo_originaal_UKR-2.svg\",\"contentUrl\":\"https:\/\/www.tktk.ee\/wp-content\/uploads\/2021\/12\/ttk_logo_originaal_UKR-2.svg\",\"caption\":\"Tallinna Tehnikak\u00f5rgkool\"},\"image\":{\"@id\":\"https:\/\/www.tktk.ee\/en\/#\/schema\/logo\/image\/\"}}]}<\/script>\n<!-- \/ Yoast SEO plugin. -->","yoast_head_json":{"title":"Child Wellbeing and Sensory Experience Laboratory - Tallinna Tehnikak\u00f5rgkool","robots":{"index":"index","follow":"follow","max-snippet":"max-snippet:-1","max-image-preview":"max-image-preview:large","max-video-preview":"max-video-preview:-1"},"canonical":"https:\/\/www.tktk.ee\/en\/research-and-innovation\/testing-and-laboratories\/institute-of-service-economy\/child-wellbeing-and-sensory-experience-laboratory\/","og_locale":"en_US","og_type":"article","og_title":"Child Wellbeing and Sensory Experience Laboratory - Tallinna Tehnikak\u00f5rgkool","og_description":"The Child Wellbeing and Sensory Experience Laboratory is inspired by Snoezelen environments, offering a multisensory space where visitors can experience a variety of sensory stimuli designed to enhance concentration, environmental awareness, and body perception. The laboratory is equipped with a wide range of tools and technologies, including an aroma diffuser, fibre optic curtain, bubble wall, [&hellip;]","og_url":"https:\/\/www.tktk.ee\/en\/research-and-innovation\/testing-and-laboratories\/institute-of-service-economy\/child-wellbeing-and-sensory-experience-laboratory\/","og_site_name":"Tallinna Tehnikak\u00f5rgkool","article_modified_time":"2026-04-10T06:37:34+00:00","twitter_card":"summary_large_image","twitter_misc":{"Est. reading time":"1 minute"},"schema":{"@context":"https:\/\/schema.org","@graph":[{"@type":"WebPage","@id":"https:\/\/www.tktk.ee\/en\/research-and-innovation\/testing-and-laboratories\/institute-of-service-economy\/child-wellbeing-and-sensory-experience-laboratory\/","url":"https:\/\/www.tktk.ee\/en\/research-and-innovation\/testing-and-laboratories\/institute-of-service-economy\/child-wellbeing-and-sensory-experience-laboratory\/","name":"Child Wellbeing and Sensory Experience Laboratory - Tallinna Tehnikak\u00f5rgkool","isPartOf":{"@id":"https:\/\/www.tktk.ee\/en\/#website"},"datePublished":"2026-04-10T05:56:41+00:00","dateModified":"2026-04-10T06:37:34+00:00","breadcrumb":{"@id":"https:\/\/www.tktk.ee\/en\/research-and-innovation\/testing-and-laboratories\/institute-of-service-economy\/child-wellbeing-and-sensory-experience-laboratory\/#breadcrumb"},"inLanguage":"en-US","potentialAction":[{"@type":"ReadAction","target":["https:\/\/www.tktk.ee\/en\/research-and-innovation\/testing-and-laboratories\/institute-of-service-economy\/child-wellbeing-and-sensory-experience-laboratory\/"]}]},{"@type":"BreadcrumbList","@id":"https:\/\/www.tktk.ee\/en\/research-and-innovation\/testing-and-laboratories\/institute-of-service-economy\/child-wellbeing-and-sensory-experience-laboratory\/#breadcrumb","itemListElement":[{"@type":"ListItem","position":1,"name":"Front-page","item":"https:\/\/www.tktk.ee\/en\/"},{"@type":"ListItem","position":2,"name":"Research and Innovation","item":"https:\/\/www.tktk.ee\/en\/research-and-innovation\/?lang=en"},{"@type":"ListItem","position":3,"name":"Testing and Laboratories","item":"https:\/\/www.tktk.ee\/en\/research-and-innovation\/testing-and-laboratories\/"},{"@type":"ListItem","position":4,"name":"Institute of Service Economy","item":"https:\/\/www.tktk.ee\/en\/research-and-innovation\/testing-and-laboratories\/institute-of-service-economy\/"},{"@type":"ListItem","position":5,"name":"Child Wellbeing and Sensory Experience Laboratory"}]},{"@type":"WebSite","@id":"https:\/\/www.tktk.ee\/en\/#website","url":"https:\/\/www.tktk.ee\/en\/","name":"Tallinna Tehnikak\u00f5rgkool","description":"","publisher":{"@id":"https:\/\/www.tktk.ee\/en\/#organization"},"alternateName":"TTK","potentialAction":[{"@type":"SearchAction","target":{"@type":"EntryPoint","urlTemplate":"https:\/\/www.tktk.ee\/en\/?s={search_term_string}"},"query-input":{"@type":"PropertyValueSpecification","valueRequired":true,"valueName":"search_term_string"}}],"inLanguage":"en-US"},{"@type":"Organization","@id":"https:\/\/www.tktk.ee\/en\/#organization","name":"Tallinna Tehnikak\u00f5rgkool","url":"https:\/\/www.tktk.ee\/en\/","logo":{"@type":"ImageObject","inLanguage":"en-US","@id":"https:\/\/www.tktk.ee\/en\/#\/schema\/logo\/image\/","url":"https:\/\/www.tktk.ee\/wp-content\/uploads\/2021\/12\/ttk_logo_originaal_UKR-2.svg","contentUrl":"https:\/\/www.tktk.ee\/wp-content\/uploads\/2021\/12\/ttk_logo_originaal_UKR-2.svg","caption":"Tallinna Tehnikak\u00f5rgkool"},"image":{"@id":"https:\/\/www.tktk.ee\/en\/#\/schema\/logo\/image\/"}}]}},"_links":{"self":[{"href":"https:\/\/www.tktk.ee\/en\/wp-json\/wp\/v2\/pages\/52827","targetHints":{"allow":["GET"]}}],"collection":[{"href":"https:\/\/www.tktk.ee\/en\/wp-json\/wp\/v2\/pages"}],"about":[{"href":"https:\/\/www.tktk.ee\/en\/wp-json\/wp\/v2\/types\/page"}],"author":[{"embeddable":true,"href":"https:\/\/www.tktk.ee\/en\/wp-json\/wp\/v2\/users\/19"}],"replies":[{"embeddable":true,"href":"https:\/\/www.tktk.ee\/en\/wp-json\/wp\/v2\/comments?post=52827"}],"version-history":[{"count":2,"href":"https:\/\/www.tktk.ee\/en\/wp-json\/wp\/v2\/pages\/52827\/revisions"}],"predecessor-version":[{"id":52839,"href":"https:\/\/www.tktk.ee\/en\/wp-json\/wp\/v2\/pages\/52827\/revisions\/52839"}],"up":[{"embeddable":true,"href":"https:\/\/www.tktk.ee\/en\/wp-json\/wp\/v2\/pages\/13420"}],"wp:attachment":[{"href":"https:\/\/www.tktk.ee\/en\/wp-json\/wp\/v2\/media?parent=52827"}],"wp:term":[{"taxonomy":"h_menuu_susteem","embeddable":true,"href":"https:\/\/www.tktk.ee\/en\/wp-json\/wp\/v2\/h_menuu_susteem?post=52827"}],"curies":[{"name":"wp","href":"https:\/\/api.w.org\/{rel}","templated":true}]}}